{"id":772772,"date":"2025-08-28T15:51:56","date_gmt":"2025-08-28T12:51:56","guid":{"rendered":"https:\/\/roveyayinevi.com.tr\/index.php\/urun\/volkan-konak-kuzeyde-bir-zamanlar\/"},"modified":"2026-03-12T03:36:54","modified_gmt":"2026-03-12T00:36:54","slug":"volkan-konak-kuzeyde-bir-zamanlar","status":"publish","type":"product","link":"https:\/\/roveyayinevi.com.tr\/index.php\/urun\/volkan-konak-kuzeyde-bir-zamanlar\/","title":{"rendered":"Volkan Konak &#8211; Kuzeyde Bir Zamanlar"},"content":{"rendered":"<p>Volkan Konak\u2019\u0131n hayat\u0131n\u0131 anlat\u0131rken, \u00e7evresindeki sosyo-ekonomik ve siyasi geli\u015fmeleri de irdeleyen bu biyografik eser, g\u00fcnahlar\u0131 ve sevaplar\u0131yla -aleni aleni- bir insan ve d\u00f6nem portresidir. Topluma mal olmu\u015f bir m\u00fczik ve sanat adam\u0131n\u0131n, \u00e7\u0131kt\u0131\u011f\u0131 co\u011frafyadan ulusal iklime entegre olu\u015funu anlat\u0131rken; ya\u015fad\u0131\u011f\u0131 geli\u015fimleri, de\u011fi\u015fimleri, d\u00f6n\u00fc\u015f\u00fcmleri merkezine al\u0131r, s\u00f6z\u00fcn\u00fc sak\u0131nmaz. Ayn\u0131 kitapta bahsi ge\u00e7en Volkan Konak gibi; s\u00f6yleyece\u011fi varsa s\u00f6yler, birileri incinir diye do\u011fru bildi\u011fini hayk\u0131rmaktan \u00e7ekinmez. Onun o k\u0131sa, onun o uzun ya\u015fam ser\u00fcveninde \u00fclkenin de\u011fi\u015fimsel bir foto\u011fraf\u0131n\u0131 objektif olarak \u00e7ekerken, gelece\u011fe k\u00fc\u00e7\u00fck de olsa h\u00fcmanist bir iz b\u0131rakmaya \u00e7al\u0131\u015f\u0131r. Bir zamanlar \u00f6yk\u00fcs\u00fcn\u00fc menevi\u015fli da\u011flar\u0131ndan, t\u00fcrk\u00fcs\u00fcn\u00fc Karadeniz\u2019in susmak ve durmak bilmeyen burga\u00e7l\u0131 dalgalar\u0131ndan alan bir \u00e7ocu\u011fun erkenci vedas\u0131n\u0131n h\u00fczn\u00fcyle dam\u0131t\u0131lm\u0131\u015f ve ona ula\u015famayacak olman\u0131n garip, yetim bir h\u00fczn\u00fcyle bitirilmi\u015f olsa da bu kitap; g\u00f6klerde yaln\u0131z bir kartal gibi olanlar\u0131n, elbet kargalar gibi s\u00fcr\u00fcyle u\u00e7up devleri yendi\u011fi bir hik\u00e2yeye muhakkak evrilir. <\/p>\n","protected":false},"excerpt":{"rendered":"<p>Volkan Konak\u2019\u0131n hayat\u0131n\u0131 anlat\u0131rken, \u00e7evresindeki sosyo-ekonomik ve siyasi geli\u015fmeleri de irdeleyen bu biyografik eser, g\u00fcnahlar\u0131 ve sevaplar\u0131yla -aleni aleni- bir insan ve d\u00f6nem portresidir. Topluma mal<span class=\"excerpt-hellip\"> [\u2026]<\/span><\/p>\n","protected":false},"featured_media":0,"template":"","meta":{"_monsterinsights_skip_tracking":false,"_monsterinsights_sitenote_active":false,"_monsterinsights_sitenote_note":"","_monsterinsights_sitenote_category":0},"product_brand":[],"product_cat":[14009,12291],"product_tag":[],"class_list":{"0":"post-772772","1":"product","2":"type-product","3":"status-publish","5":"product_cat-biyografi-otobiyografi-edebiyat","6":"product_cat-edebiyat","7":"pa_cilt-ciltsiz","8":"pa_tur-kitap","9":"pa_yayinevi-kirmizi-cati-yayinlari","10":"pa_yazar-ulas-t-kara","12":"first","13":"instock","14":"sale","15":"shipping-taxable","16":"purchasable","17":"product-type-simple"},"_links":{"self":[{"href":"https:\/\/roveyayinevi.com.tr\/index.php\/wp-json\/wp\/v2\/product\/772772","targetHints":{"allow":["GET"]}}],"collection":[{"href":"https:\/\/roveyayinevi.com.tr\/index.php\/wp-json\/wp\/v2\/product"}],"about":[{"href":"https:\/\/roveyayinevi.com.tr\/index.php\/wp-json\/wp\/v2\/types\/product"}],"wp:attachment":[{"href":"https:\/\/roveyayinevi.com.tr\/index.php\/wp-json\/wp\/v2\/media?parent=772772"}],"wp:term":[{"taxonomy":"product_brand","embeddable":true,"href":"https:\/\/roveyayinevi.com.tr\/index.php\/wp-json\/wp\/v2\/product_brand?post=772772"},{"taxonomy":"product_cat","embeddable":true,"href":"https:\/\/roveyayinevi.com.tr\/index.php\/wp-json\/wp\/v2\/product_cat?post=772772"},{"taxonomy":"product_tag","embeddable":true,"href":"https:\/\/roveyayinevi.com.tr\/index.php\/wp-json\/wp\/v2\/product_tag?post=772772"}],"curies":[{"name":"wp","href":"https:\/\/api.w.org\/{rel}","templated":true}]}}