{"id":772764,"date":"2025-08-28T15:51:37","date_gmt":"2025-08-28T12:51:37","guid":{"rendered":"https:\/\/roveyayinevi.com.tr\/index.php\/urun\/dijital-cocukluk\/"},"modified":"2025-11-21T11:53:59","modified_gmt":"2025-11-21T08:53:59","slug":"dijital-cocukluk","status":"publish","type":"product","link":"https:\/\/roveyayinevi.com.tr\/index.php\/urun\/dijital-cocukluk\/","title":{"rendered":"Dijital \u00c7ocukluk"},"content":{"rendered":"<p>Demokrasi demokrasi i\u00e7in ger\u00e7ekle\u015ftirilen m\u00fccadele, e\u015fitlik ise kendisi hakk\u0131ndaki anla\u015fmazl\u0131klara kar\u015f\u0131 e\u015fitli\u011fin aray\u0131\u015f\u0131d\u0131r Ranci\u00e8re\u2019e g\u00f6re. E\u015fitli\u011fin performans\u0131, e\u015fitlik\u00e7i bir diyalo\u011fa girmeyi sa\u011flaman\u0131n \u00f6tesinde \u00f6zg\u00fcrle\u015fme s\u00fcrecinin ta kendisidir. Biz yeti\u015fkinler, \u00e7ocuklarla kurdu\u011fumuz her diyalog s\u0131ras\u0131nda aram\u0131zdaki mevcut farklar\u0131n \u00f6tesinde birlikte \u00f6zg\u00fcrle\u015fmenin yollar\u0131n\u0131 arayabiliriz. \u00c7ocuklar\u0131n deneyim eksikli\u011fine odaklan\u0131p onlar\u0131 k\u00fc\u00e7\u00fcmsemek yerine, \u00e7ocu\u011fun yetkin oldu\u011fu alanlar\u0131 tan\u0131yarak ve yeni jenerasyonlar\u0131n sosyal normlar\u0131 d\u00f6n\u00fc\u015ft\u00fcr\u00fcc\u00fc g\u00fcc\u00fcn\u00fc teslim ederek yeni bir sosyal e\u015fitlik anlay\u0131\u015f\u0131 geli\u015ftirmek m\u00fcmk\u00fcn. \u00c7ocuk ile yeti\u015fkin aras\u0131ndaki tahakk\u00fcm ili\u015fkisinde bask\u0131n taraf\u0131n h\u00fckmetme hakk\u0131n\u0131 almas\u0131 i\u00e7in \u201cdaha \u00f6nce do\u011fmu\u015f\u201d olmas\u0131 yeterlidir. Ya\u015f ya da ku\u015fak, toplumdaki kar\u015f\u0131l\u0131kl\u0131 ili\u015fkilerimizdeki bile\u015fenlerden sadece birisi olmas\u0131na ra\u011fmen, e\u015fitsizlik kurgusunu do\u011frudan yaratan fakt\u00f6rlerin ba\u015f\u0131nda gelir. Okullarda \u00f6\u011fretmenin, evlerde ise ebeveynlerin diyalog kurmak yerine a\u00e7\u0131klamak e\u011filimi nadiren sorgulan\u0131r. Halbuki bu a\u00e7\u0131klay\u0131c\u0131l\u0131k, \u00e7ocuk zekas\u0131n\u0131 k\u00fc\u00e7\u00fcmsemek ve b\u00f6ylece bask\u0131c\u0131 iktidar ili\u015fkisini yaratmakla e\u015fde\u011ferdir. A\u00e7\u0131klamaya dayal\u0131 her t\u00fcrl\u00fc uygulamay\u0131 reddederek \u00f6zg\u00fcrle\u015ftirici bir e\u011fitimin olana\u011f\u0131n\u0131 ara\u015ft\u0131rmak ise, \u201cpedagojik \u00f6zne\u201d olarak \u00e7ocu\u011fun in\u015fas\u0131 anlam\u0131na gelmektedir. Dijital \u00c7ocukluk kitab\u0131m\u0131z t\u00fcm bu in\u015fa s\u00fcrecinde bir tu\u011fla olma gayretidir.<\/p>\n","protected":false},"excerpt":{"rendered":"<p>Demokrasi demokrasi i\u00e7in ger\u00e7ekle\u015ftirilen m\u00fccadele, e\u015fitlik ise kendisi hakk\u0131ndaki anla\u015fmazl\u0131klara kar\u015f\u0131 e\u015fitli\u011fin aray\u0131\u015f\u0131d\u0131r Ranci\u00e8re\u2019e g\u00f6re. E\u015fitli\u011fin performans\u0131, e\u015fitlik\u00e7i bir diyalo\u011fa girmeyi sa\u011flaman\u0131n \u00f6tesinde \u00f6zg\u00fcrle\u015fme s\u00fcrecinin ta<span class=\"excerpt-hellip\"> [\u2026]<\/span><\/p>\n","protected":false},"featured_media":0,"template":"","meta":{"_monsterinsights_skip_tracking":false,"_monsterinsights_sitenote_active":false,"_monsterinsights_sitenote_note":"","_monsterinsights_sitenote_category":0},"product_brand":[],"product_cat":[12274,15842],"product_tag":[],"class_list":{"0":"post-772764","1":"product","2":"type-product","3":"status-publish","5":"product_cat-cocuk-ve-genclik-kitaplari","6":"product_cat-egitici-kitaplar","7":"pa_cilt-ciltsiz","8":"pa_tur-kitap","9":"pa_yayinevi-habitus-yayinlari","10":"pa_yazar-seran-demiral","12":"first","13":"instock","14":"sale","15":"shipping-taxable","16":"purchasable","17":"product-type-simple"},"_links":{"self":[{"href":"https:\/\/roveyayinevi.com.tr\/index.php\/wp-json\/wp\/v2\/product\/772764","targetHints":{"allow":["GET"]}}],"collection":[{"href":"https:\/\/roveyayinevi.com.tr\/index.php\/wp-json\/wp\/v2\/product"}],"about":[{"href":"https:\/\/roveyayinevi.com.tr\/index.php\/wp-json\/wp\/v2\/types\/product"}],"wp:attachment":[{"href":"https:\/\/roveyayinevi.com.tr\/index.php\/wp-json\/wp\/v2\/media?parent=772764"}],"wp:term":[{"taxonomy":"product_brand","embeddable":true,"href":"https:\/\/roveyayinevi.com.tr\/index.php\/wp-json\/wp\/v2\/product_brand?post=772764"},{"taxonomy":"product_cat","embeddable":true,"href":"https:\/\/roveyayinevi.com.tr\/index.php\/wp-json\/wp\/v2\/product_cat?post=772764"},{"taxonomy":"product_tag","embeddable":true,"href":"https:\/\/roveyayinevi.com.tr\/index.php\/wp-json\/wp\/v2\/product_tag?post=772764"}],"curies":[{"name":"wp","href":"https:\/\/api.w.org\/{rel}","templated":true}]}}