{"id":772763,"date":"2025-08-28T15:51:35","date_gmt":"2025-08-28T12:51:35","guid":{"rendered":"https:\/\/roveyayinevi.com.tr\/index.php\/urun\/zeki-ve-cevik\/"},"modified":"2026-04-15T03:38:56","modified_gmt":"2026-04-15T00:38:56","slug":"zeki-ve-cevik","status":"publish","type":"product","link":"https:\/\/roveyayinevi.com.tr\/index.php\/urun\/zeki-ve-cevik\/","title":{"rendered":"Zeki ve \u00c7evik"},"content":{"rendered":"<p>\u201cHakk\u0131 Ko\u015far\u2019\u0131n binlerce \u00f6\u011frencisi aras\u0131nda (\u2026) hocal\u0131k yapt\u0131\u011f\u0131 bir isim de, Uzakdo\u011fu sporlar\u0131n\u0131n beyazperdedeki bir numaral\u0131 y\u00fcz\u00fc, siyah ku\u015fak sahibi karateci C\u00fcneyt Ark\u0131n\u2019d\u0131. Hakk\u0131 Ko\u015far, Ark\u0131n\u2019la \u00e7al\u0131\u015f\u0131rken Ye\u015fil\u00e7am\u2019da baz\u0131 filmlerin (Tarkan filmindeki Wang Yu\u2019yu hat\u0131rlay\u0131n) d\u00f6v\u00fc\u015f sahnelerinde bile rol alm\u0131\u015ft\u0131.\u201d \u201cS\u0131r\u0131m gibi bir fizi\u011fe sahip \u0130smail Ogan\u2019\u0131 Antalya\u2019da izledi\u011fi bir ya\u011fl\u0131 g\u00fcre\u015f m\u00fcsabakas\u0131nda \u00e7ok be\u011fenen ama babas\u0131n\u0131 ikna edemeyen Ya\u015far Do\u011fu, Antalya valisinden yard\u0131m istedi. Valinin telefonuyla k\u00f6ye g\u00f6nderilen iki jandarmay\u0131 g\u00f6r\u00fcnce korkan baba Ogan, o\u011flunun g\u00fcre\u015f kamp\u0131na kat\u0131lmas\u0131na mecburen izin vermi\u015fti.\u201d Zeki ve \u00c7evik\u2019te \u015eevket Furkan Erbay, siyasal ve toplumsal arka plana da bakarak T\u00fcrkiye\u2019de sporun tarihini anlat\u0131yor ve bunu sadece \u201cneticeye\u201d de\u011fil \u201cHatice\u2019ye\u201d bakarak, sadece skorlarla de\u011fil, nice insan hik\u00e2yeleriyle harmanl\u0131yor. Kitap, her on y\u0131ll\u0131k dilimini bir spor bran\u015f\u0131na odaklanmaya vesile ediyor &#8211; \u00f6ncesiyle ve sonras\u0131yla devaml\u0131l\u0131klar\u0131 atlamadan: Cumhuriyet\u2019in ilk on y\u0131l\u0131n\u0131n merce\u011finde atletizm, 1930\u2019larda binicilik, 1940\u2019larda tenis, 1950\u2019lerde g\u00fcre\u015f, 1960\u2019larda bisiklet ve y\u00fczme, 1970\u2019lerde boks, 1980\u2019lerde Uzakdo\u011fu sporlar\u0131 ve halter, 1990\u2019larda basketbol, 2000\u2019lerde futbol, 2010\u2019larda voleybol var. Ve son olarak, \u00e7\u0131k\u0131\u015ftaki bran\u015flar: Ok\u00e7uluk, jimnastik, at\u0131c\u0131l\u0131k\u2026 \u201cSpor hayatt\u0131r, hayat\u0131 ciddiye al\u0131n\u201d \u015fiar\u0131n\u0131n hakk\u0131n\u0131 veren, lezzeti bir sosyal tarih\u2026<\/p>\n","protected":false},"excerpt":{"rendered":"<p>\u201cHakk\u0131 Ko\u015far\u2019\u0131n binlerce \u00f6\u011frencisi aras\u0131nda (\u2026) hocal\u0131k yapt\u0131\u011f\u0131 bir isim de, Uzakdo\u011fu sporlar\u0131n\u0131n beyazperdedeki bir numaral\u0131 y\u00fcz\u00fc, siyah ku\u015fak sahibi karateci C\u00fcneyt Ark\u0131n\u2019d\u0131. Hakk\u0131 Ko\u015far, Ark\u0131n\u2019la<span class=\"excerpt-hellip\"> [\u2026]<\/span><\/p>\n","protected":false},"featured_media":0,"template":"","meta":{"_monsterinsights_skip_tracking":false,"_monsterinsights_sitenote_active":false,"_monsterinsights_sitenote_note":"","_monsterinsights_sitenote_category":0},"product_brand":[],"product_cat":[15563,15564],"product_tag":[],"class_list":{"0":"post-772763","1":"product","2":"type-product","3":"status-publish","5":"product_cat-hobi","6":"product_cat-spor","7":"pa_cilt-ciltsiz","8":"pa_tur-kitap","9":"pa_yayinevi-iletisim-yayinlari","10":"pa_yazar-sevket-furkan-erbay","12":"first","13":"instock","14":"sale","15":"shipping-taxable","16":"purchasable","17":"product-type-simple"},"_links":{"self":[{"href":"https:\/\/roveyayinevi.com.tr\/index.php\/wp-json\/wp\/v2\/product\/772763","targetHints":{"allow":["GET"]}}],"collection":[{"href":"https:\/\/roveyayinevi.com.tr\/index.php\/wp-json\/wp\/v2\/product"}],"about":[{"href":"https:\/\/roveyayinevi.com.tr\/index.php\/wp-json\/wp\/v2\/types\/product"}],"wp:attachment":[{"href":"https:\/\/roveyayinevi.com.tr\/index.php\/wp-json\/wp\/v2\/media?parent=772763"}],"wp:term":[{"taxonomy":"product_brand","embeddable":true,"href":"https:\/\/roveyayinevi.com.tr\/index.php\/wp-json\/wp\/v2\/product_brand?post=772763"},{"taxonomy":"product_cat","embeddable":true,"href":"https:\/\/roveyayinevi.com.tr\/index.php\/wp-json\/wp\/v2\/product_cat?post=772763"},{"taxonomy":"product_tag","embeddable":true,"href":"https:\/\/roveyayinevi.com.tr\/index.php\/wp-json\/wp\/v2\/product_tag?post=772763"}],"curies":[{"name":"wp","href":"https:\/\/api.w.org\/{rel}","templated":true}]}}