{"id":772762,"date":"2025-08-28T15:51:34","date_gmt":"2025-08-28T12:51:34","guid":{"rendered":"https:\/\/roveyayinevi.com.tr\/index.php\/urun\/iklim-meselesi\/"},"modified":"2026-04-15T03:38:56","modified_gmt":"2026-04-15T00:38:56","slug":"iklim-meselesi","status":"publish","type":"product","link":"https:\/\/roveyayinevi.com.tr\/index.php\/urun\/iklim-meselesi\/","title":{"rendered":"\u0130klim Meselesi"},"content":{"rendered":"<p>\u201c\u0130klim meselesinde \u00e7\u00f6z\u00fcm yerine kayg\u0131 \u00fcretiyoruz. \u00c7\u00fcnk\u00fc sistem \u00e7\u00f6z\u00fcm yerine sorun \u00fcretiyor. \u00dclkeler, \u00fclkemiz, siyaset, ekonomi ve pek \u00e7ok \u015fey \u00e7\u00f6z\u00fcm yerine sorunu b\u00fcy\u00fct\u00fcyor, bizi \u00e7aresizli\u011fe s\u00fcr\u00fckl\u00fcyor. \u0130klim \u00e7aresizli\u011fi mevcut ekonomik d\u00fczenin devam\u0131, fosil yak\u0131tlar\u0131n gelece\u011fi u\u011fruna zorunlu politikalar\u0131 ertelemek ve bunun sonu\u00e7lar\u0131 kar\u015f\u0131s\u0131nda insanlar\u0131n kendini \u00e7aresiz hissetmesidir asl\u0131nda\u2026 Gelecekte felaketlerden para kazanman\u0131n yolunu a\u00e7arak sisteme yeni bir d\u00f6n\u00fc\u015f sa\u011flayacak, kapitalizme felaketlere dayal\u0131 yeni bir pazar do\u011furacak. Bu iklim \u00e7aresizli\u011finde, bunu devletler istedi\u011fi kadar giri\u015fimci, felaket t\u00fcccarlar\u0131 ya da pop\u00fclist akademisyenler de istemekte.\u201d T\u00fcrkiye\u2019nin say\u0131l\u0131 iklim uzmanlar\u0131ndan ve aktivistlerinden \u00d6nder Algedik, \u0130klim Meselesi\u2019nde iklim krizini b\u00fct\u00fcn boyutlar\u0131yla, b\u00fct\u00fcn derinli\u011fiyle ve b\u00fct\u00fcn ciddiyetiyle ortaya koyuyor. Enerji politikalar\u0131 ve \u201cb\u00fcy\u00fck\u201d politikada h\u00e2l\u00e2 al\u0131nmayan \u00f6nlemlerin yan\u0131 s\u0131ra kentsel d\u00f6n\u00fc\u015f\u00fcm\u00fcn, geleneksel kent ekonomisinin yerini AVM odakl\u0131 bir yap\u0131n\u0131n almas\u0131n\u0131n, otomobil \u201crejiminin\u201d ve \u201cdo\u011fal\u201d kabul etti\u011fimiz bir\u00e7ok \u015feyin iklim felaketine olan etkisini g\u00f6steriyor. D\u00fcnya denen gezegenin ya\u015fanabilir noktaya gelmesi, 4,6 milyar y\u0131l s\u00fcrm\u00fc\u015f. Bu milyarlarca y\u0131ll\u0131k tarihi 1 g\u00fcn sayarsak; kapitalist sistemin bu ya\u015fam birikimini yakmak i\u00e7in ihtiya\u00e7 duydu\u011fu s\u00fcre, salisenin be\u015fte birinden uzun de\u011fil. Yani sahici bir alarm durumu s\u00f6z konusu. \u00d6nder Algedik, b\u00fcy\u00fck bir toplumsal d\u00f6n\u00fc\u015f\u00fcm ihtiyac\u0131n\u0131n gereklili\u011finden s\u00f6z ederken, enerji, yak\u0131t, yerel y\u00f6netimler vb. ayr\u0131nt\u0131lardaki sorunlar\u0131 ince ince i\u015flemeyi ihmal etmiyor. \u0130klim Meselesi, ger\u00e7ekten de Hepimizin Meselesi<\/p>\n","protected":false},"excerpt":{"rendered":"<p>\u201c\u0130klim meselesinde \u00e7\u00f6z\u00fcm yerine kayg\u0131 \u00fcretiyoruz. \u00c7\u00fcnk\u00fc sistem \u00e7\u00f6z\u00fcm yerine sorun \u00fcretiyor. \u00dclkeler, \u00fclkemiz, siyaset, ekonomi ve pek \u00e7ok \u015fey \u00e7\u00f6z\u00fcm yerine sorunu b\u00fcy\u00fct\u00fcyor, bizi \u00e7aresizli\u011fe<span class=\"excerpt-hellip\"> [\u2026]<\/span><\/p>\n","protected":false},"featured_media":0,"template":"","meta":{"_monsterinsights_skip_tracking":false,"_monsterinsights_sitenote_active":false,"_monsterinsights_sitenote_note":"","_monsterinsights_sitenote_category":0},"product_brand":[],"product_cat":[23323,12364],"product_tag":[],"class_list":{"0":"post-772762","1":"product","2":"type-product","3":"status-publish","5":"product_cat-ekoloji","6":"product_cat-genel-konular","7":"pa_cilt-ciltsiz","8":"pa_tur-kitap","9":"pa_yayinevi-iletisim-yayinlari","10":"pa_yazar-onder-algedik","12":"first","13":"instock","14":"sale","15":"shipping-taxable","16":"purchasable","17":"product-type-simple"},"_links":{"self":[{"href":"https:\/\/roveyayinevi.com.tr\/index.php\/wp-json\/wp\/v2\/product\/772762","targetHints":{"allow":["GET"]}}],"collection":[{"href":"https:\/\/roveyayinevi.com.tr\/index.php\/wp-json\/wp\/v2\/product"}],"about":[{"href":"https:\/\/roveyayinevi.com.tr\/index.php\/wp-json\/wp\/v2\/types\/product"}],"wp:attachment":[{"href":"https:\/\/roveyayinevi.com.tr\/index.php\/wp-json\/wp\/v2\/media?parent=772762"}],"wp:term":[{"taxonomy":"product_brand","embeddable":true,"href":"https:\/\/roveyayinevi.com.tr\/index.php\/wp-json\/wp\/v2\/product_brand?post=772762"},{"taxonomy":"product_cat","embeddable":true,"href":"https:\/\/roveyayinevi.com.tr\/index.php\/wp-json\/wp\/v2\/product_cat?post=772762"},{"taxonomy":"product_tag","embeddable":true,"href":"https:\/\/roveyayinevi.com.tr\/index.php\/wp-json\/wp\/v2\/product_tag?post=772762"}],"curies":[{"name":"wp","href":"https:\/\/api.w.org\/{rel}","templated":true}]}}