{"id":772761,"date":"2025-08-28T15:51:32","date_gmt":"2025-08-28T12:51:32","guid":{"rendered":"https:\/\/roveyayinevi.com.tr\/index.php\/urun\/rusyanin-sona-ermeyen-catismalari\/"},"modified":"2026-04-15T03:38:56","modified_gmt":"2026-04-15T00:38:56","slug":"rusyanin-sona-ermeyen-catismalari","status":"publish","type":"product","link":"https:\/\/roveyayinevi.com.tr\/index.php\/urun\/rusyanin-sona-ermeyen-catismalari\/","title":{"rendered":"Rusya\u2019n\u0131n Sona Ermeyen \u00c7at\u0131\u015fmalar\u0131"},"content":{"rendered":"<p>6 Mart 1991&#8217;de Bonn&#8217;da ger\u00e7ekle\u015ftirilen, ABD, Fransa, B\u00fcy\u00fck Britanya ve Federal Almanya&#8217;n\u0131n SSCB ve Do\u011fu Almanya ile masaya oturdu\u011fu, 2+4 olarak isimlendirilen toplant\u0131n\u0131n konusu, Almanya&#8217;n\u0131n birle\u015fmesi, Orta ve Do\u011fu Avrupa&#8217;da g\u00fcvenli\u011fin sa\u011flanmas\u0131yd\u0131. \u015e\u00fcphesiz toplant\u0131n\u0131n en \u00f6nemli \u00e7\u0131kt\u0131s\u0131, Bat\u0131 Almanya temsilcisi J\u00fcrgen Chroborg&#8217;un ifadesiyle &#8220;NATO&#8217;yu Elbe nehrinin \u00f6tesine geni\u015fletmeyece\u011fiz&#8221; vaadi olmu\u015ftu. NATO&#8217;nun en etkili \u00fcyelerinden bu s\u00f6z\u00fc alan SSCB, NATO &#8216;tehdidini&#8217; topraklar\u0131ndan uzakla\u015ft\u0131rd\u0131\u011f\u0131n\u0131 d\u00fc\u015f\u00fcnerek Almanya&#8217;n\u0131n birle\u015fmesine onay verdi. Fakat bu beklenti k\u0131sa s\u00fcrede yerini hayal k\u0131r\u0131kl\u0131\u011f\u0131na b\u0131rakacakt\u0131. 1999 geni\u015flemesi ile Do\u011fu Avrupa&#8217;ya giren NATO, 2004&#8217;te Balt\u0131k devletleri ve Romanya ba\u015fta olmak \u00fczere 7 devleti daha b\u00fcnyesine katarak k\u0131sa s\u00fcrede Rusya i\u00e7in en temel ulusal g\u00fcvenlik tehdidi haline gelecekti. 199o&#8217;lar boyunca i\u00e7erde ekonomik krizler ve siyasi istikrars\u0131zl\u0131k ile bo\u011fu\u015fan Rusya, g\u00fcc\u00fcn\u00fc toplad\u0131\u011f\u0131 ilk anda NATO tehdidine kar\u015f\u0131 harekete ge\u00e7ti. 1993&#8217;te \u00e7er\u00e7evesini \u00e7izdi\u011fi Yak\u0131n \u00c7evre politikas\u0131n\u0131 eyleme ge\u00e7irmeye y\u00f6nelik ad\u0131mlar att\u0131. Nitekim eski Sovyet cumhuriyetleri olan ve Yak\u0131n \u00c7evre&#8217;sinin ayr\u0131lmaz par\u00e7alar\u0131 olarak g\u00f6rd\u00fc\u011f\u00fc G\u00fcrcistan ve Ukrayna&#8217;n\u0131n NATO&#8217;ya \u00fcyeli\u011fi s\u00f6z konusu oldu\u011funda hi\u00e7 olmad\u0131\u011f\u0131 kadar etkili \u015fekilde mukavemet g\u00f6stermeye ba\u015flad\u0131. Elinizdeki bu kitap, Rusya&#8217;n\u0131n NATO taraf\u0131ndan &#8216;yeni(den) \u00e7evrelenme&#8217; kayg\u0131s\u0131na kar\u015f\u0131 G\u00fcrcistan ve Ukrayna&#8217;da izledi\u011fi politikalar\u0131 ele almaktad\u0131r. <\/p>\n","protected":false},"excerpt":{"rendered":"<p>6 Mart 1991&#8217;de Bonn&#8217;da ger\u00e7ekle\u015ftirilen, ABD, Fransa, B\u00fcy\u00fck Britanya ve Federal Almanya&#8217;n\u0131n SSCB ve Do\u011fu Almanya ile masaya oturdu\u011fu, 2+4 olarak isimlendirilen toplant\u0131n\u0131n konusu, Almanya&#8217;n\u0131n birle\u015fmesi,<span class=\"excerpt-hellip\"> [\u2026]<\/span><\/p>\n","protected":false},"featured_media":0,"template":"","meta":{"_monsterinsights_skip_tracking":false,"_monsterinsights_sitenote_active":false,"_monsterinsights_sitenote_note":"","_monsterinsights_sitenote_category":0},"product_brand":[],"product_cat":[12337,17225],"product_tag":[],"class_list":{"0":"post-772761","1":"product","2":"type-product","3":"status-publish","5":"product_cat-politika-siyaset","6":"product_cat-uluslararasi-iliskiler","7":"pa_cilt-ciltsiz","8":"pa_tur-kitap","9":"pa_yayinevi-nika-yayinevi","10":"pa_yazar-bilal-alper-torun","12":"first","13":"instock","14":"sale","15":"shipping-taxable","16":"purchasable","17":"product-type-simple"},"_links":{"self":[{"href":"https:\/\/roveyayinevi.com.tr\/index.php\/wp-json\/wp\/v2\/product\/772761","targetHints":{"allow":["GET"]}}],"collection":[{"href":"https:\/\/roveyayinevi.com.tr\/index.php\/wp-json\/wp\/v2\/product"}],"about":[{"href":"https:\/\/roveyayinevi.com.tr\/index.php\/wp-json\/wp\/v2\/types\/product"}],"wp:attachment":[{"href":"https:\/\/roveyayinevi.com.tr\/index.php\/wp-json\/wp\/v2\/media?parent=772761"}],"wp:term":[{"taxonomy":"product_brand","embeddable":true,"href":"https:\/\/roveyayinevi.com.tr\/index.php\/wp-json\/wp\/v2\/product_brand?post=772761"},{"taxonomy":"product_cat","embeddable":true,"href":"https:\/\/roveyayinevi.com.tr\/index.php\/wp-json\/wp\/v2\/product_cat?post=772761"},{"taxonomy":"product_tag","embeddable":true,"href":"https:\/\/roveyayinevi.com.tr\/index.php\/wp-json\/wp\/v2\/product_tag?post=772761"}],"curies":[{"name":"wp","href":"https:\/\/api.w.org\/{rel}","templated":true}]}}