{"id":772759,"date":"2025-08-28T15:51:29","date_gmt":"2025-08-28T12:51:29","guid":{"rendered":"https:\/\/roveyayinevi.com.tr\/index.php\/urun\/gizemli-ayna\/"},"modified":"2026-04-15T03:38:56","modified_gmt":"2026-04-15T00:38:56","slug":"gizemli-ayna","status":"publish","type":"product","link":"https:\/\/roveyayinevi.com.tr\/index.php\/urun\/gizemli-ayna\/","title":{"rendered":"Gizemli Ayna"},"content":{"rendered":"<p>Enes bir sabah cebinde gizemli bir ayna bulur. O g\u00fcnden sonra hi\u00e7bir \u015fey eskisi gibi olmaz. \u0130stekler ger\u00e7ekle\u015fir ama sonu\u00e7lar\u0131 d\u00fc\u015f\u00fcnd\u00fc\u011f\u00fcnden farkl\u0131d\u0131r. Kimi zaman mutluluk, kimi zaman pi\u015fmanl\u0131k getirir. S\u0131rlarla dolu bu aynay\u0131 anlamaya \u00e7al\u0131\u015f\u0131rken Enes, sabr\u0131 ve \u00e7abay\u0131 ke\u015ffeder. Gizemli Ayna, \u00e7ocuklara hem e\u011flenceli bir macera hem de derin bir hayat dersi sunuyor. \u0130ste\u011fin g\u00fcc\u00fcyle de\u011fil, gayretle b\u00fcy\u00fcmek isteyen t\u00fcm \u00e7ocuklara\u2026<\/p>\n","protected":false},"excerpt":{"rendered":"<p>Enes bir sabah cebinde gizemli bir ayna bulur. O g\u00fcnden sonra hi\u00e7bir \u015fey eskisi gibi olmaz. \u0130stekler ger\u00e7ekle\u015fir ama sonu\u00e7lar\u0131 d\u00fc\u015f\u00fcnd\u00fc\u011f\u00fcnden farkl\u0131d\u0131r. Kimi zaman mutluluk, kimi<span class=\"excerpt-hellip\"> [\u2026]<\/span><\/p>\n","protected":false},"featured_media":0,"template":"","meta":{"_monsterinsights_skip_tracking":false,"_monsterinsights_sitenote_active":false,"_monsterinsights_sitenote_note":"","_monsterinsights_sitenote_category":0},"product_brand":[],"product_cat":[12274,18802],"product_tag":[],"class_list":{"0":"post-772759","1":"product","2":"type-product","3":"status-publish","5":"product_cat-cocuk-ve-genclik-kitaplari","6":"product_cat-din-egitimi","7":"pa_cilt-ciltsiz","8":"pa_tur-kitap","9":"pa_yayinevi-gulce-kitap","10":"pa_yazar-sumeyra-ozturk-sahin","12":"first","13":"instock","14":"sale","15":"shipping-taxable","16":"purchasable","17":"product-type-simple"},"_links":{"self":[{"href":"https:\/\/roveyayinevi.com.tr\/index.php\/wp-json\/wp\/v2\/product\/772759","targetHints":{"allow":["GET"]}}],"collection":[{"href":"https:\/\/roveyayinevi.com.tr\/index.php\/wp-json\/wp\/v2\/product"}],"about":[{"href":"https:\/\/roveyayinevi.com.tr\/index.php\/wp-json\/wp\/v2\/types\/product"}],"wp:attachment":[{"href":"https:\/\/roveyayinevi.com.tr\/index.php\/wp-json\/wp\/v2\/media?parent=772759"}],"wp:term":[{"taxonomy":"product_brand","embeddable":true,"href":"https:\/\/roveyayinevi.com.tr\/index.php\/wp-json\/wp\/v2\/product_brand?post=772759"},{"taxonomy":"product_cat","embeddable":true,"href":"https:\/\/roveyayinevi.com.tr\/index.php\/wp-json\/wp\/v2\/product_cat?post=772759"},{"taxonomy":"product_tag","embeddable":true,"href":"https:\/\/roveyayinevi.com.tr\/index.php\/wp-json\/wp\/v2\/product_tag?post=772759"}],"curies":[{"name":"wp","href":"https:\/\/api.w.org\/{rel}","templated":true}]}}