{"id":772758,"date":"2025-08-28T15:51:27","date_gmt":"2025-08-28T12:51:27","guid":{"rendered":"https:\/\/roveyayinevi.com.tr\/index.php\/urun\/osmanli-anadolusunda-kizilbas-aleviler\/"},"modified":"2026-04-15T03:38:56","modified_gmt":"2026-04-15T00:38:56","slug":"osmanli-anadolusunda-kizilbas-aleviler","status":"publish","type":"product","link":"https:\/\/roveyayinevi.com.tr\/index.php\/urun\/osmanli-anadolusunda-kizilbas-aleviler\/","title":{"rendered":"Osmanl\u0131 Anadolusu\u2019nda K\u0131z\u0131lba\u015f Aleviler"},"content":{"rendered":"<p>Osmanl\u0131 Anadolusu\u2019nda iz b\u0131rakm\u0131\u015f topluluklardan biri olan K\u0131z\u0131lba\u015f Aleviler bilhassa resm\u00ee tarihyaz\u0131m\u0131nda yok say\u0131lm\u0131\u015f, akademik \u00e7al\u0131\u015fmalarda ise yeterince ara\u015ft\u0131r\u0131lmam\u0131\u015ft\u0131r. Osmanl\u0131 Anadolusu\u2019nda K\u0131z\u0131lba\u015f Aleviler daha \u00e7ok mistik ya da folklorik bir g\u00f6zle de\u011ferlendirilen bu inan\u00e7 toplulu\u011funun k\u00f6kenlerine iniyor, Anadolu\u2019daki Sufilerin ve seyit ailelerinin izini s\u00fcr\u00fcyor, K\u0131z\u0131lba\u015f Alevi topluluklar\u0131n\u0131n Bekta\u015filikle olan ba\u011flar\u0131n\u0131 inceliyor. K\u0131z\u0131lba\u015f hareketinin olu\u015fumuna dair alternatif bir anlat\u0131 sunan Ayfer Karakaya-Stump bu \u00e7al\u0131\u015fmas\u0131nda yaln\u0131zca ar\u015fiv kaynaklar\u0131yla yetinmiyor, y\u00fcr\u00fctt\u00fc\u011f\u00fc saha \u00e7al\u0131\u015fmas\u0131 sayesinde ula\u015ft\u0131\u011f\u0131 Alevi yaz\u0131l\u0131 belgelerinden ve \u201cocak\u201d olarak adland\u0131r\u0131lan ailelerin s\u00f6zl\u00fc tarihlerinden de yararlan\u0131yor. Yaz\u0131l\u0131 ve s\u00f6zl\u00fc tarih kaynaklar\u0131yla \u015fekillenen bu kitap, Alevilik \u00e7al\u0131\u015fmalar\u0131na yeni ve \u00e7\u0131\u011f\u0131r a\u00e7\u0131c\u0131 bir katk\u0131 yap\u0131yor. \u201cBu \u00e7al\u0131\u015fma her \u015feyden \u00f6nce, K\u0131z\u0131lba\u015fl\u0131\u011f\u0131n\/Alevili\u011fin k\u00f6kenlerine dair hem akademik hem de pop\u00fcler tart\u0131\u015fmalar\u0131n ortak noktas\u0131n\u0131 olu\u015fturan tarih d\u0131\u015f\u0131 (&#8230;) yakla\u015f\u0131mlara y\u00f6nelik bir itiraz niteli\u011fi ta\u015f\u0131r. Mevcut \u00e7al\u0131\u015fmada s\u00f6z konusu geleneksel yakla\u015f\u0131mlara kar\u015f\u0131, K\u0131z\u0131lba\u015f\/Alevilerin kendi emik perspektiflerini ciddiye alan ve daha tarihselle\u015ftirici bir yakla\u015f\u0131m benimsenmi\u015ftir, bu meyanda s\u00f6z konusu topluluklar\u0131n hik\u00e2yesi Anadolu ve kom\u015fu co\u011frafyalar\u0131n ge\u00e7 Orta\u00e7a\u011f ve erken modern d\u00f6nem tarihi i\u00e7inde de\u011ferlendirilmeye ve konumland\u0131r\u0131lmaya \u00e7al\u0131\u015f\u0131lm\u0131\u015ft\u0131r.\u201d<\/p>\n","protected":false},"excerpt":{"rendered":"<p>Osmanl\u0131 Anadolusu\u2019nda iz b\u0131rakm\u0131\u015f topluluklardan biri olan K\u0131z\u0131lba\u015f Aleviler bilhassa resm\u00ee tarihyaz\u0131m\u0131nda yok say\u0131lm\u0131\u015f, akademik \u00e7al\u0131\u015fmalarda ise yeterince ara\u015ft\u0131r\u0131lmam\u0131\u015ft\u0131r. Osmanl\u0131 Anadolusu\u2019nda K\u0131z\u0131lba\u015f Aleviler daha \u00e7ok mistik<span class=\"excerpt-hellip\"> [\u2026]<\/span><\/p>\n","protected":false},"featured_media":0,"template":"","meta":{"_monsterinsights_skip_tracking":false,"_monsterinsights_sitenote_active":false,"_monsterinsights_sitenote_note":"","_monsterinsights_sitenote_category":0},"product_brand":[],"product_cat":[13517,12304],"product_tag":[],"class_list":{"0":"post-772758","1":"product","2":"type-product","3":"status-publish","5":"product_cat-osmanli-tarihi","6":"product_cat-tarih","7":"pa_cilt-ciltsiz","8":"pa_tur-kitap","9":"pa_yayinevi-iletisim-yayinlari","10":"pa_yazar-ayfer-karakaya-stump","12":"first","13":"instock","14":"sale","15":"shipping-taxable","16":"purchasable","17":"product-type-simple"},"_links":{"self":[{"href":"https:\/\/roveyayinevi.com.tr\/index.php\/wp-json\/wp\/v2\/product\/772758","targetHints":{"allow":["GET"]}}],"collection":[{"href":"https:\/\/roveyayinevi.com.tr\/index.php\/wp-json\/wp\/v2\/product"}],"about":[{"href":"https:\/\/roveyayinevi.com.tr\/index.php\/wp-json\/wp\/v2\/types\/product"}],"wp:attachment":[{"href":"https:\/\/roveyayinevi.com.tr\/index.php\/wp-json\/wp\/v2\/media?parent=772758"}],"wp:term":[{"taxonomy":"product_brand","embeddable":true,"href":"https:\/\/roveyayinevi.com.tr\/index.php\/wp-json\/wp\/v2\/product_brand?post=772758"},{"taxonomy":"product_cat","embeddable":true,"href":"https:\/\/roveyayinevi.com.tr\/index.php\/wp-json\/wp\/v2\/product_cat?post=772758"},{"taxonomy":"product_tag","embeddable":true,"href":"https:\/\/roveyayinevi.com.tr\/index.php\/wp-json\/wp\/v2\/product_tag?post=772758"}],"curies":[{"name":"wp","href":"https:\/\/api.w.org\/{rel}","templated":true}]}}