{"id":772756,"date":"2025-08-28T15:51:22","date_gmt":"2025-08-28T12:51:22","guid":{"rendered":"https:\/\/roveyayinevi.com.tr\/index.php\/urun\/kardesim-bavulda\/"},"modified":"2026-04-15T03:38:55","modified_gmt":"2026-04-15T00:38:55","slug":"kardesim-bavulda","status":"publish","type":"product","link":"https:\/\/roveyayinevi.com.tr\/index.php\/urun\/kardesim-bavulda\/","title":{"rendered":"Karde\u015fim Bavulda"},"content":{"rendered":"<p>Meryem Rana, karde\u015finin yaramazl\u0131klar\u0131ndan b\u0131km\u0131\u015ft\u0131.Ama bir g\u00fcn \u00f6yle bir plan yapt\u0131 ki&#8230; i\u015fler sarpa sard\u0131!Gizlice ba\u015flayan bu yolculuk, ona sadece komik anlar de\u011fil, karde\u015flik ba\u011f\u0131n\u0131n g\u00fcc\u00fcn\u00fc de g\u00f6sterecekti.Karde\u015fim Bavulda, g\u00fcl\u00fcmsetirken kalbine dokunacak bir hik\u00e2ye.   Kitab\u0131 bitirince &#8220;V\u00f6j\u00fcbiiii!&#8221; demenin ne oldu\u011funu da \u00f6\u011freneceksin:) Aman s\u0131k\u0131 tutunun kitap ba\u015fl\u0131yor! Benden s\u00f6ylemesi&#8230;<\/p>\n","protected":false},"excerpt":{"rendered":"<p>Meryem Rana, karde\u015finin yaramazl\u0131klar\u0131ndan b\u0131km\u0131\u015ft\u0131.Ama bir g\u00fcn \u00f6yle bir plan yapt\u0131 ki&#8230; i\u015fler sarpa sard\u0131!Gizlice ba\u015flayan bu yolculuk, ona sadece komik anlar de\u011fil, karde\u015flik ba\u011f\u0131n\u0131n g\u00fcc\u00fcn\u00fc<span class=\"excerpt-hellip\"> [\u2026]<\/span><\/p>\n","protected":false},"featured_media":0,"template":"","meta":{"_monsterinsights_skip_tracking":false,"_monsterinsights_sitenote_active":false,"_monsterinsights_sitenote_note":"","_monsterinsights_sitenote_category":0},"product_brand":[],"product_cat":[12689,12274],"product_tag":[],"class_list":{"0":"post-772756","1":"product","2":"type-product","3":"status-publish","5":"product_cat-cizgi-roman-cocuk-ve-genclik-kitaplari","6":"product_cat-cocuk-ve-genclik-kitaplari","7":"pa_cilt-ciltsiz","8":"pa_tur-kitap","9":"pa_yayinevi-gulce-kitap","10":"pa_yazar-selcen-yuksel-arvas","12":"first","13":"instock","14":"sale","15":"shipping-taxable","16":"purchasable","17":"product-type-simple"},"_links":{"self":[{"href":"https:\/\/roveyayinevi.com.tr\/index.php\/wp-json\/wp\/v2\/product\/772756","targetHints":{"allow":["GET"]}}],"collection":[{"href":"https:\/\/roveyayinevi.com.tr\/index.php\/wp-json\/wp\/v2\/product"}],"about":[{"href":"https:\/\/roveyayinevi.com.tr\/index.php\/wp-json\/wp\/v2\/types\/product"}],"wp:attachment":[{"href":"https:\/\/roveyayinevi.com.tr\/index.php\/wp-json\/wp\/v2\/media?parent=772756"}],"wp:term":[{"taxonomy":"product_brand","embeddable":true,"href":"https:\/\/roveyayinevi.com.tr\/index.php\/wp-json\/wp\/v2\/product_brand?post=772756"},{"taxonomy":"product_cat","embeddable":true,"href":"https:\/\/roveyayinevi.com.tr\/index.php\/wp-json\/wp\/v2\/product_cat?post=772756"},{"taxonomy":"product_tag","embeddable":true,"href":"https:\/\/roveyayinevi.com.tr\/index.php\/wp-json\/wp\/v2\/product_tag?post=772756"}],"curies":[{"name":"wp","href":"https:\/\/api.w.org\/{rel}","templated":true}]}}