{"id":772755,"date":"2025-08-28T15:51:19","date_gmt":"2025-08-28T12:51:19","guid":{"rendered":"https:\/\/roveyayinevi.com.tr\/index.php\/urun\/nehirle-konusan-kiz\/"},"modified":"2026-04-15T03:38:55","modified_gmt":"2026-04-15T00:38:55","slug":"nehirle-konusan-kiz","status":"publish","type":"product","link":"https:\/\/roveyayinevi.com.tr\/index.php\/urun\/nehirle-konusan-kiz\/","title":{"rendered":"Nehirle Konu\u015fan K\u0131z"},"content":{"rendered":"<p>Suzanne bir sabah uyan\u0131r ve k\u00fc\u00e7\u00fck yelkenlisine atlay\u0131p nehir boyunca yol al\u0131r.Nereye gidece\u011fini bilmez, ama kalbinin ona bir \u015fey f\u0131s\u0131ldad\u0131\u011f\u0131n\u0131 hisseder.Kar\u015f\u0131s\u0131na \u00e7\u0131kan hayvanlar, sesler ve duraklar, ona unutamayaca\u011f\u0131 bir g\u00fcn arma\u011fan eder. Kendini, ge\u00e7mi\u015fini ve kim oldu\u011funu yeniden ke\u015ffetmeye ba\u015flar.Suzanne&#8217;nin yolculu\u011fu; cesaretin, kayb\u0131n, dayan\u0131\u015fman\u0131n ve i\u00e7sel d\u00f6n\u00fc\u015f\u00fcm\u00fcn dokunakl\u0131 bir \u00f6yk\u00fcs\u00fcd\u00fcr.Hayat bazen bir nehirdir. Ve o nehir, sadece cesur olanlara kendini anlat\u0131r.<\/p>\n","protected":false},"excerpt":{"rendered":"<p>Suzanne bir sabah uyan\u0131r ve k\u00fc\u00e7\u00fck yelkenlisine atlay\u0131p nehir boyunca yol al\u0131r.Nereye gidece\u011fini bilmez, ama kalbinin ona bir \u015fey f\u0131s\u0131ldad\u0131\u011f\u0131n\u0131 hisseder.Kar\u015f\u0131s\u0131na \u00e7\u0131kan hayvanlar, sesler ve duraklar,<span class=\"excerpt-hellip\"> [\u2026]<\/span><\/p>\n","protected":false},"featured_media":0,"template":"","meta":{"_monsterinsights_skip_tracking":false,"_monsterinsights_sitenote_active":false,"_monsterinsights_sitenote_note":"","_monsterinsights_sitenote_category":0},"product_brand":[],"product_cat":[12689,12274],"product_tag":[],"class_list":{"0":"post-772755","1":"product","2":"type-product","3":"status-publish","5":"product_cat-cizgi-roman-cocuk-ve-genclik-kitaplari","6":"product_cat-cocuk-ve-genclik-kitaplari","7":"pa_cilt-ciltsiz","8":"pa_tur-kitap","9":"pa_yayinevi-timas-cocuk","10":"pa_yazar-charlotte-belliere","12":"first","13":"instock","14":"sale","15":"shipping-taxable","16":"purchasable","17":"product-type-simple"},"_links":{"self":[{"href":"https:\/\/roveyayinevi.com.tr\/index.php\/wp-json\/wp\/v2\/product\/772755","targetHints":{"allow":["GET"]}}],"collection":[{"href":"https:\/\/roveyayinevi.com.tr\/index.php\/wp-json\/wp\/v2\/product"}],"about":[{"href":"https:\/\/roveyayinevi.com.tr\/index.php\/wp-json\/wp\/v2\/types\/product"}],"wp:attachment":[{"href":"https:\/\/roveyayinevi.com.tr\/index.php\/wp-json\/wp\/v2\/media?parent=772755"}],"wp:term":[{"taxonomy":"product_brand","embeddable":true,"href":"https:\/\/roveyayinevi.com.tr\/index.php\/wp-json\/wp\/v2\/product_brand?post=772755"},{"taxonomy":"product_cat","embeddable":true,"href":"https:\/\/roveyayinevi.com.tr\/index.php\/wp-json\/wp\/v2\/product_cat?post=772755"},{"taxonomy":"product_tag","embeddable":true,"href":"https:\/\/roveyayinevi.com.tr\/index.php\/wp-json\/wp\/v2\/product_tag?post=772755"}],"curies":[{"name":"wp","href":"https:\/\/api.w.org\/{rel}","templated":true}]}}