{"id":772752,"date":"2025-08-28T15:51:13","date_gmt":"2025-08-28T12:51:13","guid":{"rendered":"https:\/\/roveyayinevi.com.tr\/index.php\/urun\/gizli-renkler-adasi\/"},"modified":"2026-04-15T03:38:55","modified_gmt":"2026-04-15T00:38:55","slug":"gizli-renkler-adasi","status":"publish","type":"product","link":"https:\/\/roveyayinevi.com.tr\/index.php\/urun\/gizli-renkler-adasi\/","title":{"rendered":"Gizli Renkler Adas\u0131"},"content":{"rendered":"<p>Kertenkele Adas\u0131\u2019nda neler oluyor?Marma, i\u00e7inde kocaman bir s\u0131r saklayan k\u00fc\u00e7\u00fcc\u00fck bir kertenkele. Bu s\u0131r, onu bamba\u015fka bir yolculu\u011fa s\u00fcr\u00fckl\u00fcyor. Ama neyse ki bu yolculukta yaln\u0131z de\u011fil. Yeni dostluklar, gizemli efsaneler ve bolca cesaret duygusuyla Marma&#8217;n\u0131n maceras\u0131 s\u00fcrprizlerle dolu.Farkl\u0131 olman\u0131n bir tehlike de\u011fil, bir g\u00fc\u00e7 oldu\u011funu anlatan s\u0131cak ve cesur bir hik\u00e2ye.Haydi, Marma\u2019n\u0131n d\u00fcnyas\u0131na ad\u0131m at.Belki senin de i\u00e7inde saklad\u0131\u011f\u0131n bir renk vard\u0131r&#8230;<\/p>\n","protected":false},"excerpt":{"rendered":"<p>Kertenkele Adas\u0131\u2019nda neler oluyor?Marma, i\u00e7inde kocaman bir s\u0131r saklayan k\u00fc\u00e7\u00fcc\u00fck bir kertenkele. Bu s\u0131r, onu bamba\u015fka bir yolculu\u011fa s\u00fcr\u00fckl\u00fcyor. Ama neyse ki bu yolculukta yaln\u0131z de\u011fil.<span class=\"excerpt-hellip\"> [\u2026]<\/span><\/p>\n","protected":false},"featured_media":0,"template":"","meta":{"_monsterinsights_skip_tracking":false,"_monsterinsights_sitenote_active":false,"_monsterinsights_sitenote_note":"","_monsterinsights_sitenote_category":0},"product_brand":[],"product_cat":[12274,12284],"product_tag":[],"class_list":{"0":"post-772752","1":"product","2":"type-product","3":"status-publish","5":"product_cat-cocuk-ve-genclik-kitaplari","6":"product_cat-hikayeler","7":"pa_cilt-ciltsiz","8":"pa_tur-kitap","9":"pa_yayinevi-genc-timas","10":"pa_yazar-talip-kursun","12":"first","13":"instock","14":"sale","15":"shipping-taxable","16":"purchasable","17":"product-type-simple"},"_links":{"self":[{"href":"https:\/\/roveyayinevi.com.tr\/index.php\/wp-json\/wp\/v2\/product\/772752","targetHints":{"allow":["GET"]}}],"collection":[{"href":"https:\/\/roveyayinevi.com.tr\/index.php\/wp-json\/wp\/v2\/product"}],"about":[{"href":"https:\/\/roveyayinevi.com.tr\/index.php\/wp-json\/wp\/v2\/types\/product"}],"wp:attachment":[{"href":"https:\/\/roveyayinevi.com.tr\/index.php\/wp-json\/wp\/v2\/media?parent=772752"}],"wp:term":[{"taxonomy":"product_brand","embeddable":true,"href":"https:\/\/roveyayinevi.com.tr\/index.php\/wp-json\/wp\/v2\/product_brand?post=772752"},{"taxonomy":"product_cat","embeddable":true,"href":"https:\/\/roveyayinevi.com.tr\/index.php\/wp-json\/wp\/v2\/product_cat?post=772752"},{"taxonomy":"product_tag","embeddable":true,"href":"https:\/\/roveyayinevi.com.tr\/index.php\/wp-json\/wp\/v2\/product_tag?post=772752"}],"curies":[{"name":"wp","href":"https:\/\/api.w.org\/{rel}","templated":true}]}}