{"id":772751,"date":"2025-08-28T15:51:11","date_gmt":"2025-08-28T12:51:11","guid":{"rendered":"https:\/\/roveyayinevi.com.tr\/index.php\/urun\/antik-sehrin-hazinesi\/"},"modified":"2026-04-15T03:38:55","modified_gmt":"2026-04-15T00:38:55","slug":"antik-sehrin-hazinesi","status":"publish","type":"product","link":"https:\/\/roveyayinevi.com.tr\/index.php\/urun\/antik-sehrin-hazinesi\/","title":{"rendered":"Antik \u015eehrin Hazinesi"},"content":{"rendered":"<p>Bir sand\u0131ktan ne kadar macera \u00e7\u0131kar?Her \u015fey Duman\u2019\u0131n bir sosis ka\u00e7\u0131rmas\u0131yla ba\u015flad\u0131. Evet, bir sosis! Ancak bu tuhaf gibi g\u00f6r\u00fcnen h\u0131rs\u0131zl\u0131k gizemli bir sand\u0131\u011fa, oradan da \u00e7\u00f6z\u00fclememi\u015f bir \u015fifreye ve y\u0131llar \u00f6ncesinden gelen gizli bir hik\u00e2yeye g\u00f6t\u00fcr\u00fcyor.Okan, Yaren ve \u00c7\u0131nar\u2019la birlikte bu gizemi \u00e7\u00f6zmeye haz\u0131r m\u0131s\u0131n?E\u011fer sen de \u201cAcaba i\u00e7inde ne var?\u201d diye d\u00fc\u015f\u00fcnmeden duramayanlardansan bu macera tam sana g\u00f6re!<\/p>\n","protected":false},"excerpt":{"rendered":"<p>Bir sand\u0131ktan ne kadar macera \u00e7\u0131kar?Her \u015fey Duman\u2019\u0131n bir sosis ka\u00e7\u0131rmas\u0131yla ba\u015flad\u0131. Evet, bir sosis! Ancak bu tuhaf gibi g\u00f6r\u00fcnen h\u0131rs\u0131zl\u0131k gizemli bir sand\u0131\u011fa, oradan da<span class=\"excerpt-hellip\"> [\u2026]<\/span><\/p>\n","protected":false},"featured_media":0,"template":"","meta":{"_monsterinsights_skip_tracking":false,"_monsterinsights_sitenote_active":false,"_monsterinsights_sitenote_note":"","_monsterinsights_sitenote_category":0},"product_brand":[],"product_cat":[12274,12284],"product_tag":[],"class_list":{"0":"post-772751","1":"product","2":"type-product","3":"status-publish","5":"product_cat-cocuk-ve-genclik-kitaplari","6":"product_cat-hikayeler","7":"pa_cilt-ciltsiz","8":"pa_tur-kitap","9":"pa_yayinevi-genc-timas","10":"pa_yazar-havva-tekin","12":"first","13":"instock","14":"sale","15":"shipping-taxable","16":"purchasable","17":"product-type-simple"},"_links":{"self":[{"href":"https:\/\/roveyayinevi.com.tr\/index.php\/wp-json\/wp\/v2\/product\/772751","targetHints":{"allow":["GET"]}}],"collection":[{"href":"https:\/\/roveyayinevi.com.tr\/index.php\/wp-json\/wp\/v2\/product"}],"about":[{"href":"https:\/\/roveyayinevi.com.tr\/index.php\/wp-json\/wp\/v2\/types\/product"}],"wp:attachment":[{"href":"https:\/\/roveyayinevi.com.tr\/index.php\/wp-json\/wp\/v2\/media?parent=772751"}],"wp:term":[{"taxonomy":"product_brand","embeddable":true,"href":"https:\/\/roveyayinevi.com.tr\/index.php\/wp-json\/wp\/v2\/product_brand?post=772751"},{"taxonomy":"product_cat","embeddable":true,"href":"https:\/\/roveyayinevi.com.tr\/index.php\/wp-json\/wp\/v2\/product_cat?post=772751"},{"taxonomy":"product_tag","embeddable":true,"href":"https:\/\/roveyayinevi.com.tr\/index.php\/wp-json\/wp\/v2\/product_tag?post=772751"}],"curies":[{"name":"wp","href":"https:\/\/api.w.org\/{rel}","templated":true}]}}