{"id":772749,"date":"2025-08-28T15:51:05","date_gmt":"2025-08-28T12:51:05","guid":{"rendered":"https:\/\/roveyayinevi.com.tr\/index.php\/urun\/dantonun-olumu-2\/"},"modified":"2026-04-07T03:32:51","modified_gmt":"2026-04-07T00:32:51","slug":"dantonun-olumu-2","status":"publish","type":"product","link":"https:\/\/roveyayinevi.com.tr\/index.php\/urun\/dantonun-olumu-2\/","title":{"rendered":"Danton\u2019un \u00d6l\u00fcm\u00fc"},"content":{"rendered":"<p>Danton\u2019un \u00d6l\u00fcm\u00fc Frans\u0131z Devrimi\u2019nin \u00e7alkant\u0131lar\u0131n\u0131 ve en sert \u00e7arp\u0131\u015fmalar\u0131n\u0131 t\u00fcm \u00e7\u0131plakl\u0131\u011f\u0131yla g\u00f6zler \u00f6n\u00fcne seren bir oyun. Bir zamanlar devrimin en \u00f6n saf\u0131nda yer alan Georges Danton, Maximilien Robespierre\u2019in g\u00fcc\u00fc ve politikalar\u0131 kar\u015f\u0131s\u0131nda geri planda kal\u0131yor; derken devrimi, devrim i\u00e7in yap\u0131p edilen onca \u015feyi bir vicdan muhasebesine tabi tutuyor. D\u00fcnyay\u0131 de\u011fi\u015ftirmek i\u00e7in kol kola yola \u00e7\u0131kan iki devrimci kanl\u0131 eylemlerden ve idamlardan sonra iki ayr\u0131 kutba savruluyor. Danton, iktidar\u0131n giderek yozla\u015fmaya ba\u015flad\u0131\u011f\u0131n\u0131 d\u00fc\u015f\u00fcn\u00fcp kendisini sert bir ahl\u00e2ki sorgulaman\u0131n i\u00e7inde buluyor, g\u00fcnbeg\u00fcn her \u015feyin sonlanaca\u011f\u0131 o ana yakla\u015f\u0131yor. Georg B\u00fcchner, insanlar\u0131n can\u0131 pahas\u0131na y\u00fcr\u00fctt\u00fc\u011f\u00fc m\u00fccadeleyi ve devrimci ideallerin trajik bi\u00e7imde alt\u00fcst olu\u015funu ustaca oyunla\u015ft\u0131r\u0131yor. &#8220;Frans\u0131z Devrimi\u2019nin co\u015fkusunu arka plan edinen klasik bir siyasisi gerilim&#8230; Birbirine z\u0131t, ger\u00e7ek hayattan iki kahraman\u0131n aras\u0131nda \u00e7arp\u0131c\u0131 bir irade ve fikir sava\u015f\u0131 ya\u015fan\u0131yor.\u201d MARK SHENTOND\u00fcnya edebiyat\u0131n\u0131n ba\u015fyap\u0131tlar\u0131 \u0130leti\u015fim Klasikleri dizisinde!\u0130leti\u015fim Yay\u0131nlar\u0131, Murat Belge y\u00f6netiminde edebiyat klasikleri yay\u0131mlamaya devam ediyor. \u0130leti\u015fim Klasikleri dizisinden \u00e7\u0131kan kitaplar, edebiyata kar\u015f\u0131 sorumlulu\u011fu okuma zevkiyle bulu\u015fturan bir anlay\u0131\u015fla haz\u0131rlan\u0131yor. Eserler orijinal dillerinden ve tam metin \u00e7evirileriyle yay\u0131ma haz\u0131rlan\u0131rken, ana metne e\u015flik eden ve yetkin isimlerin yazd\u0131\u011f\u0131 \u00f6ns\u00f6z ve sons\u00f6zlere yer veriliyor. Ayr\u0131ca her kitab\u0131n ba\u015f\u0131nda, yazar\u0131n hayat\u0131na ve ya\u015fad\u0131\u011f\u0131 d\u00f6neme \u0131\u015f\u0131k tutan bir kronoloji bulunuyor. \u0130leti\u015fim Klasikleri\u2019nin i\u00e7eri\u011fi eserin ilk bask\u0131 kapa\u011f\u0131, el yazmas\u0131ndan \u00f6rnek sayfalar, haritalar ve \u00f6zel \u00e7izimlerle zenginle\u015ftiriliyor. Diziye \u00f6zel olarak haz\u0131rlanan kapak tasar\u0131m\u0131nda ise, resim tarihinden \u00f6zenle se\u00e7ilmi\u015f g\u00f6rseller kullan\u0131l\u0131yor.Zengin bir i\u00e7erikle haz\u0131rlanan \u0130leti\u015fim Klasikleri dizisi, g\u00fcvenilir ve \u00f6zenli biredisyonla okurla bulu\u015furken, alan\u0131nda referans kaynaklar sunuyor.<\/p>\n","protected":false},"excerpt":{"rendered":"<p>Danton\u2019un \u00d6l\u00fcm\u00fc Frans\u0131z Devrimi\u2019nin \u00e7alkant\u0131lar\u0131n\u0131 ve en sert \u00e7arp\u0131\u015fmalar\u0131n\u0131 t\u00fcm \u00e7\u0131plakl\u0131\u011f\u0131yla g\u00f6zler \u00f6n\u00fcne seren bir oyun. Bir zamanlar devrimin en \u00f6n saf\u0131nda yer alan Georges Danton,<span class=\"excerpt-hellip\"> [\u2026]<\/span><\/p>\n","protected":false},"featured_media":0,"template":"","meta":{"_monsterinsights_skip_tracking":false,"_monsterinsights_sitenote_active":false,"_monsterinsights_sitenote_note":"","_monsterinsights_sitenote_category":0},"product_brand":[],"product_cat":[12291,12711],"product_tag":[],"class_list":{"0":"post-772749","1":"product","2":"type-product","3":"status-publish","5":"product_cat-edebiyat","6":"product_cat-roman-oyku","7":"pa_cilt-ciltsiz","8":"pa_tur-kitap","9":"pa_yayinevi-iletisim-yayinlari","10":"pa_yazar-georg-buchner","12":"first","13":"instock","14":"sale","15":"shipping-taxable","16":"purchasable","17":"product-type-simple"},"_links":{"self":[{"href":"https:\/\/roveyayinevi.com.tr\/index.php\/wp-json\/wp\/v2\/product\/772749","targetHints":{"allow":["GET"]}}],"collection":[{"href":"https:\/\/roveyayinevi.com.tr\/index.php\/wp-json\/wp\/v2\/product"}],"about":[{"href":"https:\/\/roveyayinevi.com.tr\/index.php\/wp-json\/wp\/v2\/types\/product"}],"wp:attachment":[{"href":"https:\/\/roveyayinevi.com.tr\/index.php\/wp-json\/wp\/v2\/media?parent=772749"}],"wp:term":[{"taxonomy":"product_brand","embeddable":true,"href":"https:\/\/roveyayinevi.com.tr\/index.php\/wp-json\/wp\/v2\/product_brand?post=772749"},{"taxonomy":"product_cat","embeddable":true,"href":"https:\/\/roveyayinevi.com.tr\/index.php\/wp-json\/wp\/v2\/product_cat?post=772749"},{"taxonomy":"product_tag","embeddable":true,"href":"https:\/\/roveyayinevi.com.tr\/index.php\/wp-json\/wp\/v2\/product_tag?post=772749"}],"curies":[{"name":"wp","href":"https:\/\/api.w.org\/{rel}","templated":true}]}}