{"id":772748,"date":"2025-08-28T15:51:02","date_gmt":"2025-08-28T12:51:02","guid":{"rendered":"https:\/\/roveyayinevi.com.tr\/index.php\/urun\/agac-masa-kitap\/"},"modified":"2026-04-15T03:38:55","modified_gmt":"2026-04-15T00:38:55","slug":"agac-masa-kitap","status":"publish","type":"product","link":"https:\/\/roveyayinevi.com.tr\/index.php\/urun\/agac-masa-kitap\/","title":{"rendered":"A\u011fa\u00e7. Masa. Kitap."},"content":{"rendered":"<p>Bir on bir, di\u011feri seksen sekiz ya\u015f\u0131nda olan iki Sophie \u00e7ok yak\u0131n arkada\u015ft\u0131r. B\u00fcy\u00fck Sophie\u2019nin haf\u0131zas\u0131 zay\u0131flay\u0131nca, k\u00fc\u00e7\u00fck Sophie, ona yard\u0131m etmek i\u00e7in \u00e7abalar \u00e7\u00fcnk\u00fc o\u011flunun gelip de b\u00fcy\u00fck Sophie\u2019yi g\u00f6t\u00fcrmesini istemez. Bu s\u00fcre\u00e7te Sophieler, birbirlerine daha s\u0131k\u0131 ba\u011flan\u0131rlar. \u0130ki kez Newbery Madalyas\u0131\u2019n\u0131 kazanm\u0131\u015f Lois Lowry\u2019nin yeni kitab\u0131 A\u011fa\u00e7. Masa. Kitap., iki Sophie\u2019nin \u015fa\u015f\u0131rt\u0131c\u0131 ve i\u00e7 \u0131s\u0131tan dostlu\u011funu anlat\u0131yor.<\/p>\n","protected":false},"excerpt":{"rendered":"<p>Bir on bir, di\u011feri seksen sekiz ya\u015f\u0131nda olan iki Sophie \u00e7ok yak\u0131n arkada\u015ft\u0131r. B\u00fcy\u00fck Sophie\u2019nin haf\u0131zas\u0131 zay\u0131flay\u0131nca, k\u00fc\u00e7\u00fck Sophie, ona yard\u0131m etmek i\u00e7in \u00e7abalar \u00e7\u00fcnk\u00fc o\u011flunun<span class=\"excerpt-hellip\"> [\u2026]<\/span><\/p>\n","protected":false},"featured_media":0,"template":"","meta":{"_monsterinsights_skip_tracking":false,"_monsterinsights_sitenote_active":false,"_monsterinsights_sitenote_note":"","_monsterinsights_sitenote_category":0},"product_brand":[],"product_cat":[12274,12284],"product_tag":[],"class_list":{"0":"post-772748","1":"product","2":"type-product","3":"status-publish","5":"product_cat-cocuk-ve-genclik-kitaplari","6":"product_cat-hikayeler","7":"pa_cilt-ciltsiz","8":"pa_tur-kitap","9":"pa_yayinevi-genc-timas","10":"pa_yazar-lois-lowry","12":"first","13":"instock","14":"sale","15":"shipping-taxable","16":"purchasable","17":"product-type-simple"},"_links":{"self":[{"href":"https:\/\/roveyayinevi.com.tr\/index.php\/wp-json\/wp\/v2\/product\/772748","targetHints":{"allow":["GET"]}}],"collection":[{"href":"https:\/\/roveyayinevi.com.tr\/index.php\/wp-json\/wp\/v2\/product"}],"about":[{"href":"https:\/\/roveyayinevi.com.tr\/index.php\/wp-json\/wp\/v2\/types\/product"}],"wp:attachment":[{"href":"https:\/\/roveyayinevi.com.tr\/index.php\/wp-json\/wp\/v2\/media?parent=772748"}],"wp:term":[{"taxonomy":"product_brand","embeddable":true,"href":"https:\/\/roveyayinevi.com.tr\/index.php\/wp-json\/wp\/v2\/product_brand?post=772748"},{"taxonomy":"product_cat","embeddable":true,"href":"https:\/\/roveyayinevi.com.tr\/index.php\/wp-json\/wp\/v2\/product_cat?post=772748"},{"taxonomy":"product_tag","embeddable":true,"href":"https:\/\/roveyayinevi.com.tr\/index.php\/wp-json\/wp\/v2\/product_tag?post=772748"}],"curies":[{"name":"wp","href":"https:\/\/api.w.org\/{rel}","templated":true}]}}