{"id":772747,"date":"2025-08-28T15:50:59","date_gmt":"2025-08-28T12:50:59","guid":{"rendered":"https:\/\/roveyayinevi.com.tr\/index.php\/urun\/mandalina-yesili\/"},"modified":"2026-04-15T03:38:55","modified_gmt":"2026-04-15T00:38:55","slug":"mandalina-yesili","status":"publish","type":"product","link":"https:\/\/roveyayinevi.com.tr\/index.php\/urun\/mandalina-yesili\/","title":{"rendered":"Mandalina Ye\u015fili"},"content":{"rendered":"<p>\u201cBiz bu yolu beraber y\u00fcr\u00fcd\u00fck. Hem yaln\u0131zd\u0131k hem birlikteydik.\u201dLise birinci s\u0131n\u0131fa ba\u015flayan d\u00f6rt gen\u00e7 k\u0131z: Dayoon, Soran, Haein ve Eunji. Onlar\u0131 bir arada tutan dostluk, Shinyeongjin Lisesi\u2019nin beton duvarlar\u0131n\u0131n ard\u0131nda, zamanla derinle\u015fen \u00e7atlaklar\u0131n aras\u0131nda.Jeju Adas\u0131\u2019na bir gece g\u00f6md\u00fckleri s\u00f6z, b\u00fcy\u00fcmeye, de\u011fi\u015fmeye ve k\u0131r\u0131lmaya kar\u015f\u0131 verdikleri sessiz bir yemin misali ke\u015ffedilmeyi bekliyor.\u00c7ocuklukla yeti\u015fkinlik aras\u0131nda bir yere s\u0131k\u0131\u015fm\u0131\u015f bu karakterlerin hik\u00e2yesi par\u00e7al\u0131, da\u011f\u0131n\u0131k ve \u00e7ok tan\u0131d\u0131k. Mandalina gibi bir b\u00fct\u00fcn\u00fcn par\u00e7as\u0131 olan gen\u00e7 kad\u0131nlar\u0131n hik\u00e2yesi bu; kendilerine \u00f6zg\u00fc tatlar\u0131, yaralar ve umutlarla bezeli&#8230;<\/p>\n","protected":false},"excerpt":{"rendered":"<p>\u201cBiz bu yolu beraber y\u00fcr\u00fcd\u00fck. Hem yaln\u0131zd\u0131k hem birlikteydik.\u201dLise birinci s\u0131n\u0131fa ba\u015flayan d\u00f6rt gen\u00e7 k\u0131z: Dayoon, Soran, Haein ve Eunji. Onlar\u0131 bir arada tutan dostluk, Shinyeongjin<span class=\"excerpt-hellip\"> [\u2026]<\/span><\/p>\n","protected":false},"featured_media":0,"template":"","meta":{"_monsterinsights_skip_tracking":false,"_monsterinsights_sitenote_active":false,"_monsterinsights_sitenote_note":"","_monsterinsights_sitenote_category":0},"product_brand":[],"product_cat":[12291,12711],"product_tag":[],"class_list":{"0":"post-772747","1":"product","2":"type-product","3":"status-publish","5":"product_cat-edebiyat","6":"product_cat-roman-oyku","7":"pa_cilt-ciltsiz","8":"pa_tur-kitap","9":"pa_yayinevi-yuzu-kitap","10":"pa_yazar-cho-nam-joo","12":"first","13":"instock","14":"sale","15":"shipping-taxable","16":"purchasable","17":"product-type-simple"},"_links":{"self":[{"href":"https:\/\/roveyayinevi.com.tr\/index.php\/wp-json\/wp\/v2\/product\/772747","targetHints":{"allow":["GET"]}}],"collection":[{"href":"https:\/\/roveyayinevi.com.tr\/index.php\/wp-json\/wp\/v2\/product"}],"about":[{"href":"https:\/\/roveyayinevi.com.tr\/index.php\/wp-json\/wp\/v2\/types\/product"}],"wp:attachment":[{"href":"https:\/\/roveyayinevi.com.tr\/index.php\/wp-json\/wp\/v2\/media?parent=772747"}],"wp:term":[{"taxonomy":"product_brand","embeddable":true,"href":"https:\/\/roveyayinevi.com.tr\/index.php\/wp-json\/wp\/v2\/product_brand?post=772747"},{"taxonomy":"product_cat","embeddable":true,"href":"https:\/\/roveyayinevi.com.tr\/index.php\/wp-json\/wp\/v2\/product_cat?post=772747"},{"taxonomy":"product_tag","embeddable":true,"href":"https:\/\/roveyayinevi.com.tr\/index.php\/wp-json\/wp\/v2\/product_tag?post=772747"}],"curies":[{"name":"wp","href":"https:\/\/api.w.org\/{rel}","templated":true}]}}