{"id":772744,"date":"2025-08-28T15:50:54","date_gmt":"2025-08-28T12:50:54","guid":{"rendered":"https:\/\/roveyayinevi.com.tr\/index.php\/urun\/hippi-nihat\/"},"modified":"2026-04-15T03:38:55","modified_gmt":"2026-04-15T00:38:55","slug":"hippi-nihat","status":"publish","type":"product","link":"https:\/\/roveyayinevi.com.tr\/index.php\/urun\/hippi-nihat\/","title":{"rendered":"Hippi Nihat"},"content":{"rendered":"<p>Benim Hindistan\u2019da g\u00f6rd\u00fc\u011f\u00fcm o s\u0131ra d\u0131\u015f\u0131 haller asl\u0131nda \u201cAllahs\u0131z\u201dd\u0131. Allah laf\u0131 edilmezdi. O sebeple her \u015feyin ba\u015f\u0131 \u00f6ncelikle bir olan Allah\u2019a inanmakt\u0131r. Din, bir insan\u0131n ula\u015faca\u011f\u0131 manan\u0131n \u00e7ok \u00f6tesinde bir muhtevaya sahip. Bu kitap, kariyerinde ba\u015far\u0131l\u0131 bir m\u00fchendis ve teknokrat olabilecekken birdenbire her \u015feyi b\u0131rak\u0131p Hindistan\u2019da me\u015fhur guru Osho\u2019ya m\u00fcrit olmay\u0131 se\u00e7en bir gencin manevi yolculu\u011funa \u0131\u015f\u0131k tutuyor. 1960\u2019l\u0131 y\u0131llarda Varolu\u015f\u00e7u d\u00fc\u015f\u00fcnce sistemine paralel olarak ortaya \u00e7\u0131kan ve yery\u00fcz\u00fcndeki t\u00fcm s\u0131n\u0131rlar\u0131 reddeden \u201chippilik\u201d anlay\u0131\u015f\u0131yla birle\u015fen melez bir ya\u015fay\u0131\u015f tarz\u0131, asl\u0131nda \u201ckerim\u201d olan \u00e2demo\u011flunun sonsuzluk hasretinin bir tezah\u00fcr\u00fc olarak \u201cHippi Nihat\u201d \u00f6zelinde s\u00f6ylenecek olursa Hakk\u2019\u0131 bulma ve arama \u00e7abas\u0131d\u0131r. Osho&#8217;nun ashram\u0131nda ba\u015flay\u0131p Anadolu irfan\u0131nda nihayete eren bu hat\u0131rat, yaln\u0131zca bir d\u00f6nemin ruhunu de\u011fil, bir insan\u0131n hakikati arama \u00e7abas\u0131n\u0131, d\u00fc\u015f\u00fc\u015flerini ve d\u00f6n\u00fc\u015flerini anlat\u0131yor.<\/p>\n","protected":false},"excerpt":{"rendered":"<p>Benim Hindistan\u2019da g\u00f6rd\u00fc\u011f\u00fcm o s\u0131ra d\u0131\u015f\u0131 haller asl\u0131nda \u201cAllahs\u0131z\u201dd\u0131. Allah laf\u0131 edilmezdi. O sebeple her \u015feyin ba\u015f\u0131 \u00f6ncelikle bir olan Allah\u2019a inanmakt\u0131r. Din, bir insan\u0131n ula\u015faca\u011f\u0131<span class=\"excerpt-hellip\"> [\u2026]<\/span><\/p>\n","protected":false},"featured_media":0,"template":"","meta":{"_monsterinsights_skip_tracking":false,"_monsterinsights_sitenote_active":false,"_monsterinsights_sitenote_note":"","_monsterinsights_sitenote_category":0},"product_brand":[],"product_cat":[12718,12719,15238],"product_tag":[],"class_list":{"0":"post-772744","1":"product","2":"type-product","3":"status-publish","5":"product_cat-din","6":"product_cat-islam","7":"product_cat-tasavvuf","8":"pa_cilt-ciltsiz","9":"pa_tur-kitap","10":"pa_yayinevi-sufi-kitap","11":"pa_yazar-nihat-ozbudun","13":"first","14":"instock","15":"sale","16":"shipping-taxable","17":"purchasable","18":"product-type-simple"},"_links":{"self":[{"href":"https:\/\/roveyayinevi.com.tr\/index.php\/wp-json\/wp\/v2\/product\/772744","targetHints":{"allow":["GET"]}}],"collection":[{"href":"https:\/\/roveyayinevi.com.tr\/index.php\/wp-json\/wp\/v2\/product"}],"about":[{"href":"https:\/\/roveyayinevi.com.tr\/index.php\/wp-json\/wp\/v2\/types\/product"}],"wp:attachment":[{"href":"https:\/\/roveyayinevi.com.tr\/index.php\/wp-json\/wp\/v2\/media?parent=772744"}],"wp:term":[{"taxonomy":"product_brand","embeddable":true,"href":"https:\/\/roveyayinevi.com.tr\/index.php\/wp-json\/wp\/v2\/product_brand?post=772744"},{"taxonomy":"product_cat","embeddable":true,"href":"https:\/\/roveyayinevi.com.tr\/index.php\/wp-json\/wp\/v2\/product_cat?post=772744"},{"taxonomy":"product_tag","embeddable":true,"href":"https:\/\/roveyayinevi.com.tr\/index.php\/wp-json\/wp\/v2\/product_tag?post=772744"}],"curies":[{"name":"wp","href":"https:\/\/api.w.org\/{rel}","templated":true}]}}