{"id":772743,"date":"2025-08-28T15:50:52","date_gmt":"2025-08-28T12:50:52","guid":{"rendered":"https:\/\/roveyayinevi.com.tr\/index.php\/urun\/hikmet-atolyesi\/"},"modified":"2026-04-15T03:38:55","modified_gmt":"2026-04-15T00:38:55","slug":"hikmet-atolyesi","status":"publish","type":"product","link":"https:\/\/roveyayinevi.com.tr\/index.php\/urun\/hikmet-atolyesi\/","title":{"rendered":"Hikmet At\u00f6lyesi"},"content":{"rendered":"<p>\u0130nsan, muhabbet duymad\u0131\u011f\u0131 bir meseleyi anlamakta zorluk \u00e7eker. Bir hakikate kar\u015f\u0131 kalbinde sevgi bulunmad\u0131k\u00e7a onun kap\u0131lar\u0131n\u0131 kolay kolay a\u00e7amaz. Muhabbet duymad\u0131\u011f\u0131m\u0131z bir hakikati akl\u0131m\u0131za almakta zorlanaca\u011f\u0131m\u0131z gibi onu kalbimize de yeterince yerle\u015ftiremeyiz. Tecr\u00fcbeyle sabittir ki \u00f6\u011frenci, dersin \u00f6\u011fretmenini sevdi\u011finde o dersi daha iyi anlamaya ba\u015flar.Baz\u0131 feyizleri elde etmek, baz\u0131 manalar\u0131 ruhumuza katmak i\u00e7in muhabbet duygusunun yard\u0131m\u0131na ihtiyac\u0131m\u0131z var.Hakikat kap\u0131lar\u0131n\u0131n insana a\u00e7\u0131lmas\u0131 i\u00e7in gereken \u00f6ncelikli anahtar, Allah sevgisidir. G\u00f6nl\u00fcnde Allah sevgisine yer verememi\u015f biri ne kadar bilgi sahibi olursa olsun, ilahi ilimlerin hazinelerini a\u00e7amaz, definelerine ula\u015famaz. Malumat sahibi olma d\u00fczeyini a\u015f\u0131p marifet sahibi olamaz. Akl\u0131m\u0131z\u0131n ilimle nurlanabilmesi i\u00e7in g\u00f6nl\u00fcm\u00fcz\u00fcn O\u2019nun sevgisiyle ayd\u0131nlanm\u0131\u015f olmas\u0131 gerekir. Hikmet At\u00f6lyesi, zihni bilgiyle doldurmay\u0131 de\u011fil, kalbi diriltmeyi, ruhu dinlendirmeyi ve insan\u0131 iyile\u015ftirmeyi hedefliyor. Bu nedenle her b\u00f6l\u00fcm, okuyucunun i\u00e7 d\u00fcnyas\u0131nda yank\u0131lanacak bir \u00e7a\u011fr\u0131 niteli\u011fi ta\u015f\u0131yor.Kitaplar\u0131 y\u00fcz binlerce insana ula\u015fan Mecit \u00d6m\u00fcr \u00d6zt\u00fcrk, bu kitab\u0131nda da okuru sade ama sars\u0131c\u0131 bir dille bulu\u015fturuyor. \u0130nsan\u0131 insan yapan sab\u0131r, \u015f\u00fck\u00fcr, tevekk\u00fcl, irade, iman ve kalp gibi kadim kavramlar\u0131 g\u00fcn\u00fcm\u00fcz\u00fcn karma\u015fas\u0131nda yeniden d\u00fc\u015f\u00fcnmeye davet ediyor.<\/p>\n","protected":false},"excerpt":{"rendered":"<p>\u0130nsan, muhabbet duymad\u0131\u011f\u0131 bir meseleyi anlamakta zorluk \u00e7eker. Bir hakikate kar\u015f\u0131 kalbinde sevgi bulunmad\u0131k\u00e7a onun kap\u0131lar\u0131n\u0131 kolay kolay a\u00e7amaz. Muhabbet duymad\u0131\u011f\u0131m\u0131z bir hakikati akl\u0131m\u0131za almakta zorlanaca\u011f\u0131m\u0131z<span class=\"excerpt-hellip\"> [\u2026]<\/span><\/p>\n","protected":false},"featured_media":0,"template":"","meta":{"_monsterinsights_skip_tracking":false,"_monsterinsights_sitenote_active":false,"_monsterinsights_sitenote_note":"","_monsterinsights_sitenote_category":0},"product_brand":[],"product_cat":[12718,12719],"product_tag":[],"class_list":{"0":"post-772743","1":"product","2":"type-product","3":"status-publish","5":"product_cat-din","6":"product_cat-islam","7":"pa_cilt-ciltsiz","8":"pa_tur-kitap","9":"pa_yayinevi-timas-yayinlari","10":"pa_yazar-mecit-omur-ozturk","12":"first","13":"instock","14":"sale","15":"shipping-taxable","16":"purchasable","17":"product-type-simple"},"_links":{"self":[{"href":"https:\/\/roveyayinevi.com.tr\/index.php\/wp-json\/wp\/v2\/product\/772743","targetHints":{"allow":["GET"]}}],"collection":[{"href":"https:\/\/roveyayinevi.com.tr\/index.php\/wp-json\/wp\/v2\/product"}],"about":[{"href":"https:\/\/roveyayinevi.com.tr\/index.php\/wp-json\/wp\/v2\/types\/product"}],"wp:attachment":[{"href":"https:\/\/roveyayinevi.com.tr\/index.php\/wp-json\/wp\/v2\/media?parent=772743"}],"wp:term":[{"taxonomy":"product_brand","embeddable":true,"href":"https:\/\/roveyayinevi.com.tr\/index.php\/wp-json\/wp\/v2\/product_brand?post=772743"},{"taxonomy":"product_cat","embeddable":true,"href":"https:\/\/roveyayinevi.com.tr\/index.php\/wp-json\/wp\/v2\/product_cat?post=772743"},{"taxonomy":"product_tag","embeddable":true,"href":"https:\/\/roveyayinevi.com.tr\/index.php\/wp-json\/wp\/v2\/product_tag?post=772743"}],"curies":[{"name":"wp","href":"https:\/\/api.w.org\/{rel}","templated":true}]}}