{"id":772742,"date":"2025-08-28T15:50:50","date_gmt":"2025-08-28T12:50:50","guid":{"rendered":"https:\/\/roveyayinevi.com.tr\/index.php\/urun\/bakara-suresi-sohbetleri-3\/"},"modified":"2026-04-15T03:38:55","modified_gmt":"2026-04-15T00:38:55","slug":"bakara-suresi-sohbetleri-3","status":"publish","type":"product","link":"https:\/\/roveyayinevi.com.tr\/index.php\/urun\/bakara-suresi-sohbetleri-3\/","title":{"rendered":"Bakara Suresi Sohbetleri &#8211; 3"},"content":{"rendered":"<p>Kur\u2019an, insanlar\u0131 d\u00f6n\u00fc\u015ft\u00fcrebilecek bir rehberdir.\u0130nsanlar birbirini muhafazak\u00e2r, liberal, dindar ya da ilerici gibi etiketlerle tan\u0131mlar. Oysa Kur\u2019an \u015f\u00f6yle der: \u2018Onlar, sizin ve atalar\u0131n\u0131z\u0131n takt\u0131\u011f\u0131 isimlerden ibarettir.\u2019 (Necm, 23) Kalpler yaln\u0131zca Allah\u2019\u0131n elindedir. E\u011fer Allah\u2019\u0131n kelam\u0131na kulak verilirse, d\u00f6n\u00fc\u015f\u00fcm ger\u00e7ekle\u015fir. Kalbin d\u00f6n\u00fc\u015f\u00fcm\u00fc hi\u00e7bir insan\u0131n kontrol\u00fcnde de\u011fildir. Bizim g\u00f6revimiz, Allah\u2019\u0131n kelam\u0131n\u0131 hi\u00e7bir yarg\u0131, \u00f6nyarg\u0131 ya da k\u0131s\u0131tlama olmadan payla\u015fmakt\u0131r. Bundan sonras\u0131, insanlar\u0131n kalpleriyle Allah aras\u0131ndad\u0131r. Ancak o zaman takva kalpte hayat bulur.\u201d\u2018Umulur ki korunursunuz.\u2019 (Bakara, 63)Nouman Ali Khan Bakara Suresi Sohbetleri-3, surenin 49-89. ayetlerinde ge\u00e7en Hz. Musa k\u0131ssas\u0131n\u0131 ve \u0130srailo\u011fullar\u0131\u2019n\u0131n ya\u015fad\u0131klar\u0131n\u0131 konu ediniyor; Nouman Ali Khan \u00fcslubuyla kelimelerin k\u00f6kenlerini ve ifade etti\u011fi manalar\u0131 derinlemesine analiz ediyor. Ayn\u0131 zamanda Kur\u2019an ayetlerini \u0130ncil ve Tevrat\u2019ta yer alan anlat\u0131mlarla kar\u015f\u0131la\u015ft\u0131rarak \u015fu soruya cevap ar\u0131yor:\u201cBug\u00fcn ya\u015fad\u0131\u011f\u0131m\u0131z d\u00fcnyada ayetler bana ne s\u00f6yl\u00fcyor?\u201dNouman Ali Khan, bu \u00e7al\u0131\u015fmas\u0131nda da okurlar\u0131na hakikatli ve kalbi bir bak\u0131\u015f sunuyor. \u00c7\u00fcnk\u00fc kalpten kopup gelen s\u00f6zler, kalbe girer\u2026<\/p>\n","protected":false},"excerpt":{"rendered":"<p>Kur\u2019an, insanlar\u0131 d\u00f6n\u00fc\u015ft\u00fcrebilecek bir rehberdir.\u0130nsanlar birbirini muhafazak\u00e2r, liberal, dindar ya da ilerici gibi etiketlerle tan\u0131mlar. Oysa Kur\u2019an \u015f\u00f6yle der: \u2018Onlar, sizin ve atalar\u0131n\u0131z\u0131n takt\u0131\u011f\u0131 isimlerden ibarettir.\u2019<span class=\"excerpt-hellip\"> [\u2026]<\/span><\/p>\n","protected":false},"featured_media":0,"template":"","meta":{"_monsterinsights_skip_tracking":false,"_monsterinsights_sitenote_active":false,"_monsterinsights_sitenote_note":"","_monsterinsights_sitenote_category":0},"product_brand":[],"product_cat":[12718,12719],"product_tag":[],"class_list":{"0":"post-772742","1":"product","2":"type-product","3":"status-publish","5":"product_cat-din","6":"product_cat-islam","7":"pa_cilt-ciltsiz","8":"pa_tur-kitap","9":"pa_yayinevi-timas-yayinlari","10":"pa_yazar-nouman-ali-khan","12":"first","13":"instock","14":"sale","15":"shipping-taxable","16":"purchasable","17":"product-type-simple"},"_links":{"self":[{"href":"https:\/\/roveyayinevi.com.tr\/index.php\/wp-json\/wp\/v2\/product\/772742","targetHints":{"allow":["GET"]}}],"collection":[{"href":"https:\/\/roveyayinevi.com.tr\/index.php\/wp-json\/wp\/v2\/product"}],"about":[{"href":"https:\/\/roveyayinevi.com.tr\/index.php\/wp-json\/wp\/v2\/types\/product"}],"wp:attachment":[{"href":"https:\/\/roveyayinevi.com.tr\/index.php\/wp-json\/wp\/v2\/media?parent=772742"}],"wp:term":[{"taxonomy":"product_brand","embeddable":true,"href":"https:\/\/roveyayinevi.com.tr\/index.php\/wp-json\/wp\/v2\/product_brand?post=772742"},{"taxonomy":"product_cat","embeddable":true,"href":"https:\/\/roveyayinevi.com.tr\/index.php\/wp-json\/wp\/v2\/product_cat?post=772742"},{"taxonomy":"product_tag","embeddable":true,"href":"https:\/\/roveyayinevi.com.tr\/index.php\/wp-json\/wp\/v2\/product_tag?post=772742"}],"curies":[{"name":"wp","href":"https:\/\/api.w.org\/{rel}","templated":true}]}}