{"id":772739,"date":"2025-08-28T15:50:45","date_gmt":"2025-08-28T12:50:45","guid":{"rendered":"https:\/\/roveyayinevi.com.tr\/index.php\/urun\/gazze-gecmisten-gunumuze-direnisin-topragi\/"},"modified":"2026-04-15T03:38:55","modified_gmt":"2026-04-15T00:38:55","slug":"gazze-gecmisten-gunumuze-direnisin-topragi","status":"publish","type":"product","link":"https:\/\/roveyayinevi.com.tr\/index.php\/urun\/gazze-gecmisten-gunumuze-direnisin-topragi\/","title":{"rendered":"Gazze: Ge\u00e7mi\u015ften G\u00fcn\u00fcm\u00fcze Direni\u015fin Topra\u011f\u0131"},"content":{"rendered":"<p>7 Ekim Aksa Tufan\u0131 operasyonu ger\u00e7ekle\u015fti\u011finde istisnas\u0131z b\u00fct\u00fcn kesimlerin zihinleri allak bullak oldu. \u201cDurup dururken\u201d ne olmu\u015ftu da HAMAS \u0130srail\u2019e sald\u0131rm\u0131\u015ft\u0131? Bu soru, hem \u0130srail\u2019in 76 y\u0131ll\u0131k i\u015fgal tarihinden hem de Filistin hi\u00e7 hesaba kat\u0131lmaks\u0131z\u0131n kurulmakta olan yeni b\u00f6lgesel d\u00fczenden habersizli\u011fin bir \u00fcr\u00fcn\u00fcyd\u00fc.Filistin konusundaki bilgisizli\u011fimiz yeni de de\u011fil. Ge\u00e7ti\u011fimiz y\u0131llarda ABD-\u0130srail ikilisi Filistin\u2019de i\u015fgali kal\u0131c\u0131la\u015ft\u0131rma yolunda kritik ad\u0131mlar atarken de olanlardan habersizdik, bug\u00fcn de slogan d\u00fczeyindeki kanaatler d\u0131\u015f\u0131nda fazla bir bilgimiz oldu\u011fu s\u00f6ylenemez.\u00dclkemizin say\u0131l\u0131 Ortado\u011fu uzmanlar\u0131ndan Zahide Tuba Kor, Ortado\u011fu\u2019nun s\u00fcrekli yeniden yap\u0131land\u0131\u011f\u0131 bu zaman aral\u0131\u011f\u0131nda Gazze merkez olmak \u00fczere Filistin, \u0130srail, Suriye ve L\u00fcbnan\u2019da neler ya\u015fand\u0131\u011f\u0131n\u0131 ge\u00e7mi\u015ften bug\u00fcne tarihsel perspektif i\u00e7inde sunuyor. Ayn\u0131 zamanda uzun y\u0131llara dayanan saha bilgisinin katk\u0131s\u0131yla direni\u015fin arkas\u0131ndaki moral de\u011ferleri, insan manzaralar\u0131n\u0131 ve Gazzelilerin nesilden nesile aktard\u0131\u011f\u0131 dayan\u0131kl\u0131l\u0131k kodlar\u0131n\u0131 ele al\u0131yor.* 7 Ekim Aksa Tufan\u0131, Ortado\u011fu&#8217;da nas\u0131l bir k\u0131r\u0131lma noktas\u0131? * ABD&#8217;nin ve \u0130srail&#8217;in Ortado\u011fu ve Filistin planlar\u0131 neler? * \u0130srail, b\u00fcy\u00fck planlar\u0131na ula\u015fmak i\u00e7in 7 Ekim&#8217;e g\u00f6z m\u00fc yumdu?* HAMAS nedir, ne de\u011fildir?* 7 Ekim\u2019den evvel Gazzelilerin hayat\u0131 nas\u0131ld\u0131?  Sava\u015f, i\u015fgal ve a\u00e7l\u0131k kar\u015f\u0131s\u0131nda uzun zamand\u0131r nas\u0131l tahamm\u00fcl g\u00f6sterebiliyorlar?* Arap ve \u0130slam d\u00fcnyas\u0131 Gazze&#8217;de ya\u015fanan soyk\u0131r\u0131m kar\u015f\u0131s\u0131nda neden sessiz?* Filistin topraklar\u0131 \u0130srail\u2019in eline sat\u0131larak m\u0131 ge\u00e7ti?* Filistin&#8217;e bar\u0131\u015f gelir mi?<\/p>\n","protected":false},"excerpt":{"rendered":"<p>7 Ekim Aksa Tufan\u0131 operasyonu ger\u00e7ekle\u015fti\u011finde istisnas\u0131z b\u00fct\u00fcn kesimlerin zihinleri allak bullak oldu. \u201cDurup dururken\u201d ne olmu\u015ftu da HAMAS \u0130srail\u2019e sald\u0131rm\u0131\u015ft\u0131? Bu soru, hem \u0130srail\u2019in 76<span class=\"excerpt-hellip\"> [\u2026]<\/span><\/p>\n","protected":false},"featured_media":0,"template":"","meta":{"_monsterinsights_skip_tracking":false,"_monsterinsights_sitenote_active":false,"_monsterinsights_sitenote_note":"","_monsterinsights_sitenote_category":0},"product_brand":[],"product_cat":[12370,12304],"product_tag":[],"class_list":{"0":"post-772739","1":"product","2":"type-product","3":"status-publish","5":"product_cat-arastirma-inceleme","6":"product_cat-tarih","7":"pa_cilt-ciltsiz","8":"pa_tur-kitap","9":"pa_yayinevi-timas-yayinlari","10":"pa_yazar-zahide-tuba-kor","12":"first","13":"instock","14":"sale","15":"shipping-taxable","16":"purchasable","17":"product-type-simple"},"_links":{"self":[{"href":"https:\/\/roveyayinevi.com.tr\/index.php\/wp-json\/wp\/v2\/product\/772739","targetHints":{"allow":["GET"]}}],"collection":[{"href":"https:\/\/roveyayinevi.com.tr\/index.php\/wp-json\/wp\/v2\/product"}],"about":[{"href":"https:\/\/roveyayinevi.com.tr\/index.php\/wp-json\/wp\/v2\/types\/product"}],"wp:attachment":[{"href":"https:\/\/roveyayinevi.com.tr\/index.php\/wp-json\/wp\/v2\/media?parent=772739"}],"wp:term":[{"taxonomy":"product_brand","embeddable":true,"href":"https:\/\/roveyayinevi.com.tr\/index.php\/wp-json\/wp\/v2\/product_brand?post=772739"},{"taxonomy":"product_cat","embeddable":true,"href":"https:\/\/roveyayinevi.com.tr\/index.php\/wp-json\/wp\/v2\/product_cat?post=772739"},{"taxonomy":"product_tag","embeddable":true,"href":"https:\/\/roveyayinevi.com.tr\/index.php\/wp-json\/wp\/v2\/product_tag?post=772739"}],"curies":[{"name":"wp","href":"https:\/\/api.w.org\/{rel}","templated":true}]}}