{"id":772738,"date":"2025-08-28T15:50:43","date_gmt":"2025-08-28T12:50:43","guid":{"rendered":"https:\/\/roveyayinevi.com.tr\/index.php\/urun\/isaya-usurun-tarih-ve-ekonomi-politik-yazilari\/"},"modified":"2026-04-15T03:38:55","modified_gmt":"2026-04-15T00:38:55","slug":"isaya-usurun-tarih-ve-ekonomi-politik-yazilari","status":"publish","type":"product","link":"https:\/\/roveyayinevi.com.tr\/index.php\/urun\/isaya-usurun-tarih-ve-ekonomi-politik-yazilari\/","title":{"rendered":"\u0130\u015faya \u00dc\u015f\u00fcr\u2019\u00fcn Tarih ve Ekonomi Politik Yaz\u0131lar\u0131"},"content":{"rendered":"<p>Elinizdeki kitap, T\u00fcrkiye\u2019de \u00e7ok az yeti\u015fen bir sosyal bilimcinin, Prof. Dr. \u0130\u015faya \u00dc\u015f\u00fcr\u2019\u00fcn tarih, ekonomi politik ve iktisat politikalar\u0131 alan\u0131ndaki katk\u0131lar\u0131n\u0131 i\u00e7eriyor. Onun d\u00fc\u015f\u00fcnce sisteminde tarihin teorisi ile teorinin tarihi metodolojik bir birliktelik olarak yan yanad\u0131r. Kitapta okuyucuyu ilk olarak iktisat disiplininin do\u011fu\u015funa sahne olan \u0130ngiltere\u2019nin tarihi, \u0130\u015faya Hoca\u2019n\u0131n tan\u0131s\u0131yla ger\u00e7ek ger\u00e7eklik, beklemektedir. Bu yaz\u0131lar d\u00f6nemi i\u00e7in oldu\u011fu kadar bug\u00fcn i\u00e7in de katk\u0131 d\u00fczeyindedir. Osmanl\u0131 toplumsal yap\u0131s\u0131, Frans\u0131z ve T\u00fcrk devrimleri i\u00e7in s\u00fcrd\u00fcrd\u00fc\u011f\u00fc tart\u0131\u015fma hi\u00e7 ku\u015fkusuz zihin a\u00e7\u0131c\u0131 niteliktedir.   \u0130\u015faya \u00dc\u015f\u00fcr\u2019\u00fcn \u201cEkonomi Politik: Zarif Mezar Ta\u015flar\u0131\u201d yaz\u0131s\u0131n\u0131 onu kaybetti\u011fimizde yeniden okumu\u015ftum ve \u015fimdi bu kitapta bir daha okudum. Kavramlar\u0131n tarihi oldu\u011funu hat\u0131rlat\u0131rken ne kadar hakl\u0131 ve (iktisadi) d\u00fc\u015f\u00fcnce tarih\u00e7isini bir t\u00fcr mezarl\u0131k bek\u00e7isine benzetirken: \u201cZarafet, belki biraz bakan\u0131n g\u00f6z\u00fcndedir ama \u00f6yle zarif mezar ta\u015flar\u0131 vard\u0131r ki g\u00f6z ya da damak zevki fazla geli\u015fmemi\u015f olanlara bile \u2018orada\u2019 olduklar\u0131n\u0131 duyumsat\u0131rlar: Mezar ta\u015flar\u0131n\u0131 okumay\u0131 bilmek gerek!\u201d   \u0130\u015faya \u00dc\u015f\u00fcr T\u00fcrkiye\u2019de sosyal bilimcinin en yetkin \u00f6rneklerindendir. T\u00fcrkiye\u2019de sosyal bilimlerin tarihi \u201cger\u00e7ek\u201d olarak ne zaman d\u00fc\u015f\u00fcn\u00fcl\u00fcrse hoca \u201coradad\u0131r\u201d\u2026 <\/p>\n","protected":false},"excerpt":{"rendered":"<p>Elinizdeki kitap, T\u00fcrkiye\u2019de \u00e7ok az yeti\u015fen bir sosyal bilimcinin, Prof. Dr. \u0130\u015faya \u00dc\u015f\u00fcr\u2019\u00fcn tarih, ekonomi politik ve iktisat politikalar\u0131 alan\u0131ndaki katk\u0131lar\u0131n\u0131 i\u00e7eriyor. Onun d\u00fc\u015f\u00fcnce sisteminde tarihin<span class=\"excerpt-hellip\"> [\u2026]<\/span><\/p>\n","protected":false},"featured_media":0,"template":"","meta":{"_monsterinsights_skip_tracking":false,"_monsterinsights_sitenote_active":false,"_monsterinsights_sitenote_note":"","_monsterinsights_sitenote_category":0},"product_brand":[],"product_cat":[12304,13650],"product_tag":[],"class_list":{"0":"post-772738","1":"product","2":"type-product","3":"status-publish","5":"product_cat-tarih","6":"product_cat-turk-tarihi-arastirmalari","7":"pa_cilt-ciltsiz","8":"pa_tur-kitap","9":"pa_yayinevi-dost-kitabevi-yayinlari","10":"pa_yazar-a-gazi-vural-mustafa-kemal","12":"first","13":"instock","14":"sale","15":"shipping-taxable","16":"purchasable","17":"product-type-simple"},"_links":{"self":[{"href":"https:\/\/roveyayinevi.com.tr\/index.php\/wp-json\/wp\/v2\/product\/772738","targetHints":{"allow":["GET"]}}],"collection":[{"href":"https:\/\/roveyayinevi.com.tr\/index.php\/wp-json\/wp\/v2\/product"}],"about":[{"href":"https:\/\/roveyayinevi.com.tr\/index.php\/wp-json\/wp\/v2\/types\/product"}],"wp:attachment":[{"href":"https:\/\/roveyayinevi.com.tr\/index.php\/wp-json\/wp\/v2\/media?parent=772738"}],"wp:term":[{"taxonomy":"product_brand","embeddable":true,"href":"https:\/\/roveyayinevi.com.tr\/index.php\/wp-json\/wp\/v2\/product_brand?post=772738"},{"taxonomy":"product_cat","embeddable":true,"href":"https:\/\/roveyayinevi.com.tr\/index.php\/wp-json\/wp\/v2\/product_cat?post=772738"},{"taxonomy":"product_tag","embeddable":true,"href":"https:\/\/roveyayinevi.com.tr\/index.php\/wp-json\/wp\/v2\/product_tag?post=772738"}],"curies":[{"name":"wp","href":"https:\/\/api.w.org\/{rel}","templated":true}]}}