{"id":772737,"date":"2025-08-28T15:50:41","date_gmt":"2025-08-28T12:50:41","guid":{"rendered":"https:\/\/roveyayinevi.com.tr\/index.php\/urun\/fisilti-korusu\/"},"modified":"2026-04-15T03:38:55","modified_gmt":"2026-04-15T00:38:55","slug":"fisilti-korusu","status":"publish","type":"product","link":"https:\/\/roveyayinevi.com.tr\/index.php\/urun\/fisilti-korusu\/","title":{"rendered":"F\u0131s\u0131lt\u0131 Korusu"},"content":{"rendered":"<p>Bazen hayat, bize en iyi sanat\u0131 sunmak i\u00e7in kalbimizi k\u0131rar. 1939\u2019un sava\u015fla ve yoklukla m\u00fccadele eden Londra\u2019s\u0131nda, on d\u00f6rt ya\u015f\u0131ndaki Hazel ve be\u015f ya\u015f\u0131ndaki karde\u015fi Flora, \u00fclkedeki bir\u00e7ok \u00e7ocuk gibi sava\u015f\u0131n deh\u015fetinden uzak olmalar\u0131 i\u00e7in \u015fehrin k\u0131rsal kesimine tahliye ediliyordu. Hazel\u2019\u0131n, karde\u015finin k\u00fc\u00e7\u00fck y\u00fcre\u011fini ferahlatmak i\u00e7in yapabildi\u011fi tek \u015feyse onu, hayal g\u00fcc\u00fcn\u00fcn \u00fcr\u00fcn\u00fc masals\u0131 bir d\u00fcnyaya, F\u0131s\u0131lt\u0131 Korusu\u2019na g\u00f6t\u00fcrmekti. Hazel\u2019\u0131n anlatt\u0131\u011f\u0131 hik\u00e2yelerle k\u0131z karde\u015fler huzur bulduklar\u0131 bir diyara ka\u00e7\u0131yordu. K\u0131z karde\u015flerin bilmedi\u011fi \u015fey ise k\u0131rsal b\u00f6lgede tam da hik\u00e2yelerinden bir par\u00e7aym\u0131\u015f gibi hissettiren bir yuvaya kavu\u015facaklar\u0131, sevgi dolu bir anne ve o\u011flunun kanatlar\u0131 alt\u0131na al\u0131nacaklar\u0131yd\u0131. Bayan Aberdeen ve Harry, onlara korkunun h\u00e2kim olmad\u0131\u011f\u0131 bir d\u00fcnyada ya\u015faman\u0131n nas\u0131l bir \u015fey olaca\u011f\u0131n\u0131 \u00f6\u011fretirken, k\u0131z karde\u015fler de kendi masal d\u00fcnyalar\u0131n\u0131 bu yepyeni ger\u00e7ekli\u011fin bir par\u00e7as\u0131 haline getiriyorlard\u0131. Nehrin kenar\u0131nda oynad\u0131klar\u0131 bir g\u00fcn Flora\u2019n\u0131n ortadan kaybolmas\u0131 ve bir daha bulunamamas\u0131, ba\u015fta Hazel olmak \u00fczere bu masal\u0131n t\u00fcm kahramanlar\u0131n\u0131n hayatlar\u0131n\u0131 de\u011fi\u015ftirecekti. Kalbindeki derin \u00f6zlemle hayat\u0131na devam eden Hazel, \u015fimdi yirmi y\u0131l sonra nadide kitaplar satan bir kitap\u00e7\u0131da \u00e7al\u0131\u015f\u0131yor ve erkek arkada\u015f\u0131yla gelece\u011fini hayal ediyordu. Ancak d\u00fckk\u00e2na teslim edilen bir paketin i\u00e7inden F\u0131s\u0131lt\u0131 Korusu ad\u0131nda bir kitab\u0131n \u00e7\u0131kmas\u0131yla, Hazel\u2019\u0131n bu gizemi \u00e7\u00f6zme h\u0131rs\u0131 ka\u00e7\u0131n\u0131lmaz hale gelecekti. <\/p>\n","protected":false},"excerpt":{"rendered":"<p>Bazen hayat, bize en iyi sanat\u0131 sunmak i\u00e7in kalbimizi k\u0131rar. 1939\u2019un sava\u015fla ve yoklukla m\u00fccadele eden Londra\u2019s\u0131nda, on d\u00f6rt ya\u015f\u0131ndaki Hazel ve be\u015f ya\u015f\u0131ndaki karde\u015fi Flora,<span class=\"excerpt-hellip\"> [\u2026]<\/span><\/p>\n","protected":false},"featured_media":0,"template":"","meta":{"_monsterinsights_skip_tracking":false,"_monsterinsights_sitenote_active":false,"_monsterinsights_sitenote_note":"","_monsterinsights_sitenote_category":0},"product_brand":[],"product_cat":[12291,12711],"product_tag":[],"class_list":{"0":"post-772737","1":"product","2":"type-product","3":"status-publish","5":"product_cat-edebiyat","6":"product_cat-roman-oyku","7":"pa_cilt-ciltsiz","8":"pa_tur-kitap","9":"pa_yayinevi-arkadya-yayinlari","10":"pa_yazar-patti-callahan-henry","12":"first","13":"instock","14":"sale","15":"shipping-taxable","16":"purchasable","17":"product-type-simple"},"_links":{"self":[{"href":"https:\/\/roveyayinevi.com.tr\/index.php\/wp-json\/wp\/v2\/product\/772737","targetHints":{"allow":["GET"]}}],"collection":[{"href":"https:\/\/roveyayinevi.com.tr\/index.php\/wp-json\/wp\/v2\/product"}],"about":[{"href":"https:\/\/roveyayinevi.com.tr\/index.php\/wp-json\/wp\/v2\/types\/product"}],"wp:attachment":[{"href":"https:\/\/roveyayinevi.com.tr\/index.php\/wp-json\/wp\/v2\/media?parent=772737"}],"wp:term":[{"taxonomy":"product_brand","embeddable":true,"href":"https:\/\/roveyayinevi.com.tr\/index.php\/wp-json\/wp\/v2\/product_brand?post=772737"},{"taxonomy":"product_cat","embeddable":true,"href":"https:\/\/roveyayinevi.com.tr\/index.php\/wp-json\/wp\/v2\/product_cat?post=772737"},{"taxonomy":"product_tag","embeddable":true,"href":"https:\/\/roveyayinevi.com.tr\/index.php\/wp-json\/wp\/v2\/product_tag?post=772737"}],"curies":[{"name":"wp","href":"https:\/\/api.w.org\/{rel}","templated":true}]}}