{"id":772734,"date":"2025-08-28T15:50:35","date_gmt":"2025-08-28T12:50:35","guid":{"rendered":"https:\/\/roveyayinevi.com.tr\/index.php\/urun\/albert-seti-3-kitaptakim\/"},"modified":"2026-04-15T03:38:55","modified_gmt":"2026-04-15T00:38:55","slug":"albert-seti-3-kitaptakim","status":"publish","type":"product","link":"https:\/\/roveyayinevi.com.tr\/index.php\/urun\/albert-seti-3-kitaptakim\/","title":{"rendered":"Albert Seti (3 KitapTak\u0131m)"},"content":{"rendered":"<p>Setin i\u00e7inde yer alan kitaplar;   \u00c7a\u011f\u0131m\u0131z\u0131n Bilimleri D\u00fc\u015f\u00fcnce D\u00fc\u015fleri Umudu Ger\u00e7e\u011fe D\u00f6n\u00fc\u015ft\u00fcrmek <\/p>\n","protected":false},"excerpt":{"rendered":"<p>Setin i\u00e7inde yer alan kitaplar; \u00c7a\u011f\u0131m\u0131z\u0131n Bilimleri D\u00fc\u015f\u00fcnce D\u00fc\u015fleri Umudu Ger\u00e7e\u011fe D\u00f6n\u00fc\u015ft\u00fcrmek<\/p>\n","protected":false},"featured_media":0,"template":"","meta":{"_monsterinsights_skip_tracking":false,"_monsterinsights_sitenote_active":false,"_monsterinsights_sitenote_note":"","_monsterinsights_sitenote_category":0},"product_brand":[],"product_cat":[20351,12388],"product_tag":[],"class_list":{"0":"post-772734","1":"product","2":"type-product","3":"status-publish","5":"product_cat-dusunce","6":"product_cat-felsefe","7":"pa_cilt-set","8":"pa_tur-kitap","9":"pa_yayinevi-bgst-yayinlari","10":"pa_yazar-michael-albert","12":"first","13":"instock","14":"sale","15":"shipping-taxable","16":"purchasable","17":"product-type-simple"},"_links":{"self":[{"href":"https:\/\/roveyayinevi.com.tr\/index.php\/wp-json\/wp\/v2\/product\/772734","targetHints":{"allow":["GET"]}}],"collection":[{"href":"https:\/\/roveyayinevi.com.tr\/index.php\/wp-json\/wp\/v2\/product"}],"about":[{"href":"https:\/\/roveyayinevi.com.tr\/index.php\/wp-json\/wp\/v2\/types\/product"}],"wp:attachment":[{"href":"https:\/\/roveyayinevi.com.tr\/index.php\/wp-json\/wp\/v2\/media?parent=772734"}],"wp:term":[{"taxonomy":"product_brand","embeddable":true,"href":"https:\/\/roveyayinevi.com.tr\/index.php\/wp-json\/wp\/v2\/product_brand?post=772734"},{"taxonomy":"product_cat","embeddable":true,"href":"https:\/\/roveyayinevi.com.tr\/index.php\/wp-json\/wp\/v2\/product_cat?post=772734"},{"taxonomy":"product_tag","embeddable":true,"href":"https:\/\/roveyayinevi.com.tr\/index.php\/wp-json\/wp\/v2\/product_tag?post=772734"}],"curies":[{"name":"wp","href":"https:\/\/api.w.org\/{rel}","templated":true}]}}