{"id":772732,"date":"2025-08-28T15:50:32","date_gmt":"2025-08-28T12:50:32","guid":{"rendered":"https:\/\/roveyayinevi.com.tr\/index.php\/urun\/kulturel-cogulcu-tiyatro-seti-5-kitaptakim\/"},"modified":"2026-04-15T03:38:55","modified_gmt":"2026-04-15T00:38:55","slug":"kulturel-cogulcu-tiyatro-seti-5-kitaptakim","status":"publish","type":"product","link":"https:\/\/roveyayinevi.com.tr\/index.php\/urun\/kulturel-cogulcu-tiyatro-seti-5-kitaptakim\/","title":{"rendered":"K\u00fclt\u00fcrel \u00c7o\u011fulcu Tiyatro Seti (5 KitapTak\u0131m)"},"content":{"rendered":"<p>Setin i\u00e7inde yer alan kitaplar;   Osmanl\u0131 Ve T\u00fcrkiye Tiyatrosunda \u015eahinyanlar Sivri Dilli Dahi Vartovyan Kumpanyas\u0131 Ve Yeni Osmanl\u0131lar Venedik&#8217;ten \u0130stanbul&#8217;a Modern Ermeni Tiyatrosunun \u0130lk Ad\u0131mlar\u0131 \u0130ster A\u011fla \u0130ster G\u00fcl <\/p>\n","protected":false},"excerpt":{"rendered":"<p>Setin i\u00e7inde yer alan kitaplar; Osmanl\u0131 Ve T\u00fcrkiye Tiyatrosunda \u015eahinyanlar Sivri Dilli Dahi Vartovyan Kumpanyas\u0131 Ve Yeni Osmanl\u0131lar Venedik&#8217;ten \u0130stanbul&#8217;a Modern Ermeni Tiyatrosunun \u0130lk Ad\u0131mlar\u0131 \u0130ster<span class=\"excerpt-hellip\"> [\u2026]<\/span><\/p>\n","protected":false},"featured_media":0,"template":"","meta":{"_monsterinsights_skip_tracking":false,"_monsterinsights_sitenote_active":false,"_monsterinsights_sitenote_note":"","_monsterinsights_sitenote_category":0},"product_brand":[],"product_cat":[12291,14272],"product_tag":[],"class_list":{"0":"post-772732","1":"product","2":"type-product","3":"status-publish","5":"product_cat-edebiyat","6":"product_cat-tiyatro","7":"pa_cilt-set","8":"pa_tur-kitap","9":"pa_yayinevi-bgst-yayinlari","10":"pa_yazar-kolektif","12":"first","13":"instock","14":"sale","15":"shipping-taxable","16":"purchasable","17":"product-type-simple"},"_links":{"self":[{"href":"https:\/\/roveyayinevi.com.tr\/index.php\/wp-json\/wp\/v2\/product\/772732","targetHints":{"allow":["GET"]}}],"collection":[{"href":"https:\/\/roveyayinevi.com.tr\/index.php\/wp-json\/wp\/v2\/product"}],"about":[{"href":"https:\/\/roveyayinevi.com.tr\/index.php\/wp-json\/wp\/v2\/types\/product"}],"wp:attachment":[{"href":"https:\/\/roveyayinevi.com.tr\/index.php\/wp-json\/wp\/v2\/media?parent=772732"}],"wp:term":[{"taxonomy":"product_brand","embeddable":true,"href":"https:\/\/roveyayinevi.com.tr\/index.php\/wp-json\/wp\/v2\/product_brand?post=772732"},{"taxonomy":"product_cat","embeddable":true,"href":"https:\/\/roveyayinevi.com.tr\/index.php\/wp-json\/wp\/v2\/product_cat?post=772732"},{"taxonomy":"product_tag","embeddable":true,"href":"https:\/\/roveyayinevi.com.tr\/index.php\/wp-json\/wp\/v2\/product_tag?post=772732"}],"curies":[{"name":"wp","href":"https:\/\/api.w.org\/{rel}","templated":true}]}}