{"id":772731,"date":"2025-08-28T15:50:31","date_gmt":"2025-08-28T12:50:31","guid":{"rendered":"https:\/\/roveyayinevi.com.tr\/index.php\/urun\/populer-bilim-kitap-seti-7-kitap-takim\/"},"modified":"2026-04-15T03:38:55","modified_gmt":"2026-04-15T00:38:55","slug":"populer-bilim-kitap-seti-7-kitap-takim","status":"publish","type":"product","link":"https:\/\/roveyayinevi.com.tr\/index.php\/urun\/populer-bilim-kitap-seti-7-kitap-takim\/","title":{"rendered":"Pop\u00fcler Bilim Kitap Seti (7 Kitap Tak\u0131m)"},"content":{"rendered":"<p>Setin i\u00e7inde yer alan kitaplar;   Evrenin K\u00f6keni \u00dczerine Kuantum D\u00fcnyas\u0131nda K\u00fc\u00e7\u00fck Bir Gezinti Maddenin Gizemleri Einstein Plajda Darwin: Herkes \u0130\u00e7in Evrim Homo Sapiens: \u0130nsan\u0131n Evrimi Kronos&#8217;un Taktikleri <\/p>\n","protected":false},"excerpt":{"rendered":"<p>Setin i\u00e7inde yer alan kitaplar; Evrenin K\u00f6keni \u00dczerine Kuantum D\u00fcnyas\u0131nda K\u00fc\u00e7\u00fck Bir Gezinti Maddenin Gizemleri Einstein Plajda Darwin: Herkes \u0130\u00e7in Evrim Homo Sapiens: \u0130nsan\u0131n Evrimi Kronos&#8217;un<span class=\"excerpt-hellip\"> [\u2026]<\/span><\/p>\n","protected":false},"featured_media":0,"template":"","meta":{"_monsterinsights_skip_tracking":false,"_monsterinsights_sitenote_active":false,"_monsterinsights_sitenote_note":"","_monsterinsights_sitenote_category":0},"product_brand":[],"product_cat":[13005,13006],"product_tag":[],"class_list":{"0":"post-772731","1":"product","2":"type-product","3":"status-publish","5":"product_cat-bilim-muhendislik","6":"product_cat-populer-bilim","7":"pa_cilt-set","8":"pa_tur-kitap","9":"pa_yayinevi-bgst-yayinlari","10":"pa_yazar-kolektif","12":"first","13":"instock","14":"sale","15":"shipping-taxable","16":"purchasable","17":"product-type-simple"},"_links":{"self":[{"href":"https:\/\/roveyayinevi.com.tr\/index.php\/wp-json\/wp\/v2\/product\/772731","targetHints":{"allow":["GET"]}}],"collection":[{"href":"https:\/\/roveyayinevi.com.tr\/index.php\/wp-json\/wp\/v2\/product"}],"about":[{"href":"https:\/\/roveyayinevi.com.tr\/index.php\/wp-json\/wp\/v2\/types\/product"}],"wp:attachment":[{"href":"https:\/\/roveyayinevi.com.tr\/index.php\/wp-json\/wp\/v2\/media?parent=772731"}],"wp:term":[{"taxonomy":"product_brand","embeddable":true,"href":"https:\/\/roveyayinevi.com.tr\/index.php\/wp-json\/wp\/v2\/product_brand?post=772731"},{"taxonomy":"product_cat","embeddable":true,"href":"https:\/\/roveyayinevi.com.tr\/index.php\/wp-json\/wp\/v2\/product_cat?post=772731"},{"taxonomy":"product_tag","embeddable":true,"href":"https:\/\/roveyayinevi.com.tr\/index.php\/wp-json\/wp\/v2\/product_tag?post=772731"}],"curies":[{"name":"wp","href":"https:\/\/api.w.org\/{rel}","templated":true}]}}