{"id":772729,"date":"2025-08-28T15:50:28","date_gmt":"2025-08-28T12:50:28","guid":{"rendered":"https:\/\/roveyayinevi.com.tr\/index.php\/urun\/tiyatro-oyunlari-kitap-seti-10-kitap-takim\/"},"modified":"2025-11-21T11:53:48","modified_gmt":"2025-11-21T08:53:48","slug":"tiyatro-oyunlari-kitap-seti-10-kitap-takim","status":"publish","type":"product","link":"https:\/\/roveyayinevi.com.tr\/index.php\/urun\/tiyatro-oyunlari-kitap-seti-10-kitap-takim\/","title":{"rendered":"Tiyatro Oyunlar\u0131 Kitap Seti (10 Kitap Tak\u0131m)"},"content":{"rendered":"<p>Setin i\u00e7inde yer alan kitaplar;   Aydaki Canavar Bir Kad\u0131n Uyan\u0131yor Biz Siz Onlar Cad\u0131n\u0131n Boh\u00e7as\u0131 G\u00fcl\u00fc\u015f\u00fcn G\u00fcller A\u00e7s\u0131n Kad\u0131n Oyunlar\u0131 Otob\u00fcs Pilavdan D\u00f6nenin Ka\u015f\u0131\u011f\u0131 K\u0131r\u0131ls\u0131n Yeni Bir Hayat \u0130\u00e7in Zabel <\/p>\n","protected":false},"excerpt":{"rendered":"<p>Setin i\u00e7inde yer alan kitaplar; Aydaki Canavar Bir Kad\u0131n Uyan\u0131yor Biz Siz Onlar Cad\u0131n\u0131n Boh\u00e7as\u0131 G\u00fcl\u00fc\u015f\u00fcn G\u00fcller A\u00e7s\u0131n Kad\u0131n Oyunlar\u0131 Otob\u00fcs Pilavdan D\u00f6nenin Ka\u015f\u0131\u011f\u0131 K\u0131r\u0131ls\u0131n Yeni<span class=\"excerpt-hellip\"> [\u2026]<\/span><\/p>\n","protected":false},"featured_media":0,"template":"","meta":{"_monsterinsights_skip_tracking":false,"_monsterinsights_sitenote_active":false,"_monsterinsights_sitenote_note":"","_monsterinsights_sitenote_category":0},"product_brand":[],"product_cat":[12291,14272],"product_tag":[],"class_list":{"0":"post-772729","1":"product","2":"type-product","3":"status-publish","5":"product_cat-edebiyat","6":"product_cat-tiyatro","7":"pa_cilt-set","8":"pa_tur-kitap","9":"pa_yayinevi-bgst-yayinlari","10":"pa_yazar-kolektif","12":"first","13":"instock","14":"sale","15":"shipping-taxable","16":"purchasable","17":"product-type-simple"},"_links":{"self":[{"href":"https:\/\/roveyayinevi.com.tr\/index.php\/wp-json\/wp\/v2\/product\/772729","targetHints":{"allow":["GET"]}}],"collection":[{"href":"https:\/\/roveyayinevi.com.tr\/index.php\/wp-json\/wp\/v2\/product"}],"about":[{"href":"https:\/\/roveyayinevi.com.tr\/index.php\/wp-json\/wp\/v2\/types\/product"}],"wp:attachment":[{"href":"https:\/\/roveyayinevi.com.tr\/index.php\/wp-json\/wp\/v2\/media?parent=772729"}],"wp:term":[{"taxonomy":"product_brand","embeddable":true,"href":"https:\/\/roveyayinevi.com.tr\/index.php\/wp-json\/wp\/v2\/product_brand?post=772729"},{"taxonomy":"product_cat","embeddable":true,"href":"https:\/\/roveyayinevi.com.tr\/index.php\/wp-json\/wp\/v2\/product_cat?post=772729"},{"taxonomy":"product_tag","embeddable":true,"href":"https:\/\/roveyayinevi.com.tr\/index.php\/wp-json\/wp\/v2\/product_tag?post=772729"}],"curies":[{"name":"wp","href":"https:\/\/api.w.org\/{rel}","templated":true}]}}