{"id":772727,"date":"2025-08-28T15:50:24","date_gmt":"2025-08-28T12:50:24","guid":{"rendered":"https:\/\/roveyayinevi.com.tr\/index.php\/urun\/feminist-bir-mitoloji\/"},"modified":"2026-04-15T03:38:55","modified_gmt":"2026-04-15T00:38:55","slug":"feminist-bir-mitoloji","status":"publish","type":"product","link":"https:\/\/roveyayinevi.com.tr\/index.php\/urun\/feminist-bir-mitoloji\/","title":{"rendered":"Feminist Bir Mitoloji"},"content":{"rendered":"<p>Chiara Bottici bu e\u015fsiz kitab\u0131nda kavramsal dili ask\u0131ya alarak feminizmin hik\u00e2yelerini herkes i\u00e7in yeniden yaz\u0131yor. Feminist Bir Mitoloji kanonik mitlerdeki kad\u0131nl\u0131k anlat\u0131lar\u0131n\u0131 g\u00fcn\u00fcm\u00fcze ta\u015f\u0131yarak, modern bir bak\u0131\u015f a\u00e7\u0131s\u0131ndan mitlerin ve kad\u0131n olman\u0131n farkl\u0131 bi\u00e7imlerini ke\u015ffediyor. Mitlerin, tamamlanm\u0131\u015f nesneler de\u011fil, s\u00fcre\u00e7ler olduklar\u0131n\u0131, dolay\u0131s\u0131yla modern d\u00fcnyan\u0131n d\u00f6n\u00fc\u015f\u00fcm talep eden anlamland\u0131rma ihtiyac\u0131na yan\u0131t verebileceklerini d\u00fc\u015f\u00fcnen Bottici, bizim d\u00fcnyam\u0131za yerle\u015ftirdi\u011fi hik\u00e2yeleri g\u00fcndelik ya\u015fam\u0131n diliyle kaleme al\u0131yor. \u015eehr\u00e2z\u00e2d, Ariadne ve Europa\u2019y\u0131 \u00f6zg\u00fcrle\u015ftiren bu yeni \u00e7e\u015fitlemeler aras\u0131ndaki ili\u015fkiselli\u011fi de vurgulayan yazar, i\u00e7inde ya\u015fad\u0131\u011f\u0131m\u0131z heteronormatif d\u00fczeni sorgulayan bir yaz\u0131m tarz\u0131 \u00f6neriyor. Edebiyat, mitoloji ve felsefenin kesi\u015fim noktas\u0131nda duran bu ak\u0131c\u0131 metin t\u00fcm s\u0131n\u0131rlar\u0131 alt \u00fcst eden bir ba\u015fkala\u015f\u0131m arzusunu ortaya koydu\u011fu gibi, hik\u00e2ye anlat\u0131c\u0131l\u0131\u011f\u0131n\u0131n da bu arzuya paralel bir d\u00f6n\u00fc\u015f\u00fcm ge\u00e7irmesinin zorunlulu\u011funu ustal\u0131kla g\u00f6steriyor. Feminist Bir Mitoloji \u201ckurtlarla ko\u015fan kad\u0131nlar\u201d\u0131n \u00e7a\u011flar boyunca yaln\u0131zca dinlemeye mahk\u00fbm edildi\u011fi eril anlat\u0131 gelene\u011fini bo\u015fa \u00e7\u0131kararak etkin bir anlat\u0131c\u0131 konumuna ge\u00e7i\u015fini \u00f6rnekleyen sars\u0131c\u0131 bir peformans. <\/p>\n","protected":false},"excerpt":{"rendered":"<p>Chiara Bottici bu e\u015fsiz kitab\u0131nda kavramsal dili ask\u0131ya alarak feminizmin hik\u00e2yelerini herkes i\u00e7in yeniden yaz\u0131yor. Feminist Bir Mitoloji kanonik mitlerdeki kad\u0131nl\u0131k anlat\u0131lar\u0131n\u0131 g\u00fcn\u00fcm\u00fcze ta\u015f\u0131yarak, modern bir<span class=\"excerpt-hellip\"> [\u2026]<\/span><\/p>\n","protected":false},"featured_media":0,"template":"","meta":{"_monsterinsights_skip_tracking":false,"_monsterinsights_sitenote_active":false,"_monsterinsights_sitenote_note":"","_monsterinsights_sitenote_category":0},"product_brand":[],"product_cat":[12718,12858],"product_tag":[],"class_list":{"0":"post-772727","1":"product","2":"type-product","3":"status-publish","5":"product_cat-din","6":"product_cat-mitolojiler","7":"pa_cilt-ciltsiz","8":"pa_tur-kitap","9":"pa_yayinevi-livera-yayinevi","10":"pa_yazar-chiara-bottici","12":"first","13":"instock","14":"sale","15":"shipping-taxable","16":"purchasable","17":"product-type-simple"},"_links":{"self":[{"href":"https:\/\/roveyayinevi.com.tr\/index.php\/wp-json\/wp\/v2\/product\/772727","targetHints":{"allow":["GET"]}}],"collection":[{"href":"https:\/\/roveyayinevi.com.tr\/index.php\/wp-json\/wp\/v2\/product"}],"about":[{"href":"https:\/\/roveyayinevi.com.tr\/index.php\/wp-json\/wp\/v2\/types\/product"}],"wp:attachment":[{"href":"https:\/\/roveyayinevi.com.tr\/index.php\/wp-json\/wp\/v2\/media?parent=772727"}],"wp:term":[{"taxonomy":"product_brand","embeddable":true,"href":"https:\/\/roveyayinevi.com.tr\/index.php\/wp-json\/wp\/v2\/product_brand?post=772727"},{"taxonomy":"product_cat","embeddable":true,"href":"https:\/\/roveyayinevi.com.tr\/index.php\/wp-json\/wp\/v2\/product_cat?post=772727"},{"taxonomy":"product_tag","embeddable":true,"href":"https:\/\/roveyayinevi.com.tr\/index.php\/wp-json\/wp\/v2\/product_tag?post=772727"}],"curies":[{"name":"wp","href":"https:\/\/api.w.org\/{rel}","templated":true}]}}