{"id":772726,"date":"2025-08-28T15:50:23","date_gmt":"2025-08-28T12:50:23","guid":{"rendered":"https:\/\/roveyayinevi.com.tr\/index.php\/urun\/yani-basimizdaki-doga\/"},"modified":"2026-04-15T03:38:55","modified_gmt":"2026-04-15T00:38:55","slug":"yani-basimizdaki-doga","status":"publish","type":"product","link":"https:\/\/roveyayinevi.com.tr\/index.php\/urun\/yani-basimizdaki-doga\/","title":{"rendered":"Yan\u0131 Ba\u015f\u0131m\u0131zdaki Do\u011fa"},"content":{"rendered":"<p>T\u00fcr olarak insan do\u011fayla hep i\u00e7 i\u00e7e ya\u015fad\u0131, fakat yak\u0131n ge\u00e7mi\u015fte kentle\u015fmenin iyice yayg\u0131nla\u015fmas\u0131 bu durumu de\u011fi\u015ftirdi. Kurdu\u011fumuz \u015fehirler di\u011fer hayvanlar\u0131n ya\u015fam alanlar\u0131n\u0131 b\u00fcy\u00fck \u00f6l\u00e7\u00fcde tahrip ederek bir\u00e7o\u011funu uzakla\u015ft\u0131rd\u0131 ya da yokolu\u015fa s\u00fcr\u00fckledi, ama buna ra\u011fmen, insanmerkezli bak\u0131\u015f a\u00e7\u0131m\u0131zla \u00e7o\u011fu zaman fark etmesek de \u00e7evremizde ya\u015fayan say\u0131s\u0131z canl\u0131 var. Thor Hanson bu kitab\u0131nda bizi ya\u015fam\u0131n gailesi i\u00e7inde biraz yava\u015flay\u0131p yan\u0131 ba\u015f\u0131m\u0131zdaki canl\u0131lar\u0131 g\u00f6rmeye, ke\u015ffetmeye ve ko\u015fullar\u0131n\u0131 m\u00fcmk\u00fcn mertebe iyile\u015ftirmeye, b\u00f6ylece m\u00fc\u015fterek hayat\u0131m\u0131z\u0131 zenginle\u015ftirmeye davet ediyor.   Hanson do\u011fayla yeniden ba\u011f kurman\u0131n ve biyo\u00e7e\u015fitlili\u011fin korunmas\u0131na yard\u0131mc\u0131 olman\u0131n etkili y\u00f6ntemleri olarak \u201cvatanda\u015f bilimi\u201d ve \u201carka bah\u00e7e biyolojisi\u201d kavramlar\u0131n\u0131 tan\u0131t\u0131yor ve bunlar\u0131 hemen her yerde uygulamaya koyman\u0131n m\u00fcmk\u00fcn oldu\u011funu, dahas\u0131 bu pratiklerle tan\u0131\u015fman\u0131n asl\u0131nda bir ke\u015fif de\u011fil hat\u0131rlama eylemi oldu\u011funu s\u00f6yl\u00fcyor. D\u00fcnyan\u0131n d\u00f6rt bir yan\u0131nda s\u0131radan insanlar\u0131n kat\u0131l\u0131m\u0131yla y\u00fcr\u00fct\u00fclen yarat\u0131c\u0131 projeleri hayata ge\u00e7iren ki\u015filerle g\u00f6r\u00fc\u015ferek, biraz merak ve fark\u0131ndal\u0131kla hepimizin hem bilime hem de gezegenimizin sa\u011fl\u0131\u011f\u0131na katk\u0131da bulunabilece\u011fimizi g\u00f6steriyor.   M\u00fctevaz\u0131 bir bah\u00e7e veya park\u0131n bile insand\u0131\u015f\u0131 pek \u00e7ok sakini oldu\u011funu vurgulayan Hanson, bu canl\u0131lar\u0131 tan\u0131man\u0131n ve hayatlar\u0131n\u0131 iyile\u015ftirmek i\u00e7in k\u00fc\u00e7\u00fck de olsa bir \u015feyler yapman\u0131n sadece onlar i\u00e7in de\u011fil bizim i\u00e7in de sa\u011falt\u0131c\u0131 bir etkisi olaca\u011f\u0131n\u0131 belirtiyor, \u00e7\u00fcnk\u00fc d\u00fcnyam\u0131z i\u00e7in h\u00e2l\u00e2 umut oldu\u011funu hissetmeye hepimizin ihtiyac\u0131 var. <\/p>\n","protected":false},"excerpt":{"rendered":"<p>T\u00fcr olarak insan do\u011fayla hep i\u00e7 i\u00e7e ya\u015fad\u0131, fakat yak\u0131n ge\u00e7mi\u015fte kentle\u015fmenin iyice yayg\u0131nla\u015fmas\u0131 bu durumu de\u011fi\u015ftirdi. Kurdu\u011fumuz \u015fehirler di\u011fer hayvanlar\u0131n ya\u015fam alanlar\u0131n\u0131 b\u00fcy\u00fck \u00f6l\u00e7\u00fcde tahrip<span class=\"excerpt-hellip\"> [\u2026]<\/span><\/p>\n","protected":false},"featured_media":0,"template":"","meta":{"_monsterinsights_skip_tracking":false,"_monsterinsights_sitenote_active":false,"_monsterinsights_sitenote_note":"","_monsterinsights_sitenote_category":0},"product_brand":[],"product_cat":[13005,13010],"product_tag":[],"class_list":{"0":"post-772726","1":"product","2":"type-product","3":"status-publish","5":"product_cat-bilim-muhendislik","6":"product_cat-doga-bilimleri","7":"pa_cilt-ciltsiz","8":"pa_tur-kitap","9":"pa_yayinevi-metis-yayinlari","10":"pa_yazar-thor-hanson","12":"first","13":"instock","14":"sale","15":"shipping-taxable","16":"purchasable","17":"product-type-simple"},"_links":{"self":[{"href":"https:\/\/roveyayinevi.com.tr\/index.php\/wp-json\/wp\/v2\/product\/772726","targetHints":{"allow":["GET"]}}],"collection":[{"href":"https:\/\/roveyayinevi.com.tr\/index.php\/wp-json\/wp\/v2\/product"}],"about":[{"href":"https:\/\/roveyayinevi.com.tr\/index.php\/wp-json\/wp\/v2\/types\/product"}],"wp:attachment":[{"href":"https:\/\/roveyayinevi.com.tr\/index.php\/wp-json\/wp\/v2\/media?parent=772726"}],"wp:term":[{"taxonomy":"product_brand","embeddable":true,"href":"https:\/\/roveyayinevi.com.tr\/index.php\/wp-json\/wp\/v2\/product_brand?post=772726"},{"taxonomy":"product_cat","embeddable":true,"href":"https:\/\/roveyayinevi.com.tr\/index.php\/wp-json\/wp\/v2\/product_cat?post=772726"},{"taxonomy":"product_tag","embeddable":true,"href":"https:\/\/roveyayinevi.com.tr\/index.php\/wp-json\/wp\/v2\/product_tag?post=772726"}],"curies":[{"name":"wp","href":"https:\/\/api.w.org\/{rel}","templated":true}]}}