{"id":772725,"date":"2025-08-28T15:50:20","date_gmt":"2025-08-28T12:50:20","guid":{"rendered":"https:\/\/roveyayinevi.com.tr\/index.php\/urun\/davet\/"},"modified":"2026-04-07T03:32:51","modified_gmt":"2026-04-07T00:32:51","slug":"davet","status":"publish","type":"product","link":"https:\/\/roveyayinevi.com.tr\/index.php\/urun\/davet\/","title":{"rendered":"Davet"},"content":{"rendered":"<p>Ne garip diye d\u00fc\u015f\u00fcn\u00fcyor, insan bazen \u00f6yle \u015feyler ya\u015far, \u00f6yle \u015feyler hisseder ki sayfalarca yazacak, saatlerce konu\u015facak dertleri, m\u00fccadeleleri olur hayatta. Lakin, \u00e7\u0131t\u0131 \u00e7\u0131kmaz.   Ne garip diye d\u00fc\u015f\u00fcn\u00fcyor, insan bazen en \u00e7ok da en yak\u0131n\u0131ndan utan\u0131r s\u0131k\u0131l\u0131r da anlatamaz benli\u011fini etkileyenleri. Bo\u011faz\u0131 d\u00fc\u011f\u00fcmlenir; c\u00fcmleler yar\u0131da, konular havada kal\u0131r.   Ne garip diye d\u00fc\u015f\u00fcn\u00fcyor; \u00f6yle kayg\u0131l\u0131, \u00f6yle korkuyor ki, saatlerce a\u011flayabilir, onlarca felaket senaryosu yazabilir asl\u0131nda. Ama o en yak\u0131n arkada\u015f\u0131n\u0131n d\u00fc\u011f\u00fcn\u00fcne do\u011fru yol almakta. \u015eimdi el ele tutu\u015fma, en b\u00fcy\u00fck g\u00fcn\u00fc kutlama, bu \u015f\u00f6lenin bir par\u00e7as\u0131 olabildi\u011fi i\u00e7in \u015f\u00fckretme zaman\u0131. \u015eimdi, en \u00e7ok da susma zaman\u0131.   Davet, bir kad\u0131n\u0131n zihninin k\u0131y\u0131s\u0131ndan hayata, korkudan cesarete, yaln\u0131zl\u0131ktan iyile\u015fmeye uzanan hik\u00e2yesi. <\/p>\n","protected":false},"excerpt":{"rendered":"<p>Ne garip diye d\u00fc\u015f\u00fcn\u00fcyor, insan bazen \u00f6yle \u015feyler ya\u015far, \u00f6yle \u015feyler hisseder ki sayfalarca yazacak, saatlerce konu\u015facak dertleri, m\u00fccadeleleri olur hayatta. Lakin, \u00e7\u0131t\u0131 \u00e7\u0131kmaz. Ne garip<span class=\"excerpt-hellip\"> [\u2026]<\/span><\/p>\n","protected":false},"featured_media":0,"template":"","meta":{"_monsterinsights_skip_tracking":false,"_monsterinsights_sitenote_active":false,"_monsterinsights_sitenote_note":"","_monsterinsights_sitenote_category":0},"product_brand":[],"product_cat":[12291,12711],"product_tag":[],"class_list":{"0":"post-772725","1":"product","2":"type-product","3":"status-publish","5":"product_cat-edebiyat","6":"product_cat-roman-oyku","7":"pa_cilt-ciltsiz","8":"pa_tur-kitap","9":"pa_yayinevi-dogan-solibri-yayinlari","10":"pa_yazar-nazli-sever","12":"first","13":"instock","14":"sale","15":"shipping-taxable","16":"purchasable","17":"product-type-simple"},"_links":{"self":[{"href":"https:\/\/roveyayinevi.com.tr\/index.php\/wp-json\/wp\/v2\/product\/772725","targetHints":{"allow":["GET"]}}],"collection":[{"href":"https:\/\/roveyayinevi.com.tr\/index.php\/wp-json\/wp\/v2\/product"}],"about":[{"href":"https:\/\/roveyayinevi.com.tr\/index.php\/wp-json\/wp\/v2\/types\/product"}],"wp:attachment":[{"href":"https:\/\/roveyayinevi.com.tr\/index.php\/wp-json\/wp\/v2\/media?parent=772725"}],"wp:term":[{"taxonomy":"product_brand","embeddable":true,"href":"https:\/\/roveyayinevi.com.tr\/index.php\/wp-json\/wp\/v2\/product_brand?post=772725"},{"taxonomy":"product_cat","embeddable":true,"href":"https:\/\/roveyayinevi.com.tr\/index.php\/wp-json\/wp\/v2\/product_cat?post=772725"},{"taxonomy":"product_tag","embeddable":true,"href":"https:\/\/roveyayinevi.com.tr\/index.php\/wp-json\/wp\/v2\/product_tag?post=772725"}],"curies":[{"name":"wp","href":"https:\/\/api.w.org\/{rel}","templated":true}]}}