{"id":772724,"date":"2025-08-28T15:50:19","date_gmt":"2025-08-28T12:50:19","guid":{"rendered":"https:\/\/roveyayinevi.com.tr\/index.php\/urun\/gor-en-sen\/"},"modified":"2026-04-07T03:32:51","modified_gmt":"2026-04-07T00:32:51","slug":"gor-en-sen","status":"publish","type":"product","link":"https:\/\/roveyayinevi.com.tr\/index.php\/urun\/gor-en-sen\/","title":{"rendered":"G\u00f6r En Sen"},"content":{"rendered":"<p>Vakti zaman\u0131nda bir boyutta sorulmu\u015f bir soruya verdi\u011fin bir yan\u0131ts\u0131n sen. G\u00fcn gelip de SEN olmay\u0131 bekleyen t\u00fcm ihtimallerin yana yana dizilip kar\u015f\u0131na \u00e7\u0131ksa ve sen aralar\u0131ndan istedi\u011fini se\u00e7ebilece\u011fini, o se\u00e7ti\u011fini de olabilece\u011fini bilsen, durur musun?   Hayat se\u00e7imlerden, her se\u00e7im duyulacak bir sesleni\u015fle verilecek kararlardan ibaret, her karar\u0131n ard\u0131 da g\u00f6r\u00fclmeyi bekleyen yepyeni ihtimallerle dolu, her biri bir \u00f6d\u00fcl tad\u0131nda. Bir kez olsun yok sand\u0131\u011f\u0131n ihtimallerin de etraf\u0131nda dola\u015ft\u0131\u011f\u0131n\u0131, her olas\u0131l\u0131\u011f\u0131n ula\u015f\u0131labilir, bir o kadar da ger\u00e7ek olmas\u0131n\u0131n m\u00fcmk\u00fcn oldu\u011funu bilsen kuraca\u011f\u0131n bellek sofralar\u0131nda nas\u0131l seslenirsin kendine?   Kim oldu\u011fun da kim olaca\u011f\u0131n da bir soru de\u011fil, ihtimaller evreninde, sonsuz olas\u0131l\u0131klar aras\u0131nda, \u201cDaha ba\u015fka kim olabilirim?\u201d sorusuna verdi\u011fin yan\u0131tlar\u0131ndan biri sadece. Evrenin \u00f6yle gizemli bir dili var ki, hem anla\u015f\u0131lmay\u0131 hem karma\u015f\u0131k kalmay\u0131 istiyor\u2026 \u201cKa\u00e7 evrende ka\u00e7 sim\u00fclasyon var?\u201d   D\u00dc\u015e\/\u00dcN\/SEN kitab\u0131n\u0131n yazar\u0131 Beli\u011f A. G\u00fcreller\u2019den \u00e7oklu evrenler, yapay zek\u00e2, kuantum d\u00fc\u015f\u00fcnce ve sonsuz olas\u0131l\u0131klar\u0131 merkezine alan, zaman, zamans\u0131zl\u0131k, hayat ve se\u00e7imler \u00fczerine \u015fahane bir yap-boz kitap. Kitapla beraber okur s\u0131n\u0131rs\u0131z ihtimallerle dolu bir sim\u00fclasyona gizlenmi\u015f dev bilmeceyi \u00e7\u00f6zmeye \u00e7a\u011f\u0131r\u0131l\u0131yor ve cevap anahtar\u0131 da kitab\u0131n i\u00e7inde gizli. <\/p>\n","protected":false},"excerpt":{"rendered":"<p>Vakti zaman\u0131nda bir boyutta sorulmu\u015f bir soruya verdi\u011fin bir yan\u0131ts\u0131n sen. G\u00fcn gelip de SEN olmay\u0131 bekleyen t\u00fcm ihtimallerin yana yana dizilip kar\u015f\u0131na \u00e7\u0131ksa ve sen<span class=\"excerpt-hellip\"> [\u2026]<\/span><\/p>\n","protected":false},"featured_media":0,"template":"","meta":{"_monsterinsights_skip_tracking":false,"_monsterinsights_sitenote_active":false,"_monsterinsights_sitenote_note":"","_monsterinsights_sitenote_category":0},"product_brand":[],"product_cat":[12364,12376],"product_tag":[],"class_list":{"0":"post-772724","1":"product","2":"type-product","3":"status-publish","5":"product_cat-genel-konular","6":"product_cat-kisisel-gelisim","7":"pa_cilt-ciltsiz","8":"pa_tur-kitap","9":"pa_yayinevi-dogan-novus","10":"pa_yazar-belig-a-gureller","12":"first","13":"instock","14":"sale","15":"shipping-taxable","16":"purchasable","17":"product-type-simple"},"_links":{"self":[{"href":"https:\/\/roveyayinevi.com.tr\/index.php\/wp-json\/wp\/v2\/product\/772724","targetHints":{"allow":["GET"]}}],"collection":[{"href":"https:\/\/roveyayinevi.com.tr\/index.php\/wp-json\/wp\/v2\/product"}],"about":[{"href":"https:\/\/roveyayinevi.com.tr\/index.php\/wp-json\/wp\/v2\/types\/product"}],"wp:attachment":[{"href":"https:\/\/roveyayinevi.com.tr\/index.php\/wp-json\/wp\/v2\/media?parent=772724"}],"wp:term":[{"taxonomy":"product_brand","embeddable":true,"href":"https:\/\/roveyayinevi.com.tr\/index.php\/wp-json\/wp\/v2\/product_brand?post=772724"},{"taxonomy":"product_cat","embeddable":true,"href":"https:\/\/roveyayinevi.com.tr\/index.php\/wp-json\/wp\/v2\/product_cat?post=772724"},{"taxonomy":"product_tag","embeddable":true,"href":"https:\/\/roveyayinevi.com.tr\/index.php\/wp-json\/wp\/v2\/product_tag?post=772724"}],"curies":[{"name":"wp","href":"https:\/\/api.w.org\/{rel}","templated":true}]}}