{"id":772723,"date":"2025-08-28T15:50:18","date_gmt":"2025-08-28T12:50:18","guid":{"rendered":"https:\/\/roveyayinevi.com.tr\/index.php\/urun\/kalpte-yasamak\/"},"modified":"2026-04-11T14:41:44","modified_gmt":"2026-04-11T11:41:44","slug":"kalpte-yasamak","status":"publish","type":"product","link":"https:\/\/roveyayinevi.com.tr\/index.php\/urun\/kalpte-yasamak\/","title":{"rendered":"Kalpte Ya\u015famak"},"content":{"rendered":"<p>Kalbinizde kar\u015f\u0131l\u0131k bulan her sat\u0131rda, belki de uzun zamand\u0131r unuttu\u011funuz bir par\u00e7a kendine yer bulacak. \u00c7\u00fcnk\u00fc kalpte ya\u015famak, hat\u0131rlamakla ba\u015flar\u2026   Bir kalp cerrah\u0131 ve bir yoga e\u011fitmeni ayn\u0131 c\u00fcmlede bulu\u015fur mu? \u201cKalpte Ya\u015famak\u201d tam da bu sorunun cevab\u0131. Biri ger\u00e7ek kalpleri onaran bir doktor, di\u011feri ruhun kalbine inen bir e\u011fitmen&#8230; Farkl\u0131 disiplinlerden gelen bu iki insan\u0131n i\u00e7ten, cesur ve d\u00f6n\u00fc\u015ft\u00fcr\u00fcc\u00fc anlat\u0131lar\u0131, hem fiziksel hem duygusal yaralara \u015fefkatle dokunuyor.   Kitap, her g\u00fcn yapt\u0131\u011f\u0131m\u0131z se\u00e7imlerin ard\u0131ndaki inan\u00e7 kal\u0131plar\u0131n\u0131, bast\u0131r\u0131lm\u0131\u015f duygular\u0131 ve unuttu\u011fumuz y\u00f6nlerimizi fark ettirmeye \u00e7al\u0131\u015f\u0131yor. Bu fark\u0131ndal\u0131kla birlikte gelen pratik \u00f6neriler, yaln\u0131zca teorik de\u011fil, uygulanabilir bir d\u00f6n\u00fc\u015f\u00fcm yolunu da beraberinde getiriyor. Kalpte Ya\u015famak, kalbin sadece bir organ olmad\u0131\u011f\u0131n\u0131; onun bir pusula, bir rehber olabilece\u011fini hat\u0131rlat\u0131yor.   Ya\u015fam\u0131n merkezine kalbi koymak isteyenler i\u00e7in i\u00e7ten, bilgece ve sade bir yol haritas\u0131. <\/p>\n","protected":false},"excerpt":{"rendered":"<p>Kalbinizde kar\u015f\u0131l\u0131k bulan her sat\u0131rda, belki de uzun zamand\u0131r unuttu\u011funuz bir par\u00e7a kendine yer bulacak. \u00c7\u00fcnk\u00fc kalpte ya\u015famak, hat\u0131rlamakla ba\u015flar\u2026 Bir kalp cerrah\u0131 ve bir yoga<span class=\"excerpt-hellip\"> [\u2026]<\/span><\/p>\n","protected":false},"featured_media":0,"template":"","meta":{"_monsterinsights_skip_tracking":false,"_monsterinsights_sitenote_active":false,"_monsterinsights_sitenote_note":"","_monsterinsights_sitenote_category":0},"product_brand":[],"product_cat":[12364,12376],"product_tag":[],"class_list":{"0":"post-772723","1":"product","2":"type-product","3":"status-publish","5":"product_cat-genel-konular","6":"product_cat-kisisel-gelisim","7":"pa_cilt-ciltsiz","8":"pa_tur-kitap","9":"pa_yayinevi-dogan-novus","10":"pa_yazar-semin-yalman-yilmaz-oguz-yilmaz","12":"first","13":"instock","14":"sale","15":"shipping-taxable","16":"purchasable","17":"product-type-simple"},"_links":{"self":[{"href":"https:\/\/roveyayinevi.com.tr\/index.php\/wp-json\/wp\/v2\/product\/772723","targetHints":{"allow":["GET"]}}],"collection":[{"href":"https:\/\/roveyayinevi.com.tr\/index.php\/wp-json\/wp\/v2\/product"}],"about":[{"href":"https:\/\/roveyayinevi.com.tr\/index.php\/wp-json\/wp\/v2\/types\/product"}],"wp:attachment":[{"href":"https:\/\/roveyayinevi.com.tr\/index.php\/wp-json\/wp\/v2\/media?parent=772723"}],"wp:term":[{"taxonomy":"product_brand","embeddable":true,"href":"https:\/\/roveyayinevi.com.tr\/index.php\/wp-json\/wp\/v2\/product_brand?post=772723"},{"taxonomy":"product_cat","embeddable":true,"href":"https:\/\/roveyayinevi.com.tr\/index.php\/wp-json\/wp\/v2\/product_cat?post=772723"},{"taxonomy":"product_tag","embeddable":true,"href":"https:\/\/roveyayinevi.com.tr\/index.php\/wp-json\/wp\/v2\/product_tag?post=772723"}],"curies":[{"name":"wp","href":"https:\/\/api.w.org\/{rel}","templated":true}]}}