{"id":772722,"date":"2025-08-28T15:50:15","date_gmt":"2025-08-28T12:50:15","guid":{"rendered":"https:\/\/roveyayinevi.com.tr\/index.php\/urun\/barbar-asik\/"},"modified":"2026-04-15T03:38:55","modified_gmt":"2026-04-15T00:38:55","slug":"barbar-asik","status":"publish","type":"product","link":"https:\/\/roveyayinevi.com.tr\/index.php\/urun\/barbar-asik\/","title":{"rendered":"Barbar A\u015f\u0131k"},"content":{"rendered":"<p>Kira, bu yabanc\u0131 gezegende kimseyle e\u015fle\u015fmeyi d\u00fc\u015f\u00fcnm\u00fcyordu. En az\u0131ndan kendine s\u00f6yledi\u011fi buydu. Fakat bu so\u011fuk gezegenin onun i\u00e7in bamba\u015fka planlar\u0131 vard\u0131\u2026   \u201cBuzlarla kapl\u0131 bu gezegende mahsur kalm\u0131\u015f biri olarak, yeni bir yuva buldu\u011fum i\u00e7in mutlu olmal\u0131yd\u0131m. \u0130nsan kad\u0131nlar\u0131 burada el \u00fcst\u00fcnde tutuluyor ve dev uzayl\u0131lardan biri fl\u00f6rt\u00f6z, \u00e7ekici, g\u00f6z kama\u015ft\u0131r\u0131c\u0131 biri\u2013 a\u00e7\u0131k\u00e7a beni istiyor.   Aehako\u2019yu geri \u00e7evirmek kolay de\u011fil \u00e7\u00fcnk\u00fc onu boynuzlar\u0131ndan yakalay\u0131p k\u00fcrklerine s\u00fcr\u00fcklemeyi her ge\u00e7en g\u00fcn daha da fazla istiyorum.   Ama saklad\u0131\u011f\u0131m b\u00fcy\u00fck bir s\u0131r var. Dahas\u0131, beni ka\u00e7\u0131ran uzayl\u0131lar\u0131n kula\u011f\u0131mdaki \u00e7evirici sayesinde beni bulmalar\u0131 da an meselesi. Varl\u0131\u011f\u0131m bu gezegendeki herkesi riske at\u0131yor. Bu konuda bir \u015fey yapmak zorunday\u0131m. Yine de, kurdu\u011fum bu yeni hayattan ve her \u015feyden \u00e7ok arzulad\u0131\u011f\u0131m o adamdan vazge\u00e7ebilecek miyim?   Peki ya o, t\u00fcm s\u0131rlar\u0131m\u0131 \u00f6\u011frendi\u011finde h\u00e2l\u00e2 beni isteyecek mi?\u201d <\/p>\n","protected":false},"excerpt":{"rendered":"<p>Kira, bu yabanc\u0131 gezegende kimseyle e\u015fle\u015fmeyi d\u00fc\u015f\u00fcnm\u00fcyordu. En az\u0131ndan kendine s\u00f6yledi\u011fi buydu. Fakat bu so\u011fuk gezegenin onun i\u00e7in bamba\u015fka planlar\u0131 vard\u0131\u2026 \u201cBuzlarla kapl\u0131 bu gezegende mahsur<span class=\"excerpt-hellip\"> [\u2026]<\/span><\/p>\n","protected":false},"featured_media":0,"template":"","meta":{"_monsterinsights_skip_tracking":false,"_monsterinsights_sitenote_active":false,"_monsterinsights_sitenote_note":"","_monsterinsights_sitenote_category":0},"product_brand":[],"product_cat":[12291,12711],"product_tag":[],"class_list":{"0":"post-772722","1":"product","2":"type-product","3":"status-publish","5":"product_cat-edebiyat","6":"product_cat-roman-oyku","7":"pa_cilt-ciltsiz","8":"pa_tur-kitap","9":"pa_yayinevi-dex-yayinevi","10":"pa_yazar-ruby-dixon","12":"first","13":"instock","14":"sale","15":"shipping-taxable","16":"purchasable","17":"product-type-simple"},"_links":{"self":[{"href":"https:\/\/roveyayinevi.com.tr\/index.php\/wp-json\/wp\/v2\/product\/772722","targetHints":{"allow":["GET"]}}],"collection":[{"href":"https:\/\/roveyayinevi.com.tr\/index.php\/wp-json\/wp\/v2\/product"}],"about":[{"href":"https:\/\/roveyayinevi.com.tr\/index.php\/wp-json\/wp\/v2\/types\/product"}],"wp:attachment":[{"href":"https:\/\/roveyayinevi.com.tr\/index.php\/wp-json\/wp\/v2\/media?parent=772722"}],"wp:term":[{"taxonomy":"product_brand","embeddable":true,"href":"https:\/\/roveyayinevi.com.tr\/index.php\/wp-json\/wp\/v2\/product_brand?post=772722"},{"taxonomy":"product_cat","embeddable":true,"href":"https:\/\/roveyayinevi.com.tr\/index.php\/wp-json\/wp\/v2\/product_cat?post=772722"},{"taxonomy":"product_tag","embeddable":true,"href":"https:\/\/roveyayinevi.com.tr\/index.php\/wp-json\/wp\/v2\/product_tag?post=772722"}],"curies":[{"name":"wp","href":"https:\/\/api.w.org\/{rel}","templated":true}]}}