{"id":772718,"date":"2025-08-28T15:50:06","date_gmt":"2025-08-28T12:50:06","guid":{"rendered":"https:\/\/roveyayinevi.com.tr\/index.php\/urun\/saglikla-zayifla\/"},"modified":"2026-04-15T03:38:55","modified_gmt":"2026-04-15T00:38:55","slug":"saglikla-zayifla","status":"publish","type":"product","link":"https:\/\/roveyayinevi.com.tr\/index.php\/urun\/saglikla-zayifla\/","title":{"rendered":"Sa\u011fl\u0131kla Zay\u0131fla"},"content":{"rendered":"<p>Sa\u011fl\u0131kl\u0131 ya\u015fam\u0131n en g\u00fc\u00e7l\u00fc motiflerinden biri; do\u011fru beslenme \u015feklidir. \u0130nsan\u0131n anatomik yap\u0131s\u0131n\u0131 ve psikolojik \u00f6zelliklerini bir b\u00fct\u00fcn kabul ederek, sa\u011fl\u0131kl\u0131 beslenmenin fit bir v\u00fccudu beraberinde getirdi\u011fini bilimsel verilerle ortaya koyan bu eser, sadece zay\u0131flamak de\u011fil, sa\u011fl\u0131kl\u0131 bir ya\u015famla formunda kalmak \u0130steyenler i\u00e7in bir ba\u015fucu kitab\u0131. <\/p>\n","protected":false},"excerpt":{"rendered":"<p>Sa\u011fl\u0131kl\u0131 ya\u015fam\u0131n en g\u00fc\u00e7l\u00fc motiflerinden biri; do\u011fru beslenme \u015feklidir. \u0130nsan\u0131n anatomik yap\u0131s\u0131n\u0131 ve psikolojik \u00f6zelliklerini bir b\u00fct\u00fcn kabul ederek, sa\u011fl\u0131kl\u0131 beslenmenin fit bir v\u00fccudu beraberinde getirdi\u011fini<span class=\"excerpt-hellip\"> [\u2026]<\/span><\/p>\n","protected":false},"featured_media":0,"template":"","meta":{"_monsterinsights_skip_tracking":false,"_monsterinsights_sitenote_active":false,"_monsterinsights_sitenote_note":"","_monsterinsights_sitenote_category":0},"product_brand":[],"product_cat":[13402,13365],"product_tag":[],"class_list":{"0":"post-772718","1":"product","2":"type-product","3":"status-publish","5":"product_cat-beslenme-ve-diyet","6":"product_cat-saglik","7":"pa_cilt-ciltsiz","8":"pa_tur-kitap","9":"pa_yayinevi-ucuncu-goz","10":"pa_yazar-ender-sarac","12":"first","13":"instock","14":"sale","15":"shipping-taxable","16":"purchasable","17":"product-type-simple"},"_links":{"self":[{"href":"https:\/\/roveyayinevi.com.tr\/index.php\/wp-json\/wp\/v2\/product\/772718","targetHints":{"allow":["GET"]}}],"collection":[{"href":"https:\/\/roveyayinevi.com.tr\/index.php\/wp-json\/wp\/v2\/product"}],"about":[{"href":"https:\/\/roveyayinevi.com.tr\/index.php\/wp-json\/wp\/v2\/types\/product"}],"wp:attachment":[{"href":"https:\/\/roveyayinevi.com.tr\/index.php\/wp-json\/wp\/v2\/media?parent=772718"}],"wp:term":[{"taxonomy":"product_brand","embeddable":true,"href":"https:\/\/roveyayinevi.com.tr\/index.php\/wp-json\/wp\/v2\/product_brand?post=772718"},{"taxonomy":"product_cat","embeddable":true,"href":"https:\/\/roveyayinevi.com.tr\/index.php\/wp-json\/wp\/v2\/product_cat?post=772718"},{"taxonomy":"product_tag","embeddable":true,"href":"https:\/\/roveyayinevi.com.tr\/index.php\/wp-json\/wp\/v2\/product_tag?post=772718"}],"curies":[{"name":"wp","href":"https:\/\/api.w.org\/{rel}","templated":true}]}}