{"id":772717,"date":"2025-08-28T15:50:05","date_gmt":"2025-08-28T12:50:05","guid":{"rendered":"https:\/\/roveyayinevi.com.tr\/index.php\/urun\/modern-insanin-evrimi\/"},"modified":"2026-04-15T03:38:55","modified_gmt":"2026-04-15T00:38:55","slug":"modern-insanin-evrimi","status":"publish","type":"product","link":"https:\/\/roveyayinevi.com.tr\/index.php\/urun\/modern-insanin-evrimi\/","title":{"rendered":"Modern \u0130nsan\u0131n Evrimi"},"content":{"rendered":"<p>\u0130nsanl\u0131k tarihinin derinliklerine uzanan evrimsel bir yolculuk\u2026 Modern ya\u015fam\u0131n \u015fekillendirdi\u011fi yeni kimliklerimizi g\u00f6zler \u00f6n\u00fcne seren bir ba\u015fyap\u0131t. Elinizdeki kitap, yaln\u0131zca primat evriminin izlerini s\u00fcrmekle kalm\u0131yor, ayn\u0131 zamanda insan\u0131n yaratt\u0131\u011f\u0131 \u00e7evre, teknolojik geli\u015fmeler ve k\u00fclt\u00fcrel de\u011fi\u015fimler aras\u0131ndaki karma\u015f\u0131k etkile\u015fimi detayl\u0131 bir bi\u00e7imde inceliyor. Bilimsel ara\u015ft\u0131rmalar, antropolojik veriler ve ki\u015fisel g\u00f6zlemler bir araya getirilerek, insan\u0131n evrimiyle modern d\u00fcnyan\u0131n d\u00f6n\u00fc\u015f\u00fcm\u00fc aras\u0131nda kurulan ince ama sa\u011flam k\u00f6pr\u00fcler ortaya konuyor. Primat davran\u0131\u015flar\u0131ndan ba\u015flayarak, insan\u0131n sosyal, k\u00fclt\u00fcrel ve biyolojik yap\u0131s\u0131n\u0131n nas\u0131l yeniden in\u015fa edildi\u011fi, teknolojinin ve \u015fehirle\u015fmenin etkisiyle nas\u0131l farkl\u0131la\u015ft\u0131\u011f\u0131 g\u00f6zler \u00f6n\u00fcne seriliyor. \u0130nsan evriminin ve modern ya\u015fam\u0131n birbirine nas\u0131l dokundu\u011funu, birbirini nas\u0131l d\u00f6n\u00fc\u015ft\u00fcrd\u00fc\u011f\u00fcn\u00fc merak ediyorsan\u0131z, bu kitap size hem entelekt\u00fcel hem de duygusal bir deneyim sunacak. Modern \u0130nsan\u0131n Evrimi, yaln\u0131zca bilimsel bir inceleme de\u011fil, ayn\u0131 zamanda insan olman\u0131n evrensel \u00f6yk\u00fcs\u00fcn\u00fc yeniden d\u00fc\u015f\u00fcnmeye iten, sorgulatan, ilham verici bir eser. <\/p>\n","protected":false},"excerpt":{"rendered":"<p>\u0130nsanl\u0131k tarihinin derinliklerine uzanan evrimsel bir yolculuk\u2026 Modern ya\u015fam\u0131n \u015fekillendirdi\u011fi yeni kimliklerimizi g\u00f6zler \u00f6n\u00fcne seren bir ba\u015fyap\u0131t. Elinizdeki kitap, yaln\u0131zca primat evriminin izlerini s\u00fcrmekle kalm\u0131yor, ayn\u0131<span class=\"excerpt-hellip\"> [\u2026]<\/span><\/p>\n","protected":false},"featured_media":0,"template":"","meta":{"_monsterinsights_skip_tracking":false,"_monsterinsights_sitenote_active":false,"_monsterinsights_sitenote_note":"","_monsterinsights_sitenote_category":0},"product_brand":[],"product_cat":[15499,13488],"product_tag":[],"class_list":{"0":"post-772717","1":"product","2":"type-product","3":"status-publish","5":"product_cat-antropoloji","6":"product_cat-toplum-ve-insan","7":"pa_cilt-ciltsiz","8":"pa_tur-kitap","9":"pa_yayinevi-inkilap-kitabevi","10":"pa_yazar-vybarr-cregan-reid","12":"first","13":"instock","14":"sale","15":"shipping-taxable","16":"purchasable","17":"product-type-simple"},"_links":{"self":[{"href":"https:\/\/roveyayinevi.com.tr\/index.php\/wp-json\/wp\/v2\/product\/772717","targetHints":{"allow":["GET"]}}],"collection":[{"href":"https:\/\/roveyayinevi.com.tr\/index.php\/wp-json\/wp\/v2\/product"}],"about":[{"href":"https:\/\/roveyayinevi.com.tr\/index.php\/wp-json\/wp\/v2\/types\/product"}],"wp:attachment":[{"href":"https:\/\/roveyayinevi.com.tr\/index.php\/wp-json\/wp\/v2\/media?parent=772717"}],"wp:term":[{"taxonomy":"product_brand","embeddable":true,"href":"https:\/\/roveyayinevi.com.tr\/index.php\/wp-json\/wp\/v2\/product_brand?post=772717"},{"taxonomy":"product_cat","embeddable":true,"href":"https:\/\/roveyayinevi.com.tr\/index.php\/wp-json\/wp\/v2\/product_cat?post=772717"},{"taxonomy":"product_tag","embeddable":true,"href":"https:\/\/roveyayinevi.com.tr\/index.php\/wp-json\/wp\/v2\/product_tag?post=772717"}],"curies":[{"name":"wp","href":"https:\/\/api.w.org\/{rel}","templated":true}]}}