{"id":772716,"date":"2025-08-28T15:50:02","date_gmt":"2025-08-28T12:50:02","guid":{"rendered":"https:\/\/roveyayinevi.com.tr\/index.php\/urun\/gash-bell-2\/"},"modified":"2026-04-15T03:38:54","modified_gmt":"2026-04-15T00:38:54","slug":"gash-bell-2","status":"publish","type":"product","link":"https:\/\/roveyayinevi.com.tr\/index.php\/urun\/gash-bell-2\/","title":{"rendered":"Gash Bell -2"},"content":{"rendered":"<p>Kiyomaro ve Zatch\u2019in maceras\u0131 kald\u0131\u011f\u0131 yerden devam ediyor! Gizemli k\u0131rm\u0131z\u0131 kitab\u0131n b\u00fcy\u00fcl\u00fc g\u00fc\u00e7lerini ke\u015ffeden Kiyomaro ve Gash,iblis d\u00fcnyas\u0131n\u0131n kral\u0131 olmak i\u00e7in zorlu bir m\u00fccadeleye at\u0131lm\u0131\u015ft\u0131.Birinci ciltte kar\u015f\u0131la\u015ft\u0131klar\u0131 rakiplerini alt etmeyi ba\u015faran ikili, ayr\u0131l\u0131klar\u0131n h\u00fczn\u00fcyley\u00fczle\u015firken \u015fimdi daha g\u00fc\u00e7l\u00fc d\u00fc\u015fmanlarla kar\u015f\u0131 kar\u015f\u0131ya! Kiyomaro ve Gash,bu zorlu yolculukta dostluklar\u0131n\u0131 daha da peki\u015ftirecek ve yeni yeteneklerinike\u015ffedecekler. Gizemli g\u00fc\u00e7lere sahip yeni iblis \u00e7ocuklar ortaya \u00e7\u0131karken,Kiyomaro ve Gash\u2019in k\u0131rm\u0131z\u0131 kitab\u0131 \u00e7al\u0131n\u0131nca ba\u015flar\u0131 b\u00fcy\u00fck belaya girecek! Yeni ve g\u00fc\u00e7l\u00fc \u015feytan \u00e7ocuklar\u0131yla tan\u0131\u015f\u0131n ve Kiyomaro ileGash\u2019in aras\u0131ndaki ba\u011f\u0131n derinle\u015fmesine \u015fahit olun!<\/p>\n","protected":false},"excerpt":{"rendered":"<p>Kiyomaro ve Zatch\u2019in maceras\u0131 kald\u0131\u011f\u0131 yerden devam ediyor! Gizemli k\u0131rm\u0131z\u0131 kitab\u0131n b\u00fcy\u00fcl\u00fc g\u00fc\u00e7lerini ke\u015ffeden Kiyomaro ve Gash,iblis d\u00fcnyas\u0131n\u0131n kral\u0131 olmak i\u00e7in zorlu bir m\u00fccadeleye at\u0131lm\u0131\u015ft\u0131.Birinci ciltte<span class=\"excerpt-hellip\"> [\u2026]<\/span><\/p>\n","protected":false},"featured_media":0,"template":"","meta":{"_monsterinsights_skip_tracking":false,"_monsterinsights_sitenote_active":false,"_monsterinsights_sitenote_note":"","_monsterinsights_sitenote_category":0},"product_brand":[],"product_cat":[12416,12291],"product_tag":[],"class_list":{"0":"post-772716","1":"product","2":"type-product","3":"status-publish","5":"product_cat-cizgi-roman","6":"product_cat-edebiyat","7":"pa_cilt-ciltsiz","8":"pa_tur-kitap","9":"pa_yayinevi-kayip-kita-yayinlari","10":"pa_yazar-makoto-raiku","12":"first","13":"instock","14":"sale","15":"shipping-taxable","16":"purchasable","17":"product-type-simple"},"_links":{"self":[{"href":"https:\/\/roveyayinevi.com.tr\/index.php\/wp-json\/wp\/v2\/product\/772716","targetHints":{"allow":["GET"]}}],"collection":[{"href":"https:\/\/roveyayinevi.com.tr\/index.php\/wp-json\/wp\/v2\/product"}],"about":[{"href":"https:\/\/roveyayinevi.com.tr\/index.php\/wp-json\/wp\/v2\/types\/product"}],"wp:attachment":[{"href":"https:\/\/roveyayinevi.com.tr\/index.php\/wp-json\/wp\/v2\/media?parent=772716"}],"wp:term":[{"taxonomy":"product_brand","embeddable":true,"href":"https:\/\/roveyayinevi.com.tr\/index.php\/wp-json\/wp\/v2\/product_brand?post=772716"},{"taxonomy":"product_cat","embeddable":true,"href":"https:\/\/roveyayinevi.com.tr\/index.php\/wp-json\/wp\/v2\/product_cat?post=772716"},{"taxonomy":"product_tag","embeddable":true,"href":"https:\/\/roveyayinevi.com.tr\/index.php\/wp-json\/wp\/v2\/product_tag?post=772716"}],"curies":[{"name":"wp","href":"https:\/\/api.w.org\/{rel}","templated":true}]}}