{"id":772715,"date":"2025-08-28T15:50:01","date_gmt":"2025-08-28T12:50:01","guid":{"rendered":"https:\/\/roveyayinevi.com.tr\/index.php\/urun\/kurani-tabirler\/"},"modified":"2026-04-15T03:38:54","modified_gmt":"2026-04-15T00:38:54","slug":"kurani-tabirler","status":"publish","type":"product","link":"https:\/\/roveyayinevi.com.tr\/index.php\/urun\/kurani-tabirler\/","title":{"rendered":"Kur&#8217;ani Tabirler"},"content":{"rendered":"<p>Kur&#8217;\u00e2n-\u0131 Ker\u00eem, insanl\u0131k tarihinin en muhte\u015fem mucizesidir. Her kelimesi, derinli\u011fi ke\u015ffedilmemi\u015f bir okyanus gibi insan\u0131 hayrete d\u00fc\u015f\u00fcren inceliklerle doludur. Onu anlamak, yaln\u0131zca metni okumakla de\u011fil her harfin ard\u0131ndaki hikmeti her kelimenin ta\u015f\u0131d\u0131\u011f\u0131 evrensel mesaj\u0131 ve il\u00e2h\u00ee sanat\u0131 tefekk\u00fcr etmekle ger\u00e7ekle\u015fir. Bu yolculukta size rehberlik edecek bir eser: F\u00e2d\u0131l S\u00e2lih es-S\u00e2merr\u00e2\u00ee\u2019nin Kur\u2019\u00e2n\u00ee T\u00e2birler kitab\u0131. \u00c7a\u011f\u0131m\u0131z\u0131n \u00f6nde gelen dil ve belagat \u00e2limi S\u00e2merr\u00e2\u00ee, klasik tefsir gelene\u011fini modern ilimlerle harmanlayarak Kur\u2019\u00e2n\u2019\u0131n e\u015fsiz \u00fcslubunu \u00e7\u00f6z\u00fcml\u00fcyor. Kelimelerin k\u00f6k anlamlar\u0131ndan ba\u011flamsal inceliklerine, Rahm\u00e2n ile Rah\u00eem\u2019in fark\u0131ndan ayetlerin sosyal mesaj\u0131na kadar Kur\u2019\u00e2n\u2019\u0131n \u201csessiz mucizeleri\u201dni g\u00f6zler \u00f6n\u00fcne seriyor. \u00d6rne\u011fin: \u201cRahm\u00e2n\u201d, susuzlu\u011fa an\u0131nda merhamet eden bir \u00e7\u0131nar gibi; \u201cRah\u00eem\u201d ise bir anne gibi \u015fefkatle merakl\u0131\u2026 Kur\u2019\u00e2n f\u0131kh\u0131 endi\u015fesiyle \u201csiz\u201d ile \u00e7ocuklar\u0131n\u0131z\u0131 da r\u0131z\u0131kland\u0131r\u0131r\u0131z,\u201d diye cevap verirken se\u00e7ilen zamir bile anlam y\u00fckl\u00fc s\u00f6z diz\u2026 \u201celveri\u015fli eden tesir\u2026\u201d Bu kitap, Kur\u2019\u00e2n\u2019\u0131n kelimelerini birer \u201canlam gemisi\u201dne d\u00f6n\u00fc\u015ft\u00fcr\u00fcyor. Onlarla binin ve il\u00e2h\u00ee hikmetin engin sular\u0131nda yolculu\u011fa \u00e7\u0131k\u0131n! Kur\u2019\u00e2n sana, sen onun verdi\u011finden kat kat fazlas\u0131n\u0131 sunar. Yeter ki onunla derin bir ba\u011f kurmay\u0131 iste\u2026<\/p>\n","protected":false},"excerpt":{"rendered":"<p>Kur&#8217;\u00e2n-\u0131 Ker\u00eem, insanl\u0131k tarihinin en muhte\u015fem mucizesidir. Her kelimesi, derinli\u011fi ke\u015ffedilmemi\u015f bir okyanus gibi insan\u0131 hayrete d\u00fc\u015f\u00fcren inceliklerle doludur. Onu anlamak, yaln\u0131zca metni okumakla de\u011fil her<span class=\"excerpt-hellip\"> [\u2026]<\/span><\/p>\n","protected":false},"featured_media":0,"template":"","meta":{"_monsterinsights_skip_tracking":false,"_monsterinsights_sitenote_active":false,"_monsterinsights_sitenote_note":"","_monsterinsights_sitenote_category":0},"product_brand":[],"product_cat":[13036,12718,12719],"product_tag":[],"class_list":{"0":"post-772715","1":"product","2":"type-product","3":"status-publish","5":"product_cat-arastirma-inceleme-islam","6":"product_cat-din","7":"product_cat-islam","8":"pa_cilt-ciltsiz","9":"pa_tur-kitap","10":"pa_yayinevi-albaraka-yayinlari","11":"pa_yazar-fadil-salih-es-samerrai","13":"first","14":"instock","15":"sale","16":"shipping-taxable","17":"purchasable","18":"product-type-simple"},"_links":{"self":[{"href":"https:\/\/roveyayinevi.com.tr\/index.php\/wp-json\/wp\/v2\/product\/772715","targetHints":{"allow":["GET"]}}],"collection":[{"href":"https:\/\/roveyayinevi.com.tr\/index.php\/wp-json\/wp\/v2\/product"}],"about":[{"href":"https:\/\/roveyayinevi.com.tr\/index.php\/wp-json\/wp\/v2\/types\/product"}],"wp:attachment":[{"href":"https:\/\/roveyayinevi.com.tr\/index.php\/wp-json\/wp\/v2\/media?parent=772715"}],"wp:term":[{"taxonomy":"product_brand","embeddable":true,"href":"https:\/\/roveyayinevi.com.tr\/index.php\/wp-json\/wp\/v2\/product_brand?post=772715"},{"taxonomy":"product_cat","embeddable":true,"href":"https:\/\/roveyayinevi.com.tr\/index.php\/wp-json\/wp\/v2\/product_cat?post=772715"},{"taxonomy":"product_tag","embeddable":true,"href":"https:\/\/roveyayinevi.com.tr\/index.php\/wp-json\/wp\/v2\/product_tag?post=772715"}],"curies":[{"name":"wp","href":"https:\/\/api.w.org\/{rel}","templated":true}]}}