{"id":772714,"date":"2025-08-28T15:49:58","date_gmt":"2025-08-28T12:49:58","guid":{"rendered":"https:\/\/roveyayinevi.com.tr\/index.php\/urun\/pandora-hearts-1\/"},"modified":"2026-04-15T03:38:54","modified_gmt":"2026-04-15T00:38:54","slug":"pandora-hearts-1","status":"publish","type":"product","link":"https:\/\/roveyayinevi.com.tr\/index.php\/urun\/pandora-hearts-1\/","title":{"rendered":"Pandora Hearts -1"},"content":{"rendered":"<p>On be\u015f ya\u015f\u0131na giren Oz Vessalius\u2019un do\u011fum g\u00fcn\u00fc partisi kutlamalar\u0131,i\u015fledi\u011fini bilmedi\u011fi bir g\u00fcnahtan dolay\u0131 Cehennem ad\u0131ndaki korkun\u00e7hapishaneye at\u0131lmas\u0131yla korkun\u00e7 bir hal al\u0131yor. Oz, burada Alicead\u0131nda ve g\u00f6r\u00fcnd\u00fc\u011f\u00fc gibi olmayan bir k\u0131zla tan\u0131\u015f\u0131yor.Kader a\u011flar\u0131n\u0131 \u00f6rerken Oz, tutunaca\u011f\u0131 bir umut dal\u0131 bulabilecek mi?<\/p>\n","protected":false},"excerpt":{"rendered":"<p>On be\u015f ya\u015f\u0131na giren Oz Vessalius\u2019un do\u011fum g\u00fcn\u00fc partisi kutlamalar\u0131,i\u015fledi\u011fini bilmedi\u011fi bir g\u00fcnahtan dolay\u0131 Cehennem ad\u0131ndaki korkun\u00e7hapishaneye at\u0131lmas\u0131yla korkun\u00e7 bir hal al\u0131yor. Oz, burada Alicead\u0131nda ve<span class=\"excerpt-hellip\"> [\u2026]<\/span><\/p>\n","protected":false},"featured_media":0,"template":"","meta":{"_monsterinsights_skip_tracking":false,"_monsterinsights_sitenote_active":false,"_monsterinsights_sitenote_note":"","_monsterinsights_sitenote_category":0},"product_brand":[],"product_cat":[12416,12291],"product_tag":[],"class_list":{"0":"post-772714","1":"product","2":"type-product","3":"status-publish","5":"product_cat-cizgi-roman","6":"product_cat-edebiyat","7":"pa_cilt-ciltsiz","8":"pa_tur-kitap","9":"pa_yayinevi-kayip-kita-yayinlari","10":"pa_yazar-jun-mochizuki","12":"first","13":"instock","14":"sale","15":"shipping-taxable","16":"purchasable","17":"product-type-simple"},"_links":{"self":[{"href":"https:\/\/roveyayinevi.com.tr\/index.php\/wp-json\/wp\/v2\/product\/772714","targetHints":{"allow":["GET"]}}],"collection":[{"href":"https:\/\/roveyayinevi.com.tr\/index.php\/wp-json\/wp\/v2\/product"}],"about":[{"href":"https:\/\/roveyayinevi.com.tr\/index.php\/wp-json\/wp\/v2\/types\/product"}],"wp:attachment":[{"href":"https:\/\/roveyayinevi.com.tr\/index.php\/wp-json\/wp\/v2\/media?parent=772714"}],"wp:term":[{"taxonomy":"product_brand","embeddable":true,"href":"https:\/\/roveyayinevi.com.tr\/index.php\/wp-json\/wp\/v2\/product_brand?post=772714"},{"taxonomy":"product_cat","embeddable":true,"href":"https:\/\/roveyayinevi.com.tr\/index.php\/wp-json\/wp\/v2\/product_cat?post=772714"},{"taxonomy":"product_tag","embeddable":true,"href":"https:\/\/roveyayinevi.com.tr\/index.php\/wp-json\/wp\/v2\/product_tag?post=772714"}],"curies":[{"name":"wp","href":"https:\/\/api.w.org\/{rel}","templated":true}]}}