{"id":772713,"date":"2025-08-28T15:49:55","date_gmt":"2025-08-28T12:49:55","guid":{"rendered":"https:\/\/roveyayinevi.com.tr\/index.php\/urun\/dunyalilar-2\/"},"modified":"2026-04-12T03:30:04","modified_gmt":"2026-04-12T00:30:04","slug":"dunyalilar-2","status":"publish","type":"product","link":"https:\/\/roveyayinevi.com.tr\/index.php\/urun\/dunyalilar-2\/","title":{"rendered":"D\u00fcnyal\u0131lar"},"content":{"rendered":"<p>\u201cGaika. Yuva demek. Ben hi\u00e7 g\u00f6rmedim. Hi\u00e7birimiz g\u00f6rmedik. \u00c7\u00fcnk\u00fc biz&#8230; y\u00fczlerce ku\u015fakt\u0131r gemideyiz.\u201d   \u0130stanbul\u2019a bir uzay gemisi d\u00fc\u015ft\u00fc. Evrende yaln\u0131z olmad\u0131\u011f\u0131m\u0131z art\u0131k s\u0131r de\u011fil.   Peki gelenler kim? Misafir mi, i\u015fgalci mi?   \u00d6n saflarda antropolog Can Yaban ve biyoakustik uzman\u0131 Karla Silva var. Uzayl\u0131larla ilk temas\u0131 kuran onlar.   Bir yandan da g\u00f6lgede bekleyen oyuncular sahneye \u00e7\u0131kmak \u00fczere: D\u0131\u015fi\u015flerinden kurt diplomat \u0130zzet Derman, kudretli istihbarat\u00e7\u0131 Konuralp Sarpkaya, Silikon Vadisi\u2019nden h\u0131rs\u0131n\u0131 dehas\u0131yla incelten Nathan Sterling  ve yeni \u00e7a\u011f\u0131n karizmatik k\u00e2hini Alice Collins&#8230;   Yerliler, maden mafyas\u0131, deriniyle s\u0131\u011f\u0131yla y\u00f6neticiler, \u015firket patronlar\u0131, peygamberli\u011fe soyunan tarikat\u00e7\u0131lar\u2026   \u0130nsanl\u0131k, kendi karanl\u0131\u011f\u0131yla ba\u015fka bir evrenden gelenler \u00fczerinden y\u00fczle\u015fmeye haz\u0131rlan\u0131yor.   Amazon\u2019un derinliklerinden Bo\u011faz k\u0131y\u0131lar\u0131na uzanan D\u00fcnyal\u0131lar, yery\u00fcz\u00fcn\u00fcn en uzak k\u00f6\u015felerinde bile yank\u0131lanan temas\u0131n izini s\u00fcr\u00fcyor.   D\u00fcnyal\u0131lar, t\u00fcrler aras\u0131 kar\u015f\u0131la\u015fman\u0131n, gezegen \u00e7ap\u0131nda komplolar\u0131n ve k\u0131r\u0131lgan umutlar\u0131n roman\u0131. Yaln\u0131zca gelece\u011fi de\u011fil, ge\u00e7mi\u015fimizi de yeniden sorgulatan soluk solu\u011fa bir macera.   Bilimin sezgiye, ihanetin sadakate, korkunun meraka d\u00f6n\u00fc\u015fmesine tan\u0131kl\u0131k etmek \u00fczereyiz.   \u00d6zg\u00fcr Mumcu, \u0130ngilizce, Almanca, \u0130talyanca, Arap\u00e7a ba\u015fta olmak \u00fczere 11 dile \u00e7evrilen ilk roman\u0131 Bar\u0131\u015f Makinesi\u2019nin ard\u0131ndan \u00e7\u0131tay\u0131 daha da y\u00fckse\u011fe koyuyor. D\u00fcnyal\u0131lar, sadece uzaydan gelenlere de\u011fil, d\u00fcnyaya s\u0131\u011famayanlara b\u00fcy\u00fck mesaj\u0131 g\u00f6nderiyor. <\/p>\n","protected":false},"excerpt":{"rendered":"<p>\u201cGaika. Yuva demek. Ben hi\u00e7 g\u00f6rmedim. Hi\u00e7birimiz g\u00f6rmedik. \u00c7\u00fcnk\u00fc biz&#8230; y\u00fczlerce ku\u015fakt\u0131r gemideyiz.\u201d \u0130stanbul\u2019a bir uzay gemisi d\u00fc\u015ft\u00fc. Evrende yaln\u0131z olmad\u0131\u011f\u0131m\u0131z art\u0131k s\u0131r de\u011fil. Peki gelenler<span class=\"excerpt-hellip\"> [\u2026]<\/span><\/p>\n","protected":false},"featured_media":0,"template":"","meta":{"_monsterinsights_skip_tracking":false,"_monsterinsights_sitenote_active":false,"_monsterinsights_sitenote_note":"","_monsterinsights_sitenote_category":0},"product_brand":[],"product_cat":[12291,12711],"product_tag":[],"class_list":{"0":"post-772713","1":"product","2":"type-product","3":"status-publish","5":"product_cat-edebiyat","6":"product_cat-roman-oyku","7":"pa_cilt-ciltsiz","8":"pa_tur-kitap","9":"pa_yayinevi-april-yayincilik","10":"pa_yazar-ozgur-mumcu","12":"first","13":"instock","14":"sale","15":"shipping-taxable","16":"purchasable","17":"product-type-simple"},"_links":{"self":[{"href":"https:\/\/roveyayinevi.com.tr\/index.php\/wp-json\/wp\/v2\/product\/772713","targetHints":{"allow":["GET"]}}],"collection":[{"href":"https:\/\/roveyayinevi.com.tr\/index.php\/wp-json\/wp\/v2\/product"}],"about":[{"href":"https:\/\/roveyayinevi.com.tr\/index.php\/wp-json\/wp\/v2\/types\/product"}],"wp:attachment":[{"href":"https:\/\/roveyayinevi.com.tr\/index.php\/wp-json\/wp\/v2\/media?parent=772713"}],"wp:term":[{"taxonomy":"product_brand","embeddable":true,"href":"https:\/\/roveyayinevi.com.tr\/index.php\/wp-json\/wp\/v2\/product_brand?post=772713"},{"taxonomy":"product_cat","embeddable":true,"href":"https:\/\/roveyayinevi.com.tr\/index.php\/wp-json\/wp\/v2\/product_cat?post=772713"},{"taxonomy":"product_tag","embeddable":true,"href":"https:\/\/roveyayinevi.com.tr\/index.php\/wp-json\/wp\/v2\/product_tag?post=772713"}],"curies":[{"name":"wp","href":"https:\/\/api.w.org\/{rel}","templated":true}]}}