{"id":772712,"date":"2025-08-28T15:49:53","date_gmt":"2025-08-28T12:49:53","guid":{"rendered":"https:\/\/roveyayinevi.com.tr\/index.php\/urun\/destandan-masala\/"},"modified":"2026-04-15T03:38:54","modified_gmt":"2026-04-15T00:38:54","slug":"destandan-masala","status":"publish","type":"product","link":"https:\/\/roveyayinevi.com.tr\/index.php\/urun\/destandan-masala\/","title":{"rendered":"Destandan Masala"},"content":{"rendered":"<p>Ir\u00e8ne Melikoff&#8217;un bu eseri \u00e7e\u015fitli akademik dergilerde, sempozyumlarda yay\u0131mlanm\u0131\u015f makalelerinden olu\u015fan bir se\u00e7ki. Melikoff&#8217;un T\u00fcrkoloji alan\u0131ndaki k\u0131rk y\u0131ll\u0131k yolculu\u011funun izlerini ta\u015f\u0131yan yaz\u0131lar, destan gelene\u011finden tasavvuf edebiyat\u0131na, tarihi belgelerden heterodoks inan\u00e7 pratiklerine uzanan geni\u015f bir yelpazeyi kaps\u0131yor. Erken d\u00f6nem \u00e7al\u0131\u015fmalar\u0131nda Ebu M\u00fcslim, Seyyid Battal Gazi Destan\u0131, D\u00e2ni\u015fmendname, Dede Korkut Kitab\u0131 gibi destanlar\u0131 inceleyen Melikoff, sonraki y\u0131llarda Yunus Emre&#8217;nin \u015fiirlerindeki derinli\u011fi, Bekta\u015fi gelene\u011finin edebi yans\u0131malar\u0131n\u0131, divan edebiyat\u0131n\u0131, K\u0131z\u0131lba\u015f k\u00fclt\u00fcr\u00fcn\u00fcn Balkanlar&#8217;daki izleri gibi konular\u0131 ele al\u0131yor. <\/p>\n","protected":false},"excerpt":{"rendered":"<p>Ir\u00e8ne Melikoff&#8217;un bu eseri \u00e7e\u015fitli akademik dergilerde, sempozyumlarda yay\u0131mlanm\u0131\u015f makalelerinden olu\u015fan bir se\u00e7ki. Melikoff&#8217;un T\u00fcrkoloji alan\u0131ndaki k\u0131rk y\u0131ll\u0131k yolculu\u011funun izlerini ta\u015f\u0131yan yaz\u0131lar, destan gelene\u011finden tasavvuf edebiyat\u0131na,<span class=\"excerpt-hellip\"> [\u2026]<\/span><\/p>\n","protected":false},"featured_media":0,"template":"","meta":{"_monsterinsights_skip_tracking":false,"_monsterinsights_sitenote_active":false,"_monsterinsights_sitenote_note":"","_monsterinsights_sitenote_category":0},"product_brand":[],"product_cat":[13072,12291],"product_tag":[],"class_list":{"0":"post-772712","1":"product","2":"type-product","3":"status-publish","5":"product_cat-arastirma-inceleme-referans","6":"product_cat-edebiyat","7":"pa_cilt-ciltsiz","8":"pa_tur-kitap","9":"pa_yayinevi-monografi-yayinlari","10":"pa_yazar-irene-melikoff","12":"first","13":"instock","14":"sale","15":"shipping-taxable","16":"purchasable","17":"product-type-simple"},"_links":{"self":[{"href":"https:\/\/roveyayinevi.com.tr\/index.php\/wp-json\/wp\/v2\/product\/772712","targetHints":{"allow":["GET"]}}],"collection":[{"href":"https:\/\/roveyayinevi.com.tr\/index.php\/wp-json\/wp\/v2\/product"}],"about":[{"href":"https:\/\/roveyayinevi.com.tr\/index.php\/wp-json\/wp\/v2\/types\/product"}],"wp:attachment":[{"href":"https:\/\/roveyayinevi.com.tr\/index.php\/wp-json\/wp\/v2\/media?parent=772712"}],"wp:term":[{"taxonomy":"product_brand","embeddable":true,"href":"https:\/\/roveyayinevi.com.tr\/index.php\/wp-json\/wp\/v2\/product_brand?post=772712"},{"taxonomy":"product_cat","embeddable":true,"href":"https:\/\/roveyayinevi.com.tr\/index.php\/wp-json\/wp\/v2\/product_cat?post=772712"},{"taxonomy":"product_tag","embeddable":true,"href":"https:\/\/roveyayinevi.com.tr\/index.php\/wp-json\/wp\/v2\/product_tag?post=772712"}],"curies":[{"name":"wp","href":"https:\/\/api.w.org\/{rel}","templated":true}]}}