{"id":772709,"date":"2025-08-28T15:49:46","date_gmt":"2025-08-28T12:49:46","guid":{"rendered":"https:\/\/roveyayinevi.com.tr\/index.php\/urun\/rene-descartes-ile-hayal-gucu\/"},"modified":"2026-04-15T03:38:54","modified_gmt":"2026-04-15T00:38:54","slug":"rene-descartes-ile-hayal-gucu","status":"publish","type":"product","link":"https:\/\/roveyayinevi.com.tr\/index.php\/urun\/rene-descartes-ile-hayal-gucu\/","title":{"rendered":"Rene Descartes ile Hayal G\u00fcc\u00fc"},"content":{"rendered":"<p>K\u00dc\u00c7\u00dcK \u00c7OCUKLAR B\u00dcY\u00dcK D\u00dc\u015e\u00dcN\u00dcRLER OLAB\u0130L\u0130R!    Herkesin kendi d\u00fc\u015f\u00fcnce tarz\u0131na sahip oldu\u011funu anlamak \u00f6nemlidir. Ren\u00e9 Descartes\u2019\u0131n hayal g\u00fcc\u00fcyle ilgili g\u00f6r\u00fc\u015fleri bu konuda yard\u0131mc\u0131 olabilir! <\/p>\n","protected":false},"excerpt":{"rendered":"<p>K\u00dc\u00c7\u00dcK \u00c7OCUKLAR B\u00dcY\u00dcK D\u00dc\u015e\u00dcN\u00dcRLER OLAB\u0130L\u0130R! Herkesin kendi d\u00fc\u015f\u00fcnce tarz\u0131na sahip oldu\u011funu anlamak \u00f6nemlidir. Ren\u00e9 Descartes\u2019\u0131n hayal g\u00fcc\u00fcyle ilgili g\u00f6r\u00fc\u015fleri bu konuda yard\u0131mc\u0131 olabilir!<\/p>\n","protected":false},"featured_media":0,"template":"","meta":{"_monsterinsights_skip_tracking":false,"_monsterinsights_sitenote_active":false,"_monsterinsights_sitenote_note":"","_monsterinsights_sitenote_category":0},"product_brand":[],"product_cat":[12274,12284],"product_tag":[],"class_list":{"0":"post-772709","1":"product","2":"type-product","3":"status-publish","5":"product_cat-cocuk-ve-genclik-kitaplari","6":"product_cat-hikayeler","7":"pa_cilt-ciltsiz","8":"pa_tur-kitap","9":"pa_yayinevi-buyulu-fener-yayinlari","10":"pa_yazar-duane-armitage-maureen-mcquerry","12":"first","13":"instock","14":"sale","15":"shipping-taxable","16":"purchasable","17":"product-type-simple"},"_links":{"self":[{"href":"https:\/\/roveyayinevi.com.tr\/index.php\/wp-json\/wp\/v2\/product\/772709","targetHints":{"allow":["GET"]}}],"collection":[{"href":"https:\/\/roveyayinevi.com.tr\/index.php\/wp-json\/wp\/v2\/product"}],"about":[{"href":"https:\/\/roveyayinevi.com.tr\/index.php\/wp-json\/wp\/v2\/types\/product"}],"wp:attachment":[{"href":"https:\/\/roveyayinevi.com.tr\/index.php\/wp-json\/wp\/v2\/media?parent=772709"}],"wp:term":[{"taxonomy":"product_brand","embeddable":true,"href":"https:\/\/roveyayinevi.com.tr\/index.php\/wp-json\/wp\/v2\/product_brand?post=772709"},{"taxonomy":"product_cat","embeddable":true,"href":"https:\/\/roveyayinevi.com.tr\/index.php\/wp-json\/wp\/v2\/product_cat?post=772709"},{"taxonomy":"product_tag","embeddable":true,"href":"https:\/\/roveyayinevi.com.tr\/index.php\/wp-json\/wp\/v2\/product_tag?post=772709"}],"curies":[{"name":"wp","href":"https:\/\/api.w.org\/{rel}","templated":true}]}}