{"id":772708,"date":"2025-08-28T15:49:44","date_gmt":"2025-08-28T12:49:44","guid":{"rendered":"https:\/\/roveyayinevi.com.tr\/index.php\/urun\/aristoteles-ile-mutluluk\/"},"modified":"2026-04-15T03:38:54","modified_gmt":"2026-04-15T00:38:54","slug":"aristoteles-ile-mutluluk","status":"publish","type":"product","link":"https:\/\/roveyayinevi.com.tr\/index.php\/urun\/aristoteles-ile-mutluluk\/","title":{"rendered":"Aristoteles ile Mutluluk"},"content":{"rendered":"<p>K\u00dc\u00c7\u00dcK \u00c7OCUKLAR B\u00dcY\u00dcK D\u00dc\u015e\u00dcN\u00dcRLER OLAB\u0130L\u0130R!    Seni ve arkada\u015flar\u0131n\u0131 ger\u00e7ekten neyin mutlu etti\u011fini ke\u015ffetmek \u00e7ok \u00f6nemli! Aristoteles\u2019in mutluluk hakk\u0131ndaki fikirleri bu yolculukta sana \u0131\u015f\u0131k tutacak! <\/p>\n","protected":false},"excerpt":{"rendered":"<p>K\u00dc\u00c7\u00dcK \u00c7OCUKLAR B\u00dcY\u00dcK D\u00dc\u015e\u00dcN\u00dcRLER OLAB\u0130L\u0130R! Seni ve arkada\u015flar\u0131n\u0131 ger\u00e7ekten neyin mutlu etti\u011fini ke\u015ffetmek \u00e7ok \u00f6nemli! Aristoteles\u2019in mutluluk hakk\u0131ndaki fikirleri bu yolculukta sana \u0131\u015f\u0131k tutacak!<\/p>\n","protected":false},"featured_media":0,"template":"","meta":{"_monsterinsights_skip_tracking":false,"_monsterinsights_sitenote_active":false,"_monsterinsights_sitenote_note":"","_monsterinsights_sitenote_category":0},"product_brand":[],"product_cat":[12274,12284],"product_tag":[],"class_list":{"0":"post-772708","1":"product","2":"type-product","3":"status-publish","5":"product_cat-cocuk-ve-genclik-kitaplari","6":"product_cat-hikayeler","7":"pa_cilt-ciltsiz","8":"pa_tur-kitap","9":"pa_yayinevi-buyulu-fener-yayinlari","10":"pa_yazar-duane-armitage-maureen-mcquerry","12":"first","13":"instock","14":"sale","15":"shipping-taxable","16":"purchasable","17":"product-type-simple"},"_links":{"self":[{"href":"https:\/\/roveyayinevi.com.tr\/index.php\/wp-json\/wp\/v2\/product\/772708","targetHints":{"allow":["GET"]}}],"collection":[{"href":"https:\/\/roveyayinevi.com.tr\/index.php\/wp-json\/wp\/v2\/product"}],"about":[{"href":"https:\/\/roveyayinevi.com.tr\/index.php\/wp-json\/wp\/v2\/types\/product"}],"wp:attachment":[{"href":"https:\/\/roveyayinevi.com.tr\/index.php\/wp-json\/wp\/v2\/media?parent=772708"}],"wp:term":[{"taxonomy":"product_brand","embeddable":true,"href":"https:\/\/roveyayinevi.com.tr\/index.php\/wp-json\/wp\/v2\/product_brand?post=772708"},{"taxonomy":"product_cat","embeddable":true,"href":"https:\/\/roveyayinevi.com.tr\/index.php\/wp-json\/wp\/v2\/product_cat?post=772708"},{"taxonomy":"product_tag","embeddable":true,"href":"https:\/\/roveyayinevi.com.tr\/index.php\/wp-json\/wp\/v2\/product_tag?post=772708"}],"curies":[{"name":"wp","href":"https:\/\/api.w.org\/{rel}","templated":true}]}}