{"id":772706,"date":"2025-08-28T15:49:39","date_gmt":"2025-08-28T12:49:39","guid":{"rendered":"https:\/\/roveyayinevi.com.tr\/index.php\/urun\/mutlak-tebessum\/"},"modified":"2026-03-13T03:19:26","modified_gmt":"2026-03-13T00:19:26","slug":"mutlak-tebessum","status":"publish","type":"product","link":"https:\/\/roveyayinevi.com.tr\/index.php\/urun\/mutlak-tebessum\/","title":{"rendered":"Mutlak Tebess\u00fcm"},"content":{"rendered":"<p>Mutlak Tebess\u00fcm, Mutlak Varl\u0131k\u2019la temas\u0131 giderek azalan g\u00fcn\u00fcm\u00fcz insan\u0131n\u0131n i\u00e7sel merkezini dolay\u0131s\u0131yla kendili\u011fini yitirme tehlikesiyle hi\u00e7 olmad\u0131\u011f\u0131 kadar kar\u015f\u0131 kar\u015f\u0131ya oldu\u011funa dikkat \u00e7ekerken, insan\u0131n tekrar Tanr\u0131\u2019n\u0131n \u00f6n\u00fcne kendini konumlamas\u0131n\u0131n, kutsal\u0131yla bulu\u015fmas\u0131n\u0131n gereklili\u011fini ve yollar\u0131n\u0131 dam\u0131t\u0131lm\u0131\u015f bir \u00fcslupla anlat\u0131yor. Bizlere hayat\u0131 de\u011fil ruhu kurtarman\u0131n \u00f6nceli\u011fini \u00e7arp\u0131c\u0131 bi\u00e7imde hat\u0131rlat\u0131yor. \u201cKimin \u00fctopyas\u0131d\u0131r bu insan b\u00f6yle \u00c7abalar durur Tanr\u0131\u2019ya benzemeye\u201d Kitab\u0131 okuyup bitirdi\u011finizde \u201canlam d\u00fcnyan\u0131z\u201dda yitirdi\u011finiz ama yitirmemeniz gereken de\u011ferlerin daha bir fark\u0131na vararak kendinizi Tanr\u0131\u2019ya daha yak\u0131n hissetme \u00f6zlemiyle dolacaks\u0131n\u0131z. <\/p>\n","protected":false},"excerpt":{"rendered":"<p>Mutlak Tebess\u00fcm, Mutlak Varl\u0131k\u2019la temas\u0131 giderek azalan g\u00fcn\u00fcm\u00fcz insan\u0131n\u0131n i\u00e7sel merkezini dolay\u0131s\u0131yla kendili\u011fini yitirme tehlikesiyle hi\u00e7 olmad\u0131\u011f\u0131 kadar kar\u015f\u0131 kar\u015f\u0131ya oldu\u011funa dikkat \u00e7ekerken, insan\u0131n tekrar Tanr\u0131\u2019n\u0131n<span class=\"excerpt-hellip\"> [\u2026]<\/span><\/p>\n","protected":false},"featured_media":0,"template":"","meta":{"_monsterinsights_skip_tracking":false,"_monsterinsights_sitenote_active":false,"_monsterinsights_sitenote_note":"","_monsterinsights_sitenote_category":0},"product_brand":[],"product_cat":[12718,12719],"product_tag":[],"class_list":{"0":"post-772706","1":"product","2":"type-product","3":"status-publish","5":"product_cat-din","6":"product_cat-islam","7":"pa_cilt-ciltsiz","8":"pa_tur-kitap","9":"pa_yayinevi-kapi-yayinlari","10":"pa_yazar-vefa-onal","12":"first","13":"instock","14":"sale","15":"shipping-taxable","16":"purchasable","17":"product-type-simple"},"_links":{"self":[{"href":"https:\/\/roveyayinevi.com.tr\/index.php\/wp-json\/wp\/v2\/product\/772706","targetHints":{"allow":["GET"]}}],"collection":[{"href":"https:\/\/roveyayinevi.com.tr\/index.php\/wp-json\/wp\/v2\/product"}],"about":[{"href":"https:\/\/roveyayinevi.com.tr\/index.php\/wp-json\/wp\/v2\/types\/product"}],"wp:attachment":[{"href":"https:\/\/roveyayinevi.com.tr\/index.php\/wp-json\/wp\/v2\/media?parent=772706"}],"wp:term":[{"taxonomy":"product_brand","embeddable":true,"href":"https:\/\/roveyayinevi.com.tr\/index.php\/wp-json\/wp\/v2\/product_brand?post=772706"},{"taxonomy":"product_cat","embeddable":true,"href":"https:\/\/roveyayinevi.com.tr\/index.php\/wp-json\/wp\/v2\/product_cat?post=772706"},{"taxonomy":"product_tag","embeddable":true,"href":"https:\/\/roveyayinevi.com.tr\/index.php\/wp-json\/wp\/v2\/product_tag?post=772706"}],"curies":[{"name":"wp","href":"https:\/\/api.w.org\/{rel}","templated":true}]}}