{"id":772704,"date":"2025-08-28T15:49:34","date_gmt":"2025-08-28T12:49:34","guid":{"rendered":"https:\/\/roveyayinevi.com.tr\/index.php\/urun\/nehrin-bildikleri-ciltli\/"},"modified":"2026-04-15T03:38:54","modified_gmt":"2026-04-15T00:38:54","slug":"nehrin-bildikleri-ciltli","status":"publish","type":"product","link":"https:\/\/roveyayinevi.com.tr\/index.php\/urun\/nehrin-bildikleri-ciltli\/","title":{"rendered":"Nehrin  Bildikleri (Ciltli)"},"content":{"rendered":"<p>MISIR\u2019DA GE\u00c7EN, MACERAYLA, D\u00dc\u015eMANDAN A\u015eKA D\u00d6N\u00dc\u015eEN BIR ROMANTIZMLE VE TEHL\u0130KEL\u0130 M\u00dcCADELELERLE DOLU, TARIH\u00ce VE FANTASTIK MUHTE\u015eEM H\u0130K\u00c2YE, MUMYA \u0130LE N\u0130L\u2019DE \u00d6L\u00dcM\u2019\u00dcN BULU\u015eMASI \u00c2DETA\u2026 En \u0130yi Gen\u00e7 Yeti\u015fkin Fantastik &amp; Bilim Kurgu Dal\u0131nda 2023 Goodreads Okur \u00d6d\u00fclleri Aday\u0131  Bolivyal\u0131-Arjantinli Inez Olivera, on dokuzuncu y\u00fczy\u0131l Buenos Aires\u2019inin \u00fcst sosyal s\u0131n\u0131f\u0131na mensuptur. D\u00fcnyan\u0131n geri kalan\u0131 gibi bu \u015fehir de kadim d\u00fcnya sihriyle doludur. Inez, bir k\u0131z\u0131n isteyebilece\u011fi her \u015feye sahiptir ama arzulad\u0131\u011f\u0131 tek bir \u015fey vard\u0131r: s\u0131kl\u0131kla onu b\u0131rakarak d\u00fcnyay\u0131 dola\u015fan ebeveynleriyle bir arada olmak. Trajik \u00f6l\u00fcm haberlerini ald\u0131\u011f\u0131nda, Inez\u2019e anne ve babas\u0131ndan muazzam bir servet miras kal\u0131r. M\u0131s\u0131rl\u0131 kay\u0131nbiraderiyle ortak \u00e7al\u0131\u015fan bir arkeolog olan gizemli bir vasi de bu mirasa d\u00e2hildir. Cevaplar\u0131 bulmaya can atan Inez, Kahire\u2019ye do\u011fru bir gemi yolculu\u011funa \u00e7\u0131kar. Babas\u0131n\u0131n \u00f6lmeden \u00f6nce ona saklamas\u0131 i\u00e7in g\u00f6nderdi\u011fi eski bir alt\u0131n y\u00fcz\u00fc\u011f\u00fc ve eskiz defterlerini de yan\u0131nda g\u00f6t\u00fcr\u00fcr. Fakat oraya vard\u0131\u011f\u0131nda, y\u00fcz\u00fckte bulunan kadim d\u00fcnya sihrinin onu itti\u011fi yolda, ebeveynlerinin kaybolmas\u0131 konusunda vasisinin onun inanmas\u0131n\u0131 istedi\u011finden daha fazlas\u0131nda parma\u011f\u0131n\u0131n oldu\u011funu ke\u015ffeder. Vasisinin sinir bozucu derecede yak\u0131\u015f\u0131kl\u0131 asistan\u0131 her f\u0131rsatta Inez\u2019i engelledi\u011finden, Inez ebeveynlerinin kayb\u0131yla ilgili olarak kadim sihre ba\u015fvurmak zorundad\u0131r\u2026 Yoksa onu \u00f6ld\u00fcrecek daha b\u00fcy\u00fck bir oyunda piyon olma riskini g\u00f6ze almas\u0131 gerekecektir.<\/p>\n","protected":false},"excerpt":{"rendered":"<p>MISIR\u2019DA GE\u00c7EN, MACERAYLA, D\u00dc\u015eMANDAN A\u015eKA D\u00d6N\u00dc\u015eEN BIR ROMANTIZMLE VE TEHL\u0130KEL\u0130 M\u00dcCADELELERLE DOLU, TARIH\u00ce VE FANTASTIK MUHTE\u015eEM H\u0130K\u00c2YE, MUMYA \u0130LE N\u0130L\u2019DE \u00d6L\u00dcM\u2019\u00dcN BULU\u015eMASI \u00c2DETA\u2026 En \u0130yi Gen\u00e7<span class=\"excerpt-hellip\"> [\u2026]<\/span><\/p>\n","protected":false},"featured_media":0,"template":"","meta":{"_monsterinsights_skip_tracking":false,"_monsterinsights_sitenote_active":false,"_monsterinsights_sitenote_note":"","_monsterinsights_sitenote_category":0},"product_brand":[],"product_cat":[12291,12711],"product_tag":[],"class_list":{"0":"post-772704","1":"product","2":"type-product","3":"status-publish","5":"product_cat-edebiyat","6":"product_cat-roman-oyku","7":"pa_cilt-ciltli","8":"pa_tur-kitap","9":"pa_yayinevi-artemis-yayinlari","10":"pa_yazar-isabel-ibanez","12":"first","13":"instock","14":"sale","15":"shipping-taxable","16":"purchasable","17":"product-type-simple"},"_links":{"self":[{"href":"https:\/\/roveyayinevi.com.tr\/index.php\/wp-json\/wp\/v2\/product\/772704","targetHints":{"allow":["GET"]}}],"collection":[{"href":"https:\/\/roveyayinevi.com.tr\/index.php\/wp-json\/wp\/v2\/product"}],"about":[{"href":"https:\/\/roveyayinevi.com.tr\/index.php\/wp-json\/wp\/v2\/types\/product"}],"wp:attachment":[{"href":"https:\/\/roveyayinevi.com.tr\/index.php\/wp-json\/wp\/v2\/media?parent=772704"}],"wp:term":[{"taxonomy":"product_brand","embeddable":true,"href":"https:\/\/roveyayinevi.com.tr\/index.php\/wp-json\/wp\/v2\/product_brand?post=772704"},{"taxonomy":"product_cat","embeddable":true,"href":"https:\/\/roveyayinevi.com.tr\/index.php\/wp-json\/wp\/v2\/product_cat?post=772704"},{"taxonomy":"product_tag","embeddable":true,"href":"https:\/\/roveyayinevi.com.tr\/index.php\/wp-json\/wp\/v2\/product_tag?post=772704"}],"curies":[{"name":"wp","href":"https:\/\/api.w.org\/{rel}","templated":true}]}}