{"id":772701,"date":"2025-08-28T15:49:27","date_gmt":"2025-08-28T12:49:27","guid":{"rendered":"https:\/\/roveyayinevi.com.tr\/index.php\/urun\/kurtulan-kizlar-terapi-grubu\/"},"modified":"2026-04-15T03:38:54","modified_gmt":"2026-04-15T00:38:54","slug":"kurtulan-kizlar-terapi-grubu","status":"publish","type":"product","link":"https:\/\/roveyayinevi.com.tr\/index.php\/urun\/kurtulan-kizlar-terapi-grubu\/","title":{"rendered":"Kurtulan K\u0131zlar Terapi Grubu"},"content":{"rendered":"<p>HAYATLARININ EN K\u00d6T\u00dc GECES\u0130NDEN SA\u011e KURTULMU\u015eLARDI AMA PEK\u0130 YA SONRASI?   1970\u2019lerde, korkun\u00e7 bir katliamdan sa\u011f kurtulan Adrienne Butler, kendisiyle ayn\u0131 kaderi payla\u015fan be\u015f kad\u0131n\u0131 bir araya getirerek \u201cKurtulan K\u0131zlar Terapi Grubu\u201dnu kurdu. Bu kad\u0131nlar, film anla\u015fmalar\u0131, zengin adamlarla yapt\u0131klar\u0131 evlilikler ya da hay\u0131r i\u015fleriyle ge\u00e7mi\u015flerini geride b\u0131rakmaya \u00e7al\u0131\u015f\u0131yorlard\u0131.   Biri hari\u00e7: Lynnette Tarkington. Caninin biri o daha on alt\u0131 ya\u015f\u0131ndayken ailesini ve erkek arkada\u015f\u0131n\u0131 katletmi\u015fti. Lynnette bu katilin bir gu\u0308n geri d\u00f6nece\u011fine saplant\u0131l\u0131 bir \u015fekilde inan\u0131yordu. Bu yu\u0308zden hayat\u0131 ge\u00e7mi\u015fin g\u00f6lgelerinden ka\u00e7mak ve kendini korumaya \u00e7al\u0131\u015fmaktan ibaretti.   \u015eimdi, on alt\u0131 y\u0131l sonra, terapi grubundan biri \u00f6lu\u0308 bulununca Lynnette en bu\u0308yu\u0308k korkular\u0131yla yu\u0308zle\u015fmek zorunda kalacakt\u0131.   Alt\u0131 gen\u00e7 k\u0131z\u0131n hayatlar\u0131n\u0131 karartan katiller, yar\u0131m kalan i\u015flerini tamamlamak i\u00e7in geri mi d\u00f6nmu\u0308\u015flerdi?   Ama unutulmamal\u0131yd\u0131: Kurtulan k\u0131zlarla ilgili tek bir ger\u00e7ek varsa, o da ne olursa olsun asla pes etmedikleriydi. \u0130htimaller ne kadar k\u00f6tu\u0308, gece ne kadar karanl\u0131k, b\u0131\u00e7ak ne kadar keskin olursa olsun&#8230; onlar vazge\u00e7mezdi.   \u201cSabaha kadar dua etseniz de, g\u0131k\u0131n\u0131z\u0131 bile \u00e7\u0131karmas\u0131n\u0131z da nafile, Grady Hendrix\u2019in Kurtulan K\u0131zlar Terapi Grubu \u00e7oktan ensenizde ve nerede ya\u015fad\u0131\u011f\u0131n\u0131z\u0131 biliyor.\u201d \u2014Stephen Graham Jones   \u201cHeyecan dolu bir roman.\u201d \u2013Paul Tremblay <\/p>\n","protected":false},"excerpt":{"rendered":"<p>HAYATLARININ EN K\u00d6T\u00dc GECES\u0130NDEN SA\u011e KURTULMU\u015eLARDI AMA PEK\u0130 YA SONRASI? 1970\u2019lerde, korkun\u00e7 bir katliamdan sa\u011f kurtulan Adrienne Butler, kendisiyle ayn\u0131 kaderi payla\u015fan be\u015f kad\u0131n\u0131 bir araya<span class=\"excerpt-hellip\"> [\u2026]<\/span><\/p>\n","protected":false},"featured_media":0,"template":"","meta":{"_monsterinsights_skip_tracking":false,"_monsterinsights_sitenote_active":false,"_monsterinsights_sitenote_note":"","_monsterinsights_sitenote_category":0},"product_brand":[],"product_cat":[12291,17033],"product_tag":[],"class_list":{"0":"post-772701","1":"product","2":"type-product","3":"status-publish","5":"product_cat-edebiyat","6":"product_cat-korku-gerilim","7":"pa_cilt-ciltsiz","8":"pa_tur-kitap","9":"pa_yayinevi-ithaki-yayinlari","10":"pa_yazar-grady-hendrix","12":"first","13":"instock","14":"sale","15":"shipping-taxable","16":"purchasable","17":"product-type-simple"},"_links":{"self":[{"href":"https:\/\/roveyayinevi.com.tr\/index.php\/wp-json\/wp\/v2\/product\/772701","targetHints":{"allow":["GET"]}}],"collection":[{"href":"https:\/\/roveyayinevi.com.tr\/index.php\/wp-json\/wp\/v2\/product"}],"about":[{"href":"https:\/\/roveyayinevi.com.tr\/index.php\/wp-json\/wp\/v2\/types\/product"}],"wp:attachment":[{"href":"https:\/\/roveyayinevi.com.tr\/index.php\/wp-json\/wp\/v2\/media?parent=772701"}],"wp:term":[{"taxonomy":"product_brand","embeddable":true,"href":"https:\/\/roveyayinevi.com.tr\/index.php\/wp-json\/wp\/v2\/product_brand?post=772701"},{"taxonomy":"product_cat","embeddable":true,"href":"https:\/\/roveyayinevi.com.tr\/index.php\/wp-json\/wp\/v2\/product_cat?post=772701"},{"taxonomy":"product_tag","embeddable":true,"href":"https:\/\/roveyayinevi.com.tr\/index.php\/wp-json\/wp\/v2\/product_tag?post=772701"}],"curies":[{"name":"wp","href":"https:\/\/api.w.org\/{rel}","templated":true}]}}