{"id":772700,"date":"2025-08-28T15:49:24","date_gmt":"2025-08-28T12:49:24","guid":{"rendered":"https:\/\/roveyayinevi.com.tr\/index.php\/urun\/aynadaki-yalniz-sato\/"},"modified":"2026-04-15T03:38:54","modified_gmt":"2026-04-15T00:38:54","slug":"aynadaki-yalniz-sato","status":"publish","type":"product","link":"https:\/\/roveyayinevi.com.tr\/index.php\/urun\/aynadaki-yalniz-sato\/","title":{"rendered":"Aynadaki Yaln\u0131z \u015eato"},"content":{"rendered":"<p>Ba\u015fka bir du\u0308nyada \u00e7oktan arkada\u015f olmu\u015ftuk. O yu\u0308zden yaln\u0131z de\u011filim.\u201d   Yedi \u00f6\u011frenci, ailelerinden ve arkada\u015flar\u0131ndan ka\u00e7mak i\u00e7in odalar\u0131n\u0131n karanl\u0131\u011f\u0131na s\u0131\u011f\u0131nm\u0131\u015f, okula gitmeyi reddediyor. Ta ki bir gu\u0308n kendilerini muhte\u015fem bir \u015fatoda bulana kadar.   Ama bu bu\u0308yu\u0308lu\u0308 \u015fatoda bir g\u00f6revleri var: Sakl\u0131 bir anahtar bulmak. Anahtar\u0131 bulan ki\u015fi, tek bir dilek hakk\u0131 kazanacak ve dile\u011fi ger\u00e7ekle\u015fti\u011finde \u015fato, i\u00e7inde ya\u015fad\u0131klar\u0131 tu\u0308m an\u0131larla birlikte ortadan kaybolacak. Ancak bir kural da var: Her gu\u0308n ak\u015fam saat be\u015fe kadar \u015fatoyu terk etmek zorundalar, yoksa \u015fatonun huysuz koruyucusu Kurt Hazretleri taraf\u0131ndan yutulacaklar.   Aynadaki Yaln\u0131z \u015eato, karakterlerin duygusal du\u0308nyalar\u0131na bu\u0308yu\u0308k bir \u015fefkatle yakla\u015f\u0131yor ve insanlara dokunman\u0131n beklenmedik gu\u0308zelliklerini ortaya koyuyor. \u0130\u00e7 i\u00e7e ge\u00e7mi\u015f odalardaki bilmeceler \u00e7\u00f6zu\u0308lmeyi beklerken capcanl\u0131 ru\u0308yalarla yu\u0308rek \u0131s\u0131tan bu roman, u\u0308zu\u0308ntu\u0308yu\u0308 ve ku\u0308sku\u0308nlu\u0308\u011fu\u0308 al\u0131p ne\u015feyi ve umudu mu\u0308jdeliyor.   \u201cGarip ve nefis.\u201d \u2013The Guardian <\/p>\n","protected":false},"excerpt":{"rendered":"<p>Ba\u015fka bir du\u0308nyada \u00e7oktan arkada\u015f olmu\u015ftuk. O yu\u0308zden yaln\u0131z de\u011filim.\u201d Yedi \u00f6\u011frenci, ailelerinden ve arkada\u015flar\u0131ndan ka\u00e7mak i\u00e7in odalar\u0131n\u0131n karanl\u0131\u011f\u0131na s\u0131\u011f\u0131nm\u0131\u015f, okula gitmeyi reddediyor. Ta ki bir<span class=\"excerpt-hellip\"> [\u2026]<\/span><\/p>\n","protected":false},"featured_media":0,"template":"","meta":{"_monsterinsights_skip_tracking":false,"_monsterinsights_sitenote_active":false,"_monsterinsights_sitenote_note":"","_monsterinsights_sitenote_category":0},"product_brand":[],"product_cat":[12291,14777],"product_tag":[],"class_list":{"0":"post-772700","1":"product","2":"type-product","3":"status-publish","5":"product_cat-edebiyat","6":"product_cat-fantastik","7":"pa_cilt-ciltsiz","8":"pa_tur-kitap","9":"pa_yayinevi-ithaki-yayinlari","10":"pa_yazar-mizuki-tsucimura","12":"first","13":"instock","14":"sale","15":"shipping-taxable","16":"purchasable","17":"product-type-simple"},"_links":{"self":[{"href":"https:\/\/roveyayinevi.com.tr\/index.php\/wp-json\/wp\/v2\/product\/772700","targetHints":{"allow":["GET"]}}],"collection":[{"href":"https:\/\/roveyayinevi.com.tr\/index.php\/wp-json\/wp\/v2\/product"}],"about":[{"href":"https:\/\/roveyayinevi.com.tr\/index.php\/wp-json\/wp\/v2\/types\/product"}],"wp:attachment":[{"href":"https:\/\/roveyayinevi.com.tr\/index.php\/wp-json\/wp\/v2\/media?parent=772700"}],"wp:term":[{"taxonomy":"product_brand","embeddable":true,"href":"https:\/\/roveyayinevi.com.tr\/index.php\/wp-json\/wp\/v2\/product_brand?post=772700"},{"taxonomy":"product_cat","embeddable":true,"href":"https:\/\/roveyayinevi.com.tr\/index.php\/wp-json\/wp\/v2\/product_cat?post=772700"},{"taxonomy":"product_tag","embeddable":true,"href":"https:\/\/roveyayinevi.com.tr\/index.php\/wp-json\/wp\/v2\/product_tag?post=772700"}],"curies":[{"name":"wp","href":"https:\/\/api.w.org\/{rel}","templated":true}]}}