{"id":772698,"date":"2025-08-28T15:49:20","date_gmt":"2025-08-28T12:49:20","guid":{"rendered":"https:\/\/roveyayinevi.com.tr\/index.php\/urun\/uzay-ogrenecek-cok-sey-var\/"},"modified":"2026-04-15T03:38:54","modified_gmt":"2026-04-15T00:38:54","slug":"uzay-ogrenecek-cok-sey-var","status":"publish","type":"product","link":"https:\/\/roveyayinevi.com.tr\/index.php\/urun\/uzay-ogrenecek-cok-sey-var\/","title":{"rendered":"Uzay \u2013 \u00d6\u011frenecek \u00c7ok \u015eey Var"},"content":{"rendered":"<p>Uzay Hakk\u0131nda \u00d6\u011frenecek \u00c7ok \u015eey Var! G\u00f6ky\u00fcz\u00fcn\u00fcn \u00f6tesinde neler sakl\u0131? Evrenin ne kadar b\u00fcy\u00fck oldu\u011funu tahmin edebilir misin? Mars\u2019ta g\u00fcn bat\u0131m\u0131 neden mavi olur? \u0130lk astronotlar kimlerdi?   Bu e\u011flenceli ve merak uyand\u0131ran kitap, uzayla ilgili \u015fa\u015f\u0131rt\u0131c\u0131 ger\u00e7eklerle dolu! Gezegenlerden y\u0131ld\u0131zlara, kara deliklerden uzay yolculuklar\u0131na kadar bir\u00e7ok konuda ilgin\u00e7 bilgiler \u00f6\u011frenecek, harika g\u00f6rsellerle uzay\u0131n derinliklerine do\u011fru heyecan verici bir yolculu\u011fa \u00e7\u0131kacaks\u0131n. Uzay\u0131 ke\u015ffetmeye haz\u0131r m\u0131s\u0131n?   \u00c7ocuklar i\u00e7in m\u00fckemmel bir ba\u015fvuru kayna\u011f\u0131 olan bu kitap, hem bilgilendiriyor hem de e\u011flendiriyor.<\/p>\n","protected":false},"excerpt":{"rendered":"<p>Uzay Hakk\u0131nda \u00d6\u011frenecek \u00c7ok \u015eey Var! G\u00f6ky\u00fcz\u00fcn\u00fcn \u00f6tesinde neler sakl\u0131? Evrenin ne kadar b\u00fcy\u00fck oldu\u011funu tahmin edebilir misin? Mars\u2019ta g\u00fcn bat\u0131m\u0131 neden mavi olur? \u0130lk astronotlar<span class=\"excerpt-hellip\"> [\u2026]<\/span><\/p>\n","protected":false},"featured_media":0,"template":"","meta":{"_monsterinsights_skip_tracking":false,"_monsterinsights_sitenote_active":false,"_monsterinsights_sitenote_note":"","_monsterinsights_sitenote_category":0},"product_brand":[],"product_cat":[12274,15842],"product_tag":[],"class_list":{"0":"post-772698","1":"product","2":"type-product","3":"status-publish","5":"product_cat-cocuk-ve-genclik-kitaplari","6":"product_cat-egitici-kitaplar","7":"pa_cilt-ciltsiz","8":"pa_tur-kitap","9":"pa_yayinevi-1001-cicek-kitaplar","10":"pa_yazar-laura-cowan","12":"first","13":"instock","14":"sale","15":"shipping-taxable","16":"purchasable","17":"product-type-simple"},"_links":{"self":[{"href":"https:\/\/roveyayinevi.com.tr\/index.php\/wp-json\/wp\/v2\/product\/772698","targetHints":{"allow":["GET"]}}],"collection":[{"href":"https:\/\/roveyayinevi.com.tr\/index.php\/wp-json\/wp\/v2\/product"}],"about":[{"href":"https:\/\/roveyayinevi.com.tr\/index.php\/wp-json\/wp\/v2\/types\/product"}],"wp:attachment":[{"href":"https:\/\/roveyayinevi.com.tr\/index.php\/wp-json\/wp\/v2\/media?parent=772698"}],"wp:term":[{"taxonomy":"product_brand","embeddable":true,"href":"https:\/\/roveyayinevi.com.tr\/index.php\/wp-json\/wp\/v2\/product_brand?post=772698"},{"taxonomy":"product_cat","embeddable":true,"href":"https:\/\/roveyayinevi.com.tr\/index.php\/wp-json\/wp\/v2\/product_cat?post=772698"},{"taxonomy":"product_tag","embeddable":true,"href":"https:\/\/roveyayinevi.com.tr\/index.php\/wp-json\/wp\/v2\/product_tag?post=772698"}],"curies":[{"name":"wp","href":"https:\/\/api.w.org\/{rel}","templated":true}]}}