{"id":772697,"date":"2025-08-28T15:49:18","date_gmt":"2025-08-28T12:49:18","guid":{"rendered":"https:\/\/roveyayinevi.com.tr\/index.php\/urun\/babama-neler-oluyor\/"},"modified":"2026-04-15T03:38:54","modified_gmt":"2026-04-15T00:38:54","slug":"babama-neler-oluyor","status":"publish","type":"product","link":"https:\/\/roveyayinevi.com.tr\/index.php\/urun\/babama-neler-oluyor\/","title":{"rendered":"Babama Neler Oluyor?"},"content":{"rendered":"<p>Bug\u00fcn ya\u011fmur ya\u011f\u0131yor. Gus ve Lolie, arkada\u015flar\u0131yla parkta bulu\u015facaklard\u0131 ama ya\u011fmur y\u00fcz\u00fcnden planlar\u0131 iptal oldu. Neyse ki anne ve babalar\u0131n\u0131n, onlar\u0131 ne\u015felendirmek i\u00e7in harika bir fikri var: Kutu oyunlar\u0131! Ama oyun s\u0131ras\u0131nda i\u015fler kar\u0131\u015f\u0131yor\u2026 Babalar\u0131 kaybetmeye hi\u00e7 dayanam\u0131yor! Ayaklar\u0131n\u0131 yere vurup somurtuyor, s\u0131zlan\u0131yor, hatta g\u00f6z ya\u015flar\u0131na bo\u011fuluyor.   Gus ve Lolie bu durumu tersine \u00e7evirmeye, babalar\u0131n\u0131 sakinle\u015ftirmeye kararl\u0131. \u00c7\u00fcnk\u00fc bu evde bazen roller de\u011fi\u015fiyor\u2026 \u00c7ocuklar yeti\u015fkin gibi davran\u0131rken, b\u00fcy\u00fckler \u00e7ocuk gibi davranabiliyor! \u0130ki karde\u015f de babalar\u0131n\u0131n duygular\u0131n\u0131 tan\u0131mas\u0131 ve kontrol etmesine yard\u0131mc\u0131 oluyorlar.   Ebeveyn ve \u00e7ocuk rollerini tersine \u00e7eviren bu e\u011flenceli hik\u00e2ye, hem \u00e7ocuklar\u0131 hem de ebeveynleri g\u00fcl\u00fcmsetecek. <\/p>\n","protected":false},"excerpt":{"rendered":"<p>Bug\u00fcn ya\u011fmur ya\u011f\u0131yor. Gus ve Lolie, arkada\u015flar\u0131yla parkta bulu\u015facaklard\u0131 ama ya\u011fmur y\u00fcz\u00fcnden planlar\u0131 iptal oldu. Neyse ki anne ve babalar\u0131n\u0131n, onlar\u0131 ne\u015felendirmek i\u00e7in harika bir fikri<span class=\"excerpt-hellip\"> [\u2026]<\/span><\/p>\n","protected":false},"featured_media":0,"template":"","meta":{"_monsterinsights_skip_tracking":false,"_monsterinsights_sitenote_active":false,"_monsterinsights_sitenote_note":"","_monsterinsights_sitenote_category":0},"product_brand":[],"product_cat":[12274,12518],"product_tag":[],"class_list":{"0":"post-772697","1":"product","2":"type-product","3":"status-publish","5":"product_cat-cocuk-ve-genclik-kitaplari","6":"product_cat-okul-oncesi-kitaplar","7":"pa_cilt-ciltsiz","8":"pa_tur-kitap","9":"pa_yayinevi-1001-cicek-kitaplar","10":"pa_yazar-emmanuelle-lepetit","12":"first","13":"instock","14":"sale","15":"shipping-taxable","16":"purchasable","17":"product-type-simple"},"_links":{"self":[{"href":"https:\/\/roveyayinevi.com.tr\/index.php\/wp-json\/wp\/v2\/product\/772697","targetHints":{"allow":["GET"]}}],"collection":[{"href":"https:\/\/roveyayinevi.com.tr\/index.php\/wp-json\/wp\/v2\/product"}],"about":[{"href":"https:\/\/roveyayinevi.com.tr\/index.php\/wp-json\/wp\/v2\/types\/product"}],"wp:attachment":[{"href":"https:\/\/roveyayinevi.com.tr\/index.php\/wp-json\/wp\/v2\/media?parent=772697"}],"wp:term":[{"taxonomy":"product_brand","embeddable":true,"href":"https:\/\/roveyayinevi.com.tr\/index.php\/wp-json\/wp\/v2\/product_brand?post=772697"},{"taxonomy":"product_cat","embeddable":true,"href":"https:\/\/roveyayinevi.com.tr\/index.php\/wp-json\/wp\/v2\/product_cat?post=772697"},{"taxonomy":"product_tag","embeddable":true,"href":"https:\/\/roveyayinevi.com.tr\/index.php\/wp-json\/wp\/v2\/product_tag?post=772697"}],"curies":[{"name":"wp","href":"https:\/\/api.w.org\/{rel}","templated":true}]}}