{"id":772696,"date":"2025-08-28T15:49:16","date_gmt":"2025-08-28T12:49:16","guid":{"rendered":"https:\/\/roveyayinevi.com.tr\/index.php\/urun\/kucuk-geyik-korkuyu-yeniyor\/"},"modified":"2026-04-15T03:38:54","modified_gmt":"2026-04-15T00:38:54","slug":"kucuk-geyik-korkuyu-yeniyor","status":"publish","type":"product","link":"https:\/\/roveyayinevi.com.tr\/index.php\/urun\/kucuk-geyik-korkuyu-yeniyor\/","title":{"rendered":"K\u00fc\u00e7\u00fck Geyik Korkuyu Yeniyor"},"content":{"rendered":"<p>Merhaba K\u00fc\u00e7\u00fck Deha serisindeki heyecanl\u0131 maceralar, reng\u00e2renk sayfalar ve cana yak\u0131n hayvanlar, ya\u015fam\u0131n\u0131n ilk y\u0131llar\u0131nda edinmesi gereken beceri ve al\u0131\u015fkanl\u0131klar\u0131 kazanmas\u0131nda \u00e7ocu\u011funuza yard\u0131mc\u0131 oluyor. Onu fark\u0131ndal\u0131k al\u0131\u015ft\u0131rmalar\u0131 ile tan\u0131\u015ft\u0131r\u0131yor. <\/p>\n","protected":false},"excerpt":{"rendered":"<p>Merhaba K\u00fc\u00e7\u00fck Deha serisindeki heyecanl\u0131 maceralar, reng\u00e2renk sayfalar ve cana yak\u0131n hayvanlar, ya\u015fam\u0131n\u0131n ilk y\u0131llar\u0131nda edinmesi gereken beceri ve al\u0131\u015fkanl\u0131klar\u0131 kazanmas\u0131nda \u00e7ocu\u011funuza yard\u0131mc\u0131 oluyor. Onu fark\u0131ndal\u0131k<span class=\"excerpt-hellip\"> [\u2026]<\/span><\/p>\n","protected":false},"featured_media":0,"template":"","meta":{"_monsterinsights_skip_tracking":false,"_monsterinsights_sitenote_active":false,"_monsterinsights_sitenote_note":"","_monsterinsights_sitenote_category":0},"product_brand":[],"product_cat":[12274,12518],"product_tag":[],"class_list":{"0":"post-772696","1":"product","2":"type-product","3":"status-publish","5":"product_cat-cocuk-ve-genclik-kitaplari","6":"product_cat-okul-oncesi-kitaplar","7":"pa_cilt-ciltsiz","8":"pa_tur-kitap","9":"pa_yayinevi-1001-cicek-kitaplar","10":"pa_yazar-christianne-jones-kelly-canby","12":"first","13":"instock","14":"sale","15":"shipping-taxable","16":"purchasable","17":"product-type-simple"},"_links":{"self":[{"href":"https:\/\/roveyayinevi.com.tr\/index.php\/wp-json\/wp\/v2\/product\/772696","targetHints":{"allow":["GET"]}}],"collection":[{"href":"https:\/\/roveyayinevi.com.tr\/index.php\/wp-json\/wp\/v2\/product"}],"about":[{"href":"https:\/\/roveyayinevi.com.tr\/index.php\/wp-json\/wp\/v2\/types\/product"}],"wp:attachment":[{"href":"https:\/\/roveyayinevi.com.tr\/index.php\/wp-json\/wp\/v2\/media?parent=772696"}],"wp:term":[{"taxonomy":"product_brand","embeddable":true,"href":"https:\/\/roveyayinevi.com.tr\/index.php\/wp-json\/wp\/v2\/product_brand?post=772696"},{"taxonomy":"product_cat","embeddable":true,"href":"https:\/\/roveyayinevi.com.tr\/index.php\/wp-json\/wp\/v2\/product_cat?post=772696"},{"taxonomy":"product_tag","embeddable":true,"href":"https:\/\/roveyayinevi.com.tr\/index.php\/wp-json\/wp\/v2\/product_tag?post=772696"}],"curies":[{"name":"wp","href":"https:\/\/api.w.org\/{rel}","templated":true}]}}