{"id":772695,"date":"2025-08-28T15:49:13","date_gmt":"2025-08-28T12:49:13","guid":{"rendered":"https:\/\/roveyayinevi.com.tr\/index.php\/urun\/medalist-madalya-pesinde-4\/"},"modified":"2026-04-15T03:38:54","modified_gmt":"2026-04-15T00:38:54","slug":"medalist-madalya-pesinde-4","status":"publish","type":"product","link":"https:\/\/roveyayinevi.com.tr\/index.php\/urun\/medalist-madalya-pesinde-4\/","title":{"rendered":"Medalist \u2013 Madalya Pe\u015finde 4"},"content":{"rendered":"<p>Hayranl\u0131k duydu\u011fu olimpiyat g\u00fcm\u00fc\u015f madalyas\u0131 sahibi \u015eini\u00e7iro Sonidori\u2019nin o\u011flu Rio\u2019nu ko\u00e7lu\u011funu yapmas\u0131 istenen Tsukasa.   Ba\u015far\u0131l\u0131 bir ge\u00e7mi\u015fi olmayan Tsukasa\u2019y\u0131 k\u00fc\u00e7\u00fck g\u00f6ren Rio\u2019ya \u00f6fkelenen \u0130nori, ondan \u00f6nce \u00fc\u00e7l\u00fc+ikili komboyu yay\u0131p ulusal elemelerde acemiler A tak\u0131m\u0131 i\u00e7in yar\u0131\u015faca\u011f\u0131n\u0131 ilan eder.   Ulusal A tak\u0131m\u0131nda yar\u0131\u015fabilmesi i\u00e7in bu y\u0131l son \u015fans\u0131. \u0130nori, rakibi Hikaru ve Yodaka ile ay\u0131 sahneye \u00e7\u0131kabilmesi i\u00e7in Tsukasa\u2019n\u0131n haz\u0131rlad\u0131\u011f\u0131 \u00f6zel bir antrenman plan\u0131 ile yaz kamp\u0131na ba\u015flad\u0131! <\/p>\n","protected":false},"excerpt":{"rendered":"<p>Hayranl\u0131k duydu\u011fu olimpiyat g\u00fcm\u00fc\u015f madalyas\u0131 sahibi \u015eini\u00e7iro Sonidori\u2019nin o\u011flu Rio\u2019nu ko\u00e7lu\u011funu yapmas\u0131 istenen Tsukasa. Ba\u015far\u0131l\u0131 bir ge\u00e7mi\u015fi olmayan Tsukasa\u2019y\u0131 k\u00fc\u00e7\u00fck g\u00f6ren Rio\u2019ya \u00f6fkelenen \u0130nori, ondan \u00f6nce<span class=\"excerpt-hellip\"> [\u2026]<\/span><\/p>\n","protected":false},"featured_media":0,"template":"","meta":{"_monsterinsights_skip_tracking":false,"_monsterinsights_sitenote_active":false,"_monsterinsights_sitenote_note":"","_monsterinsights_sitenote_category":0},"product_brand":[],"product_cat":[12416,12291],"product_tag":[],"class_list":{"0":"post-772695","1":"product","2":"type-product","3":"status-publish","5":"product_cat-cizgi-roman","6":"product_cat-edebiyat","7":"pa_cilt-ciltsiz","8":"pa_tur-kitap","9":"pa_yayinevi-akil-celen-kitaplar","10":"pa_yazar-tsurumaikada","12":"first","13":"instock","14":"sale","15":"shipping-taxable","16":"purchasable","17":"product-type-simple"},"_links":{"self":[{"href":"https:\/\/roveyayinevi.com.tr\/index.php\/wp-json\/wp\/v2\/product\/772695","targetHints":{"allow":["GET"]}}],"collection":[{"href":"https:\/\/roveyayinevi.com.tr\/index.php\/wp-json\/wp\/v2\/product"}],"about":[{"href":"https:\/\/roveyayinevi.com.tr\/index.php\/wp-json\/wp\/v2\/types\/product"}],"wp:attachment":[{"href":"https:\/\/roveyayinevi.com.tr\/index.php\/wp-json\/wp\/v2\/media?parent=772695"}],"wp:term":[{"taxonomy":"product_brand","embeddable":true,"href":"https:\/\/roveyayinevi.com.tr\/index.php\/wp-json\/wp\/v2\/product_brand?post=772695"},{"taxonomy":"product_cat","embeddable":true,"href":"https:\/\/roveyayinevi.com.tr\/index.php\/wp-json\/wp\/v2\/product_cat?post=772695"},{"taxonomy":"product_tag","embeddable":true,"href":"https:\/\/roveyayinevi.com.tr\/index.php\/wp-json\/wp\/v2\/product_tag?post=772695"}],"curies":[{"name":"wp","href":"https:\/\/api.w.org\/{rel}","templated":true}]}}