{"id":772693,"date":"2025-08-28T15:49:08","date_gmt":"2025-08-28T12:49:08","guid":{"rendered":"https:\/\/roveyayinevi.com.tr\/index.php\/urun\/horimiya-horisan-ile-miyamurakun-14\/"},"modified":"2026-04-15T03:38:54","modified_gmt":"2026-04-15T00:38:54","slug":"horimiya-horisan-ile-miyamurakun-14","status":"publish","type":"product","link":"https:\/\/roveyayinevi.com.tr\/index.php\/urun\/horimiya-horisan-ile-miyamurakun-14\/","title":{"rendered":"Horimiya Horisan ile Miyamurakun 14"},"content":{"rendered":"<p>HOR\u0130SAN ile M\u0130YAMURAKUN   Horisan ile Miyamurakun\u2019un etkileyici hik\u00e2yesi devam ediyor!   \u00d6\u011frenci kurulu \u00fcyeleri genellikler \u00e7ok iyi arkada\u015ft\u0131r. Ancak bu durum, 7\/24 iyi ge\u00e7indikleri anlam\u0131na gelmez tabii\u2026 Aralar\u0131nda hararetli bir kavga patlak verdi\u011finde bu, s\u0131radan lise hayatlar\u0131n\u0131n deneyimleyecekleri bir ba\u015fka b\u00f6l\u00fcm\u00fc m\u00fc olacak, yoksa arkada\u015fl\u0131k sonsuza dek bozulacak m\u0131? <\/p>\n","protected":false},"excerpt":{"rendered":"<p>HOR\u0130SAN ile M\u0130YAMURAKUN Horisan ile Miyamurakun\u2019un etkileyici hik\u00e2yesi devam ediyor! \u00d6\u011frenci kurulu \u00fcyeleri genellikler \u00e7ok iyi arkada\u015ft\u0131r. Ancak bu durum, 7\/24 iyi ge\u00e7indikleri anlam\u0131na gelmez tabii\u2026<span class=\"excerpt-hellip\"> [\u2026]<\/span><\/p>\n","protected":false},"featured_media":0,"template":"","meta":{"_monsterinsights_skip_tracking":false,"_monsterinsights_sitenote_active":false,"_monsterinsights_sitenote_note":"","_monsterinsights_sitenote_category":0},"product_brand":[],"product_cat":[12416,12291],"product_tag":[],"class_list":{"0":"post-772693","1":"product","2":"type-product","3":"status-publish","5":"product_cat-cizgi-roman","6":"product_cat-edebiyat","7":"pa_cilt-ciltsiz","8":"pa_tur-kitap","9":"pa_yayinevi-akil-celen-kitaplar","10":"pa_yazar-hero","12":"first","13":"instock","14":"sale","15":"shipping-taxable","16":"purchasable","17":"product-type-simple"},"_links":{"self":[{"href":"https:\/\/roveyayinevi.com.tr\/index.php\/wp-json\/wp\/v2\/product\/772693","targetHints":{"allow":["GET"]}}],"collection":[{"href":"https:\/\/roveyayinevi.com.tr\/index.php\/wp-json\/wp\/v2\/product"}],"about":[{"href":"https:\/\/roveyayinevi.com.tr\/index.php\/wp-json\/wp\/v2\/types\/product"}],"wp:attachment":[{"href":"https:\/\/roveyayinevi.com.tr\/index.php\/wp-json\/wp\/v2\/media?parent=772693"}],"wp:term":[{"taxonomy":"product_brand","embeddable":true,"href":"https:\/\/roveyayinevi.com.tr\/index.php\/wp-json\/wp\/v2\/product_brand?post=772693"},{"taxonomy":"product_cat","embeddable":true,"href":"https:\/\/roveyayinevi.com.tr\/index.php\/wp-json\/wp\/v2\/product_cat?post=772693"},{"taxonomy":"product_tag","embeddable":true,"href":"https:\/\/roveyayinevi.com.tr\/index.php\/wp-json\/wp\/v2\/product_tag?post=772693"}],"curies":[{"name":"wp","href":"https:\/\/api.w.org\/{rel}","templated":true}]}}