{"id":772691,"date":"2025-08-28T15:49:06","date_gmt":"2025-08-28T12:49:06","guid":{"rendered":"https:\/\/roveyayinevi.com.tr\/index.php\/urun\/nasil-yapmali-what-is-to-be-done-ciltli\/"},"modified":"2026-04-15T03:38:54","modified_gmt":"2026-04-15T00:38:54","slug":"nasil-yapmali-what-is-to-be-done-ciltli","status":"publish","type":"product","link":"https:\/\/roveyayinevi.com.tr\/index.php\/urun\/nasil-yapmali-what-is-to-be-done-ciltli\/","title":{"rendered":"Nas\u0131l Yapmal\u0131? \/ What Is to Be Done? (Ciltli)"},"content":{"rendered":"<p>Sorunsalla\u015ft\u0131rmak, tasarlamak ve yapmak aras\u0131nda \u00e7ok s\u0131k\u0131 ba\u011flar var ve bu a\u015famalar\u0131n s\u0131ralan\u0131\u015f\u0131 de\u011fi\u015fse bile aralar\u0131ndaki s\u0131k\u0131 ba\u011flar hi\u00e7 de\u011fi\u015fmiyor. Bu y\u00fczden yapmay\u0131 bilmeli ya da ba\u015fka bir deyi\u015fle, yapma bilgisine sahip olmal\u0131y\u0131z. Mimarl\u0131k nesnelerinin hakikatini ancak o zaman anlayabiliriz. Anlad\u0131klar\u0131m\u0131z\u0131 anlamland\u0131rabilir, anlamland\u0131rd\u0131klar\u0131m\u0131z\u0131 da anlatabiliriz. B\u00f6ylelikle incelikli ayr\u0131nt\u0131larla tasarlanm\u0131\u015f mimarl\u0131k nesneleri toplumsal\/k\u00fclt\u00fcrel tart\u0131\u015fmalar\u0131n \u00f6zneleri olarak etkin olmas\u0131n\u0131 sa\u011flad\u0131klar\u0131 mimarl\u0131\u011f\u0131n mek\u00e2n tasarlamak kadar \u2018durum tasarlamak\u2019 oldu\u011funu da g\u00f6sterip \u015fimdi oldu\u011fundan daha iyi bir \u201catmosfer\u201dde ya\u015fayabilece\u011fimiz konusunda bizi ikna edebilir.   There are very tight connections between problematizing, designing, and making, and although the order of these stages may change, the tight connections between them remain constant. Therefore, we must know how to build, or in other words, possess the knowledge of building. Only then can we understand the truth of architectural objects. What we understand can be given meaning, and what we give meaning to can be narrated. In this way, architecturally refined objects, designed with subtle details, can demonstrate that architecture is not just about designing spaces but also about designing situations, thus convincing us that we can live in a better \u201catmosphere\u201d than we do now. <\/p>\n","protected":false},"excerpt":{"rendered":"<p>Sorunsalla\u015ft\u0131rmak, tasarlamak ve yapmak aras\u0131nda \u00e7ok s\u0131k\u0131 ba\u011flar var ve bu a\u015famalar\u0131n s\u0131ralan\u0131\u015f\u0131 de\u011fi\u015fse bile aralar\u0131ndaki s\u0131k\u0131 ba\u011flar hi\u00e7 de\u011fi\u015fmiyor. Bu y\u00fczden yapmay\u0131 bilmeli ya da<span class=\"excerpt-hellip\"> [\u2026]<\/span><\/p>\n","protected":false},"featured_media":0,"template":"","meta":{"_monsterinsights_skip_tracking":false,"_monsterinsights_sitenote_active":false,"_monsterinsights_sitenote_note":"","_monsterinsights_sitenote_category":0},"product_brand":[],"product_cat":[13512,12408],"product_tag":[],"class_list":{"0":"post-772691","1":"product","2":"type-product","3":"status-publish","5":"product_cat-mimarlik","6":"product_cat-sanat","7":"pa_cilt-ciltli","8":"pa_tur-kitap","9":"pa_yayinevi-yapi-kredi-yayinlari","10":"pa_yazar-nevzat-sayin","12":"first","13":"instock","14":"sale","15":"shipping-taxable","16":"purchasable","17":"product-type-simple"},"_links":{"self":[{"href":"https:\/\/roveyayinevi.com.tr\/index.php\/wp-json\/wp\/v2\/product\/772691","targetHints":{"allow":["GET"]}}],"collection":[{"href":"https:\/\/roveyayinevi.com.tr\/index.php\/wp-json\/wp\/v2\/product"}],"about":[{"href":"https:\/\/roveyayinevi.com.tr\/index.php\/wp-json\/wp\/v2\/types\/product"}],"wp:attachment":[{"href":"https:\/\/roveyayinevi.com.tr\/index.php\/wp-json\/wp\/v2\/media?parent=772691"}],"wp:term":[{"taxonomy":"product_brand","embeddable":true,"href":"https:\/\/roveyayinevi.com.tr\/index.php\/wp-json\/wp\/v2\/product_brand?post=772691"},{"taxonomy":"product_cat","embeddable":true,"href":"https:\/\/roveyayinevi.com.tr\/index.php\/wp-json\/wp\/v2\/product_cat?post=772691"},{"taxonomy":"product_tag","embeddable":true,"href":"https:\/\/roveyayinevi.com.tr\/index.php\/wp-json\/wp\/v2\/product_tag?post=772691"}],"curies":[{"name":"wp","href":"https:\/\/api.w.org\/{rel}","templated":true}]}}