{"id":772690,"date":"2025-08-28T15:49:04","date_gmt":"2025-08-28T12:49:04","guid":{"rendered":"https:\/\/roveyayinevi.com.tr\/index.php\/urun\/merakli-genc-zihinler-icin-cok-kisa-giris-kitaplari-evrenin-sirlari\/"},"modified":"2026-04-15T03:38:54","modified_gmt":"2026-04-15T00:38:54","slug":"merakli-genc-zihinler-icin-cok-kisa-giris-kitaplari-evrenin-sirlari","status":"publish","type":"product","link":"https:\/\/roveyayinevi.com.tr\/index.php\/urun\/merakli-genc-zihinler-icin-cok-kisa-giris-kitaplari-evrenin-sirlari\/","title":{"rendered":"Merakl\u0131 Gen\u00e7 Zihinler \u0130\u00e7in \u00c7ok K\u0131sa Giri\u015f Kitaplar\u0131  Evren\u2019in S\u0131rlar\u0131"},"content":{"rendered":"<p>Evren\u2019in ne kadar b\u00fcy\u00fck oldu\u011funu hi\u00e7 merak ettin mi? Peki \u0131\u015f\u0131k y\u0131l\u0131n\u0131n ne anlama geldi\u011fini \u00f6\u011frenmek istemez misin? Merakl\u0131 Gen\u00e7 Zihinler \u0130\u00e7in \u00c7ok K\u0131sa Giri\u015f Kitaplar\u0131 serisinin bu kitab\u0131, sana bilmen gereken her \u015feyi anlatacak. Bu kitap\u2026   Hem bug\u00fcne kadar sorulmu\u015f en \u00f6nemli sorular\u0131n baz\u0131lar\u0131na cevaplar veriyor hem de Evren\u2019in ak\u0131l s\u0131r ermez gizemlerinin ard\u0131ndaki ger\u00e7ekleri a\u00e7\u0131\u011fa \u00e7\u0131kar\u0131yor.   Bilim insanlar\u0131 gibi konu\u015fman i\u00e7in gereken bilgi, rakam ve kelimeleri \u00f6n\u00fcne seriyor.   Foto\u011fraflar, g\u00f6rseller, e\u011flenceli \u00e7izgi roman kesitleri ve Evren\u2019in ger\u00e7ek kahramanlar\u0131n\u0131n hik\u00e2yeleriyle sana ilham veriyor. <\/p>\n","protected":false},"excerpt":{"rendered":"<p>Evren\u2019in ne kadar b\u00fcy\u00fck oldu\u011funu hi\u00e7 merak ettin mi? Peki \u0131\u015f\u0131k y\u0131l\u0131n\u0131n ne anlama geldi\u011fini \u00f6\u011frenmek istemez misin? Merakl\u0131 Gen\u00e7 Zihinler \u0130\u00e7in \u00c7ok K\u0131sa Giri\u015f Kitaplar\u0131<span class=\"excerpt-hellip\"> [\u2026]<\/span><\/p>\n","protected":false},"featured_media":0,"template":"","meta":{"_monsterinsights_skip_tracking":false,"_monsterinsights_sitenote_active":false,"_monsterinsights_sitenote_note":"","_monsterinsights_sitenote_category":0},"product_brand":[],"product_cat":[12274,15842],"product_tag":[],"class_list":{"0":"post-772690","1":"product","2":"type-product","3":"status-publish","5":"product_cat-cocuk-ve-genclik-kitaplari","6":"product_cat-egitici-kitaplar","7":"pa_cilt-ciltsiz","8":"pa_tur-kitap","9":"pa_yayinevi-yapi-kredi-yayinlari","10":"pa_yazar-mike-goldsmith","12":"first","13":"instock","14":"sale","15":"shipping-taxable","16":"purchasable","17":"product-type-simple"},"_links":{"self":[{"href":"https:\/\/roveyayinevi.com.tr\/index.php\/wp-json\/wp\/v2\/product\/772690","targetHints":{"allow":["GET"]}}],"collection":[{"href":"https:\/\/roveyayinevi.com.tr\/index.php\/wp-json\/wp\/v2\/product"}],"about":[{"href":"https:\/\/roveyayinevi.com.tr\/index.php\/wp-json\/wp\/v2\/types\/product"}],"wp:attachment":[{"href":"https:\/\/roveyayinevi.com.tr\/index.php\/wp-json\/wp\/v2\/media?parent=772690"}],"wp:term":[{"taxonomy":"product_brand","embeddable":true,"href":"https:\/\/roveyayinevi.com.tr\/index.php\/wp-json\/wp\/v2\/product_brand?post=772690"},{"taxonomy":"product_cat","embeddable":true,"href":"https:\/\/roveyayinevi.com.tr\/index.php\/wp-json\/wp\/v2\/product_cat?post=772690"},{"taxonomy":"product_tag","embeddable":true,"href":"https:\/\/roveyayinevi.com.tr\/index.php\/wp-json\/wp\/v2\/product_tag?post=772690"}],"curies":[{"name":"wp","href":"https:\/\/api.w.org\/{rel}","templated":true}]}}